{"id":743686,"date":"2025-08-28T01:40:20","date_gmt":"2025-08-27T22:40:20","guid":{"rendered":"https:\/\/roveyayinevi.com.tr\/index.php\/urun\/talat-pasanin-evrak-i-metrukesi\/"},"modified":"2026-04-16T02:54:54","modified_gmt":"2026-04-15T23:54:54","slug":"talat-pasanin-evrak-i-metrukesi","status":"publish","type":"product","link":"https:\/\/roveyayinevi.com.tr\/index.php\/urun\/talat-pasanin-evrak-i-metrukesi\/","title":{"rendered":"Tal\u00e2t Pa\u015fa\u2019n\u0131n Evrak-\u0131 Metr\u00fbkesi"},"content":{"rendered":"<p>Bu kitap, 1915\u2019teki Ermeni tehciri konusunda tehcirin mimar\u0131 Sadrazam Mehmed Tal\u00e2t Pa\u015fa\u2019n\u0131n \u00f6zel ar\u015fivinde bulunan ve \u015fimdiye kadar yay\u0131nlanmam\u0131\u015f belgelerden meydana geliyor. Pa\u015fa tehcir \u00f6ncesindeki Ermeni n\u00fcfusu, ka\u00e7 Ermeni\u2019nin nereden nereye g\u00f6nderildi\u011fi ve tehcir sonras\u0131ndaki Ermeni n\u00fcfusunun ne oldu\u011fu gibi senelerdir tart\u0131\u015f\u0131lan konulara \u015fahs\u00ee kay\u0131tlar\u0131na dayanarak bizzat cevap veriyor.   Murat Bardak\u00e7\u0131\u2019n\u0131n, ba\u015fta Tal\u00e2t Pa\u015fa olmak \u00fczere \u0130ttihad ve Terakk\u00ee liderlerinin ailelerinden elde etti\u011fi bu belgelerin yay\u0131nlanmas\u0131yla, Ermeni tehciri ile ilgili ger\u00e7ek say\u0131lar ilk kez ortaya \u00e7\u0131k\u0131yor.   \u201c&#8230;Bardak\u00e7\u0131 tehcir say\u0131lar\u0131n\u0131n kesinlikle bilinmesi gerekti\u011fini s\u00f6yl\u00fcyor ama say\u0131lar hakk\u0131nda yorum yapmay\u0131 \u0131srarla reddediyor, karar\u0131 okuyucunun vermesini istiyor ve bunu sa\u011flaman\u0131n en iyi yolunun da konuyu senelerden buyana buland\u0131ran duygusal ve abart\u0131l\u0131 ifadelere kar\u015f\u0131 so\u011fuk ve kat\u0131 ger\u00e7eklerin g\u00f6zler \u00f6n\u00fcne serilmesinden ge\u00e7ti\u011fini vurguluyor&#8230;\u201d The New York Times <\/p>\n","protected":false},"excerpt":{"rendered":"<p>Bu kitap, 1915\u2019teki Ermeni tehciri konusunda tehcirin mimar\u0131 Sadrazam Mehmed Tal\u00e2t Pa\u015fa\u2019n\u0131n \u00f6zel ar\u015fivinde bulunan ve \u015fimdiye kadar yay\u0131nlanmam\u0131\u015f belgelerden meydana geliyor. Pa\u015fa tehcir \u00f6ncesindeki Ermeni<span class=\"excerpt-hellip\"> [\u2026]<\/span><\/p>\n","protected":false},"featured_media":0,"template":"","meta":{"_monsterinsights_skip_tracking":false,"_monsterinsights_sitenote_active":false,"_monsterinsights_sitenote_note":"","_monsterinsights_sitenote_category":0},"product_brand":[],"product_cat":[12312,12304],"product_tag":[],"class_list":{"0":"post-743686","1":"product","2":"type-product","3":"status-publish","5":"product_cat-diger","6":"product_cat-tarih","7":"pa_cilt-ciltsiz","8":"pa_tur-kitap","9":"pa_yayinevi-turkuvaz-kitap","10":"pa_yazar-murat-bardakci","12":"first","13":"instock","14":"sale","15":"shipping-taxable","16":"purchasable","17":"product-type-simple"},"_links":{"self":[{"href":"https:\/\/roveyayinevi.com.tr\/index.php\/wp-json\/wp\/v2\/product\/743686","targetHints":{"allow":["GET"]}}],"collection":[{"href":"https:\/\/roveyayinevi.com.tr\/index.php\/wp-json\/wp\/v2\/product"}],"about":[{"href":"https:\/\/roveyayinevi.com.tr\/index.php\/wp-json\/wp\/v2\/types\/product"}],"wp:attachment":[{"href":"https:\/\/roveyayinevi.com.tr\/index.php\/wp-json\/wp\/v2\/media?parent=743686"}],"wp:term":[{"taxonomy":"product_brand","embeddable":true,"href":"https:\/\/roveyayinevi.com.tr\/index.php\/wp-json\/wp\/v2\/product_brand?post=743686"},{"taxonomy":"product_cat","embeddable":true,"href":"https:\/\/roveyayinevi.com.tr\/index.php\/wp-json\/wp\/v2\/product_cat?post=743686"},{"taxonomy":"product_tag","embeddable":true,"href":"https:\/\/roveyayinevi.com.tr\/index.php\/wp-json\/wp\/v2\/product_tag?post=743686"}],"curies":[{"name":"wp","href":"https:\/\/api.w.org\/{rel}","templated":true}]}}