{"id":743685,"date":"2025-08-28T01:40:19","date_gmt":"2025-08-27T22:40:19","guid":{"rendered":"https:\/\/roveyayinevi.com.tr\/index.php\/urun\/iktisadi-konulara-davranissal-yaklasim-ii\/"},"modified":"2026-04-16T02:54:54","modified_gmt":"2026-04-15T23:54:54","slug":"iktisadi-konulara-davranissal-yaklasim-ii","status":"publish","type":"product","link":"https:\/\/roveyayinevi.com.tr\/index.php\/urun\/iktisadi-konulara-davranissal-yaklasim-ii\/","title":{"rendered":"\u0130ktisadi Konulara Davran\u0131\u015fsal Yakla\u015f\u0131m II"},"content":{"rendered":"<p>B\u0130REYLER\u0130N PARAYA VE D\u00d6V\u0130Z KURUNA Y\u00d6NEL\u0130K TUTUMLARININD\u00dcRT\u00dcSEL SATIN ALMA DAVRANI\u015eLARI\u00dcZER\u0130NDEK\u0130 ETK\u0130S\u0130: BLACKFRIDAY \u00d6RNE\u011e\u0130\u00b7 PAYLA\u015eIM EKONOM\u0130S\u0130NDE \u0130\u015e B\u0130RL\u0130K\u00c7\u0130 T\u00dcKET\u0130M DAVRANI\u015eI VEONL\u0130NE T\u00dcKET\u0130C\u0130LER\u00b7 DUYGULANIM KISAYOLU\u00b7 WELLBEING ALI\u015eKANLIKLARININ T\u00dcKET\u0130M DAVRANI\u015eLARINAETK\u0130S\u0130N\u0130N HEDON\u0130K PERSPEKT\u0130FTEN \u0130NCELENMES\u0130\u00b7 SABR\u0130 \u00dcLGENER\u2019\u0130N TESP\u0130TLER\u0130 \u00dcZER\u0130NDEN T\u00dcRK TOPLUMUNUN\u0130KT\u0130SAD\u0130 DAVRANI\u015eLARININ\u00b7 DE\u011eERLEND\u0130R\u0130LMES\u0130\u00b7 \u0130KT\u0130SAD\u0130 KARARLARIN DAVRANI\u015eSAL \u0130KT\u0130SAT \u00c7ER\u00c7EVES\u0130NDE ELEALINMASI\u00b7 KARAR VERMEDE S\u00dcR\u00dc DAVRANI\u015eI VE SAH\u0130PL\u0130K ETK\u0130S\u0130 \u00dcZER\u0130NE B\u0130RARA\u015eTIRMA\u00b7 YATIRIMCI DUYARLILI\u011eI<\/p>\n","protected":false},"excerpt":{"rendered":"<p>B\u0130REYLER\u0130N PARAYA VE D\u00d6V\u0130Z KURUNA Y\u00d6NEL\u0130K TUTUMLARININD\u00dcRT\u00dcSEL SATIN ALMA DAVRANI\u015eLARI\u00dcZER\u0130NDEK\u0130 ETK\u0130S\u0130: BLACKFRIDAY \u00d6RNE\u011e\u0130\u00b7 PAYLA\u015eIM EKONOM\u0130S\u0130NDE \u0130\u015e B\u0130RL\u0130K\u00c7\u0130 T\u00dcKET\u0130M DAVRANI\u015eI VEONL\u0130NE T\u00dcKET\u0130C\u0130LER\u00b7 DUYGULANIM KISAYOLU\u00b7 WELLBEING ALI\u015eKANLIKLARININ T\u00dcKET\u0130M<span class=\"excerpt-hellip\"> [\u2026]<\/span><\/p>\n","protected":false},"featured_media":0,"template":"","meta":{"_monsterinsights_skip_tracking":false,"_monsterinsights_sitenote_active":false,"_monsterinsights_sitenote_note":"","_monsterinsights_sitenote_category":0},"product_brand":[],"product_cat":[20333,13043],"product_tag":[],"class_list":{"0":"post-743685","1":"product","2":"type-product","3":"status-publish","5":"product_cat-diger-ekonomi","6":"product_cat-ekonomi","7":"pa_cilt-ciltsiz","8":"pa_tur-kitap","9":"pa_yayinevi-gazi-kitabevi","10":"pa_yazar-kolektif","12":"first","13":"instock","14":"sale","15":"shipping-taxable","16":"purchasable","17":"product-type-simple"},"_links":{"self":[{"href":"https:\/\/roveyayinevi.com.tr\/index.php\/wp-json\/wp\/v2\/product\/743685","targetHints":{"allow":["GET"]}}],"collection":[{"href":"https:\/\/roveyayinevi.com.tr\/index.php\/wp-json\/wp\/v2\/product"}],"about":[{"href":"https:\/\/roveyayinevi.com.tr\/index.php\/wp-json\/wp\/v2\/types\/product"}],"wp:attachment":[{"href":"https:\/\/roveyayinevi.com.tr\/index.php\/wp-json\/wp\/v2\/media?parent=743685"}],"wp:term":[{"taxonomy":"product_brand","embeddable":true,"href":"https:\/\/roveyayinevi.com.tr\/index.php\/wp-json\/wp\/v2\/product_brand?post=743685"},{"taxonomy":"product_cat","embeddable":true,"href":"https:\/\/roveyayinevi.com.tr\/index.php\/wp-json\/wp\/v2\/product_cat?post=743685"},{"taxonomy":"product_tag","embeddable":true,"href":"https:\/\/roveyayinevi.com.tr\/index.php\/wp-json\/wp\/v2\/product_tag?post=743685"}],"curies":[{"name":"wp","href":"https:\/\/api.w.org\/{rel}","templated":true}]}}