{"id":743684,"date":"2025-08-28T01:40:18","date_gmt":"2025-08-27T22:40:18","guid":{"rendered":"https:\/\/roveyayinevi.com.tr\/index.php\/urun\/izmirden-bursaya-yunan-mezalimi\/"},"modified":"2026-04-16T02:54:54","modified_gmt":"2026-04-15T23:54:54","slug":"izmirden-bursaya-yunan-mezalimi","status":"publish","type":"product","link":"https:\/\/roveyayinevi.com.tr\/index.php\/urun\/izmirden-bursaya-yunan-mezalimi\/","title":{"rendered":"\u0130zmir&#8217;den Bursa&#8217;ya Yunan Mezalimi"},"content":{"rendered":"<p>B\u00fcy\u00fck T\u00fcrk yazarlar\u0131n\u0131n bizzat g\u00f6zlemlerine dayanan, ilk bask\u0131s\u0131 1922 y\u0131l\u0131nda yay\u0131mlanan ve yeniden yay\u0131m\u0131 g\u00fczel bir tesad\u00fcfle hem kitab\u0131n &#8216;ilk bask\u0131&#8217;s\u0131n\u0131n hem de &#8216;b\u00fcy\u00fck zafer&#8217;in 100. y\u0131l\u0131na denk gelen bu eseri her vatanda\u015f\u0131m\u0131z\u0131n okumas\u0131 gerekir. Veli \u015eirin \/ Tarih\u00e7i-Yazar   &#8220;\u0130zmir\u2019den Bursa\u2019ya Yunan Mezalimi&#8217;ndeki hik\u00e2ye ve g\u00f6zlemlerin en b\u00fcy\u00fck \u00f6zelli\u011fi ya\u015fanm\u0131\u015f facialar\u0131 devrin b\u00fcy\u00fck kalemleriyle tespit etmesidir. Bu hik\u00e2yelerin insan\u0131n i\u00e7ini kanatan, \u0131st\u0131rapla titreten bir cephesi vard\u0131r. Gelecek felaketleri \u00f6nlemek, ancak \u00f6ncekilerin bilinmesi ve onlardan ders al\u0131nmas\u0131yla kabildir. Sava\u015flar tarih kitaplar\u0131nda bir iki sayfa i\u00e7inde \u00f6zetlenirken, o g\u00fcnleri ya\u015fam\u0131\u015f fertlerin \u0131st\u0131raplar\u0131 ve s\u0131k\u0131nt\u0131lar\u0131 arka planda kal\u0131r. Ama sava\u015f\u0131n as\u0131l facias\u0131n\u0131 tek tek insanlar ya\u015fam\u0131\u015flard\u0131r. Bu tecr\u00fcbelerin yak\u0131ndan bilinmesiyle insan kendi tarihini canl\u0131 olarak tan\u0131r. Bu ferd\u00ee tecr\u00fcbelerin sonraki nesillere aktar\u0131lmas\u0131 ve \u00f6l\u00fcms\u00fczle\u015ftirilmesi ise o g\u00fcnleri ya\u015fam\u0131\u015f sanatk\u00e2rlara d\u00fc\u015fer. Bu kitapta yaz\u0131lar\u0131 yer alan sanatk\u00e2rlar, \u00fczerine d\u00fc\u015fen bu g\u00f6revi yapm\u0131\u015flard\u0131r.&#8221; Fevzi L\u00fctfi\u2019nin \u015fu s\u00f6zleri her \u015feyi anlat\u0131r niteliktedir: \u201c93\u2019teki facialar gibi, Balkan Sava\u015f\u0131\u2019ndaki katliamlar gibi belki bir g\u00fcn Anadolu yang\u0131nlar\u0131n\u0131 ve katliamlar\u0131n\u0131 da unutabilirdik fakat art\u0131k bug\u00fcn buna imk\u00e2n yoktur. \u0130zmir\u2019den Bursa\u2019ya Yunan Mezalimi&#8217;ndeki kitab\u0131 b\u00fct\u00fcn o harabe k\u00fcllerinin T\u00fcrk kemiklerinin ve havaya kar\u0131\u015fan masum feryatlar\u0131n\u0131n en yan\u0131k ni\u015fanesi olarak duruyor.\u201d  \u201cBu kitap yaln\u0131z yazarlar\u0131 i\u00e7in de\u011fil, b\u00fct\u00fcn T\u00fcrk yazarlar\u0131 ve T\u00fcrk milleti i\u00e7in yeni bir yolun, kendi yolumuzun, memleket yolunun rehberidir. Bu yola dudaklar\u0131nda bu k\u00fc\u00e7\u00fck kitaptaki zehrin ac\u0131 tebess\u00fcm\u00fcyle giren bu yazarlar bir zaman sonra bakacaklar ki geride b\u0131rakt\u0131klar\u0131 \u015feyler en bo\u015f \u015feyler de\u011filse bile yeni bulduklar\u0131 kadar dolu de\u011fildir.\u201d \u201c\u015eimdiye kadar T\u00fcrk edebiyat\u0131nda mill\u00eelik hasreti vard\u0131, lakin bunun ne oldu\u011funu kimse fark etmiyordu. Esasen o aramakla, mant\u0131kla bulunmazd\u0131. \u0130zmir\u2019den Bursa\u2019ya Yunan Mezalimi&#8217;ndeki i kitab\u0131 bu hasretin m\u00fcjdecisidir. Onu, yazarlar\u0131 memleketin harap yollar\u0131nda \u0131st\u0131raplar\u0131n i\u00e7inde buldular ve heder etmediler.\u201d \u201cBu kitap ani parlayan bir nurdur. Bu nuru devam ettirmek ve sanat yolunun k\u00f6\u015fe ba\u015flar\u0131nda bir me\u015fale kuvvetiyle yakabilmek h\u00fcnerini g\u00f6stermelidir. \u0130\u015fte bu h\u00fcneri g\u00f6sterdi\u011fimiz g\u00fcnd\u00fcr ki T\u00fcrk edebiyat\u0131 kendi i\u00e7inden f\u0131\u015fk\u0131ran bir kudret haline girecektir. Bu kitap, bu b\u00fcy\u00fck kudretin ilk hamlesidir.\u201d <\/p>\n","protected":false},"excerpt":{"rendered":"<p>B\u00fcy\u00fck T\u00fcrk yazarlar\u0131n\u0131n bizzat g\u00f6zlemlerine dayanan, ilk bask\u0131s\u0131 1922 y\u0131l\u0131nda yay\u0131mlanan ve yeniden yay\u0131m\u0131 g\u00fczel bir tesad\u00fcfle hem kitab\u0131n &#8216;ilk bask\u0131&#8217;s\u0131n\u0131n hem de &#8216;b\u00fcy\u00fck zafer&#8217;in 100.<span class=\"excerpt-hellip\"> [\u2026]<\/span><\/p>\n","protected":false},"featured_media":0,"template":"","meta":{"_monsterinsights_skip_tracking":false,"_monsterinsights_sitenote_active":false,"_monsterinsights_sitenote_note":"","_monsterinsights_sitenote_category":0},"product_brand":[],"product_cat":[12291,12745],"product_tag":[],"class_list":{"0":"post-743684","1":"product","2":"type-product","3":"status-publish","5":"product_cat-edebiyat","6":"product_cat-tarihi-roman","7":"pa_cilt-ciltsiz","8":"pa_tur-kitap","9":"pa_yayinevi-pozitif-yayinlari","10":"pa_yazar-kolektif","12":"first","13":"instock","14":"sale","15":"shipping-taxable","16":"purchasable","17":"product-type-simple"},"_links":{"self":[{"href":"https:\/\/roveyayinevi.com.tr\/index.php\/wp-json\/wp\/v2\/product\/743684","targetHints":{"allow":["GET"]}}],"collection":[{"href":"https:\/\/roveyayinevi.com.tr\/index.php\/wp-json\/wp\/v2\/product"}],"about":[{"href":"https:\/\/roveyayinevi.com.tr\/index.php\/wp-json\/wp\/v2\/types\/product"}],"wp:attachment":[{"href":"https:\/\/roveyayinevi.com.tr\/index.php\/wp-json\/wp\/v2\/media?parent=743684"}],"wp:term":[{"taxonomy":"product_brand","embeddable":true,"href":"https:\/\/roveyayinevi.com.tr\/index.php\/wp-json\/wp\/v2\/product_brand?post=743684"},{"taxonomy":"product_cat","embeddable":true,"href":"https:\/\/roveyayinevi.com.tr\/index.php\/wp-json\/wp\/v2\/product_cat?post=743684"},{"taxonomy":"product_tag","embeddable":true,"href":"https:\/\/roveyayinevi.com.tr\/index.php\/wp-json\/wp\/v2\/product_tag?post=743684"}],"curies":[{"name":"wp","href":"https:\/\/api.w.org\/{rel}","templated":true}]}}