{"id":743683,"date":"2025-08-28T01:40:17","date_gmt":"2025-08-27T22:40:17","guid":{"rendered":"https:\/\/roveyayinevi.com.tr\/index.php\/urun\/huseyin-zekai-pasa-turk-sanatinin-buyuk-ustalari-6\/"},"modified":"2026-03-12T03:03:33","modified_gmt":"2026-03-12T00:03:33","slug":"huseyin-zekai-pasa-turk-sanatinin-buyuk-ustalari-6","status":"publish","type":"product","link":"https:\/\/roveyayinevi.com.tr\/index.php\/urun\/huseyin-zekai-pasa-turk-sanatinin-buyuk-ustalari-6\/","title":{"rendered":"H\u00fcseyin Zekai Pa\u015fa &#8211; T\u00fcrk Sanat\u0131n\u0131n B\u00fcy\u00fck Ustalar\u0131 6"},"content":{"rendered":"<p>Hen\u00fcz k\u00fc\u00e7\u00fck bir \u00e7ocukken resme ilgi duyan H\u00fcseyin Zek\u00e2\u00ee Pa\u015fa, ilkokul kitaplar\u0131n\u0131n aras\u0131na resim defteri koydu\u011fu i\u00e7in falakaya yat\u0131r\u0131lm\u0131\u015fsa da bu ilgisini hi\u00e7 yitirmedi. E\u011fitim hayat\u0131na askeri r\u00fc\u015ftiyede ve Kuleli Askeri \u0130dadisi\u2019nde devam eden gen\u00e7 H\u00fcseyin Zek\u00e2\u00ee, kendisi gibi resim tutkunu arkada\u015f\u0131 Hoca Ali R\u0131za ile birlikte idadide bir resimh\u00e2ne kurulmas\u0131 i\u00e7in giri\u015fimlerde bulundu. S\u00fcleyman Seyyid\u2019den resim dersleri ald\u0131\u011f\u0131 Mekteb-i Harbiye\u2019de ilk resim \u00f6d\u00fcl\u00fcn\u00fc Sultan II. Abd\u00fclhamid\u2019e sunulan eseriyle kazand\u0131.Sanat kariyeri boyunca Y\u0131ld\u0131z \u00c7ini Fabrikas\u0131 i\u00e7in tasar\u0131mlar yapt\u0131, Sultan II. Abd\u00fclhamid i\u00e7in foto\u011fraf alb\u00fcmlerinin haz\u0131rlanmas\u0131 amac\u0131yla kurulan komisyonda g\u00f6rev ald\u0131, askeri m\u00fcze kurulmas\u0131 i\u00e7in olu\u015fturulan komisyonun \u00fcyesi oldu. Entelekt\u00fcel ki\u015fili\u011fi sayesinde mihmandarl\u0131k yapt\u0131\u011f\u0131 ve aralar\u0131nda Paul Signac\u2019\u0131n da bulundu\u011fu pek \u00e7ok Avrupal\u0131 sanat\u00e7\u0131y\u0131 \u00dcsk\u00fcdar\u2019daki evinde a\u011f\u0131rlad\u0131. Onlarla gerek sanata gerekse d\u00fcnyaya dair g\u00f6r\u00fc\u015fleri hakk\u0131nda sohbet etti. Manzara ve nat\u00fcrmort a\u011f\u0131rl\u0131kl\u0131 eserleriyle dikkat \u00e7eken H\u00fcseyin Zek\u00e2\u00ee Pa\u015fa, koleksiyonculu\u011fuyla da sayg\u0131 g\u00f6ren bir asker olarak ya\u015fam\u0131n\u0131n sonuna kadar resim yapt\u0131.\u201cT\u00fcrk Sanat\u0131n\u0131n B\u00fcy\u00fck Ustalar\u0131\u201d serisinin alt\u0131nc\u0131 kitab\u0131 H\u00fcseyin Zek\u00e2\u00ee Pa\u015fa, duru \u00fcslubuyla ger\u00e7ek\u00e7i betimlemelere y\u00f6nelen bir ressam\u0131n ya\u015fam \u00f6yk\u00fcs\u00fcn\u00fcn yan\u0131 s\u0131ra kompozisyonlar\u0131 hakk\u0131nda da bilgi veriyor. Okuru, ressam\u0131n karma\u015f\u0131k g\u00f6r\u00fcnen nat\u00fcrmortlar\u0131 ile olabildi\u011fince sade manzara resimleri aras\u0131ndaki fark \u00fczerinde d\u00fc\u015f\u00fcnmeye sevk ediyor. Bat\u0131 resmi gelene\u011finde eserler \u00fcreten ve ya\u015fad\u0131\u011f\u0131 d\u00f6nemde nezaketiyle \u00fcnlenmi\u015f H\u00fcseyin Zek\u00e2\u00ee Pa\u015fa\u2019n\u0131n d\u0131\u015far\u0131ya kar\u015f\u0131 kapal\u0131 tuttu\u011fu i\u00e7 d\u00fcnyas\u0131na resimleri vas\u0131tas\u0131yla girilmesine yard\u0131mc\u0131 oluyor ve okuru, o d\u00fcnyay\u0131 ke\u015ffetmeye te\u015fvik ediyor.<\/p>\n","protected":false},"excerpt":{"rendered":"<p>Hen\u00fcz k\u00fc\u00e7\u00fck bir \u00e7ocukken resme ilgi duyan H\u00fcseyin Zek\u00e2\u00ee Pa\u015fa, ilkokul kitaplar\u0131n\u0131n aras\u0131na resim defteri koydu\u011fu i\u00e7in falakaya yat\u0131r\u0131lm\u0131\u015fsa da bu ilgisini hi\u00e7 yitirmedi. E\u011fitim hayat\u0131na<span class=\"excerpt-hellip\"> [\u2026]<\/span><\/p>\n","protected":false},"featured_media":0,"template":"","meta":{"_monsterinsights_skip_tracking":false,"_monsterinsights_sitenote_active":false,"_monsterinsights_sitenote_note":"","_monsterinsights_sitenote_category":0},"product_brand":[],"product_cat":[15733,12408],"product_tag":[],"class_list":{"0":"post-743683","1":"product","2":"type-product","3":"status-publish","5":"product_cat-resim","6":"product_cat-sanat","7":"pa_cilt-ciltsiz","8":"pa_tur-kitap","9":"pa_yayinevi-hayalperest-yayinlari","10":"pa_yazar-nilufer-ondin","12":"first","13":"instock","14":"sale","15":"shipping-taxable","16":"purchasable","17":"product-type-simple"},"_links":{"self":[{"href":"https:\/\/roveyayinevi.com.tr\/index.php\/wp-json\/wp\/v2\/product\/743683","targetHints":{"allow":["GET"]}}],"collection":[{"href":"https:\/\/roveyayinevi.com.tr\/index.php\/wp-json\/wp\/v2\/product"}],"about":[{"href":"https:\/\/roveyayinevi.com.tr\/index.php\/wp-json\/wp\/v2\/types\/product"}],"wp:attachment":[{"href":"https:\/\/roveyayinevi.com.tr\/index.php\/wp-json\/wp\/v2\/media?parent=743683"}],"wp:term":[{"taxonomy":"product_brand","embeddable":true,"href":"https:\/\/roveyayinevi.com.tr\/index.php\/wp-json\/wp\/v2\/product_brand?post=743683"},{"taxonomy":"product_cat","embeddable":true,"href":"https:\/\/roveyayinevi.com.tr\/index.php\/wp-json\/wp\/v2\/product_cat?post=743683"},{"taxonomy":"product_tag","embeddable":true,"href":"https:\/\/roveyayinevi.com.tr\/index.php\/wp-json\/wp\/v2\/product_tag?post=743683"}],"curies":[{"name":"wp","href":"https:\/\/api.w.org\/{rel}","templated":true}]}}