{"id":743682,"date":"2025-08-28T01:40:16","date_gmt":"2025-08-27T22:40:16","guid":{"rendered":"https:\/\/roveyayinevi.com.tr\/index.php\/urun\/buz-cocuk-ka-ya-yeni-bir-arkadas-2\/"},"modified":"2026-04-12T02:59:25","modified_gmt":"2026-04-11T23:59:25","slug":"buz-cocuk-ka-ya-yeni-bir-arkadas-2","status":"publish","type":"product","link":"https:\/\/roveyayinevi.com.tr\/index.php\/urun\/buz-cocuk-ka-ya-yeni-bir-arkadas-2\/","title":{"rendered":"Buz \u00c7ocuk Ka-Ya Yeni Bir Arkada\u015f 2"},"content":{"rendered":"<p>Buz \u00c7ocuk Ka-Ya Yeni Bir Arkada\u015f 2, bir devam \u00f6yk\u00fcs\u00fcd\u00fcr. Buzul \u00c7a\u011f\u2019\u0131ndan g\u00fcn\u00fcm\u00fcz akranlar\u0131na seslenen Ka-Ya\u2019n\u0131n en b\u00fcy\u00fck derdi ailesiyle aralar\u0131nda ya\u015fad\u0131\u011f\u0131 k\u00fc\u00e7\u00fck avc\u0131 grubunda hi\u00e7 akran\u0131 olmamas\u0131d\u0131r. Neyse ki tesad\u00fcf eseri bir arkada\u015f\u0131 olur; fiziki g\u00f6r\u00fcn\u00fcm\u00fc, dili, k\u0131yafetleri kendisinden \u00e7ok farkl\u0131 olsa da onunla g\u00fczel bir yaz mevsimi ge\u00e7irir. Ta\u015f aletlerin yap\u0131m\u0131, k\u0131\u015fl\u0131k erzaklar\u0131n haz\u0131rlanmas\u0131, ya\u015fl\u0131lar\u0131n bak\u0131m\u0131 gibi Yontma Ta\u015f Devri insanlar\u0131n\u0131n g\u00fcnl\u00fck hayat\u0131ndan kesitler yine Ka-Ya\u2019n\u0131n \u00f6yk\u00fcs\u00fcn\u00fcn birer par\u00e7as\u0131d\u0131r. <\/p>\n","protected":false},"excerpt":{"rendered":"<p>Buz \u00c7ocuk Ka-Ya Yeni Bir Arkada\u015f 2, bir devam \u00f6yk\u00fcs\u00fcd\u00fcr. Buzul \u00c7a\u011f\u2019\u0131ndan g\u00fcn\u00fcm\u00fcz akranlar\u0131na seslenen Ka-Ya\u2019n\u0131n en b\u00fcy\u00fck derdi ailesiyle aralar\u0131nda ya\u015fad\u0131\u011f\u0131 k\u00fc\u00e7\u00fck avc\u0131 grubunda hi\u00e7<span class=\"excerpt-hellip\"> [\u2026]<\/span><\/p>\n","protected":false},"featured_media":0,"template":"","meta":{"_monsterinsights_skip_tracking":false,"_monsterinsights_sitenote_active":false,"_monsterinsights_sitenote_note":"","_monsterinsights_sitenote_category":0},"product_brand":[],"product_cat":[12274,12284],"product_tag":[],"class_list":{"0":"post-743682","1":"product","2":"type-product","3":"status-publish","5":"product_cat-cocuk-ve-genclik-kitaplari","6":"product_cat-hikayeler","7":"pa_cilt-ciltsiz","8":"pa_tur-kitap","9":"pa_yayinevi-tiyam-yayinevi","10":"pa_yazar-n-serpil-altuntek","12":"first","13":"instock","14":"sale","15":"shipping-taxable","16":"purchasable","17":"product-type-simple"},"_links":{"self":[{"href":"https:\/\/roveyayinevi.com.tr\/index.php\/wp-json\/wp\/v2\/product\/743682","targetHints":{"allow":["GET"]}}],"collection":[{"href":"https:\/\/roveyayinevi.com.tr\/index.php\/wp-json\/wp\/v2\/product"}],"about":[{"href":"https:\/\/roveyayinevi.com.tr\/index.php\/wp-json\/wp\/v2\/types\/product"}],"wp:attachment":[{"href":"https:\/\/roveyayinevi.com.tr\/index.php\/wp-json\/wp\/v2\/media?parent=743682"}],"wp:term":[{"taxonomy":"product_brand","embeddable":true,"href":"https:\/\/roveyayinevi.com.tr\/index.php\/wp-json\/wp\/v2\/product_brand?post=743682"},{"taxonomy":"product_cat","embeddable":true,"href":"https:\/\/roveyayinevi.com.tr\/index.php\/wp-json\/wp\/v2\/product_cat?post=743682"},{"taxonomy":"product_tag","embeddable":true,"href":"https:\/\/roveyayinevi.com.tr\/index.php\/wp-json\/wp\/v2\/product_tag?post=743682"}],"curies":[{"name":"wp","href":"https:\/\/api.w.org\/{rel}","templated":true}]}}