{"id":743680,"date":"2025-08-28T01:40:14","date_gmt":"2025-08-27T22:40:14","guid":{"rendered":"https:\/\/roveyayinevi.com.tr\/index.php\/urun\/perapolis-ciltli\/"},"modified":"2026-04-16T02:54:53","modified_gmt":"2026-04-15T23:54:53","slug":"perapolis-ciltli","status":"publish","type":"product","link":"https:\/\/roveyayinevi.com.tr\/index.php\/urun\/perapolis-ciltli\/","title":{"rendered":"Perapolis (Ciltli)"},"content":{"rendered":"<p>Osmanl\u0131 polis tarihine ili\u015fkin yap\u0131lan \u00e7al\u0131\u015fmalar\u0131n say\u0131s\u0131 her ge\u00e7en g\u00fcn artmaktad\u0131r. Te\u015fkilat\u0131n merkezdeki yap\u0131lanma ve faaliyetlerine ili\u015fkin s\u00f6ylenecek yeni s\u00f6zler kalmad\u0131\u011f\u0131n\u0131 d\u00fc\u015f\u00fcnen gen\u00e7 ara\u015ft\u0131rmac\u0131lar genellikle y\u00fcr\u00fctt\u00fckleri tez \u00e7al\u0131\u015fmalar\u0131 kapsam\u0131nda son d\u00f6nem Osmanl\u0131 polisinin ta\u015fradaki olu\u015fum ve geli\u015fimine odaklanma yahut polisle al\u00e2kal\u0131 daha \u00f6zel konulara y\u00f6nelme e\u011filimindedirler. Her bir \u00e7al\u0131\u015fman\u0131n takdire \u015fayan bir eme\u011fin mahsul\u00fc oldu\u011fu muhakkakt\u0131r. Ancak bahsedilen \u00e7al\u0131\u015fmalara tarih\u00ee temel te\u015fkil etmek amac\u0131yla istifade edilen eserlerin kuvvetli bir tadilata, hatta baz\u0131lar\u0131n\u0131n tamam\u0131yla y\u0131k\u0131lmaya muhta\u00e7 olduklar\u0131 g\u00f6zlemlenmi\u015ftir.  Dikkat \u00e7ekilen ve i\u00e7erisinde y\u00fcksek dozda iddia bar\u0131nd\u0131ran g\u00f6zlemin arka plan\u0131nda baz\u0131 ilgi \u00e7ekici profiller \u00fczerinden Osmanl\u0131 polisinin sosyal ve meslek\u00ee ya\u015fant\u0131s\u0131na ili\u015fkin bir \u00e7al\u0131\u015fma ger\u00e7ekle\u015ftirmek y\u00f6n\u00fcnde beliren bir istek bulunmaktad\u0131r. O istek istikametinde koyuldu\u011fumuz yolun sonu Osmanl\u0131 polisinin ba\u015flang\u0131c\u0131na \u00e7\u0131km\u0131\u015ft\u0131r. <\/p>\n","protected":false},"excerpt":{"rendered":"<p>Osmanl\u0131 polis tarihine ili\u015fkin yap\u0131lan \u00e7al\u0131\u015fmalar\u0131n say\u0131s\u0131 her ge\u00e7en g\u00fcn artmaktad\u0131r. Te\u015fkilat\u0131n merkezdeki yap\u0131lanma ve faaliyetlerine ili\u015fkin s\u00f6ylenecek yeni s\u00f6zler kalmad\u0131\u011f\u0131n\u0131 d\u00fc\u015f\u00fcnen gen\u00e7 ara\u015ft\u0131rmac\u0131lar genellikle y\u00fcr\u00fctt\u00fckleri<span class=\"excerpt-hellip\"> [\u2026]<\/span><\/p>\n","protected":false},"featured_media":0,"template":"","meta":{"_monsterinsights_skip_tracking":false,"_monsterinsights_sitenote_active":false,"_monsterinsights_sitenote_note":"","_monsterinsights_sitenote_category":0},"product_brand":[],"product_cat":[13517,12304],"product_tag":[],"class_list":{"0":"post-743680","1":"product","2":"type-product","3":"status-publish","5":"product_cat-osmanli-tarihi","6":"product_cat-tarih","7":"pa_cilt-ciltli","8":"pa_tur-kitap","9":"pa_yayinevi-tiav","10":"pa_yazar-kolektif","12":"first","13":"instock","14":"sale","15":"shipping-taxable","16":"purchasable","17":"product-type-simple"},"_links":{"self":[{"href":"https:\/\/roveyayinevi.com.tr\/index.php\/wp-json\/wp\/v2\/product\/743680","targetHints":{"allow":["GET"]}}],"collection":[{"href":"https:\/\/roveyayinevi.com.tr\/index.php\/wp-json\/wp\/v2\/product"}],"about":[{"href":"https:\/\/roveyayinevi.com.tr\/index.php\/wp-json\/wp\/v2\/types\/product"}],"wp:attachment":[{"href":"https:\/\/roveyayinevi.com.tr\/index.php\/wp-json\/wp\/v2\/media?parent=743680"}],"wp:term":[{"taxonomy":"product_brand","embeddable":true,"href":"https:\/\/roveyayinevi.com.tr\/index.php\/wp-json\/wp\/v2\/product_brand?post=743680"},{"taxonomy":"product_cat","embeddable":true,"href":"https:\/\/roveyayinevi.com.tr\/index.php\/wp-json\/wp\/v2\/product_cat?post=743680"},{"taxonomy":"product_tag","embeddable":true,"href":"https:\/\/roveyayinevi.com.tr\/index.php\/wp-json\/wp\/v2\/product_tag?post=743680"}],"curies":[{"name":"wp","href":"https:\/\/api.w.org\/{rel}","templated":true}]}}