{"id":743679,"date":"2025-08-28T01:40:13","date_gmt":"2025-08-27T22:40:13","guid":{"rendered":"https:\/\/roveyayinevi.com.tr\/index.php\/urun\/spor-musabakalarinda-guvenlik-ciltli\/"},"modified":"2026-04-16T02:54:53","modified_gmt":"2026-04-15T23:54:53","slug":"spor-musabakalarinda-guvenlik-ciltli","status":"publish","type":"product","link":"https:\/\/roveyayinevi.com.tr\/index.php\/urun\/spor-musabakalarinda-guvenlik-ciltli\/","title":{"rendered":"Spor M\u00fcsabakalar\u0131nda G\u00fcvenlik (Ciltli)"},"content":{"rendered":"<p>Edit\u00f6r: Nargis\u00d6ZGEN Bireysel bir olgu oldu\u011fu kadar toplumsal bir olgu da olan spor, toplum g\u00fcvenli\u011fiyle ilgili konular\u0131n hukuki zeminde d\u00fczenlenmesini gerekli k\u0131lmaktad\u0131r. Toplumun y\u00fcksek kat\u0131l\u0131m g\u00f6sterdi\u011fi sportif m\u00fcsabakalarda g\u00fcvenli\u011fin sa\u011flanmas\u0131 gibi en temel ihtiya\u00e7lar profesyonel \u00e7al\u0131\u015fmalar\u0131n gereklili\u011fini de ortaya koymaktad\u0131r. Toplumsal refah\u0131n ve g\u00fcvenli\u011fin sa\u011flanmas\u0131nda genel \u00e7er\u00e7eveyi \u00e7izen mevzuat, ulusal\/uluslararas\u0131 ba\u011flamda birey\/toplum g\u00fcvenli\u011finin garant\u00f6r\u00fc olarak i\u015flev g\u00f6rmekte, \u00e7a\u011f\u0131n gereksinimlerine uyum sa\u011flayarak yenilenmektedir. Mevzuata giren bu yenilikler, toplumun g\u00fcvenlik ihtiya\u00e7lar\u0131n\u0131n kar\u015f\u0131lanmas\u0131nda izlenecek ilkeleri belirlemektedir. Toplumsal bir olgu olan spor g\u00fcvenli\u011finin bireysel y\u00f6nleri de g\u00f6z \u00f6n\u00fcnde bulundurularak bu alanlarda \u00e7al\u0131\u015fma yapan bilim dallar\u0131ndaki uzmanlardan yararlanmak gerekmektedir. Uzman sosyolog ve psikologlar konuya geni\u015f yer vererek sporda g\u00fcvenli\u011fin risk fakt\u00f6rlerinin ortadan kald\u0131r\u0131lmas\u0131, kriz durumlar\u0131n\u0131n h\u0131zl\u0131 ve kolay \u00e7\u00f6z\u00fclmesi i\u00e7in i\u015f birli\u011fi kurmaktad\u0131r. Bu \u00e7al\u0131\u015fmalar\u0131n d\u0131\u015f\u0131nda ulusal\/uluslararas\u0131 m\u00fcsabakalarda \u00fclkeler kendi i\u00e7lerinde protokoller imzalayarak g\u00fcvenlik konusunda \u00fcst d\u00fczey \u00f6nlemler almakta ve bu \u00f6nlemleri hayata ge\u00e7irmektedir. Katar Devleti\u2019nin ev sahipli\u011finde ger\u00e7ekle\u015fecek olan FIFA D\u00fcnya Kupas\u0131nda T\u00fcrkiye g\u00fcvenli\u011fi sa\u011flamak g\u00f6revini \u00fcstlenmi\u015f olup konu hakk\u0131nda \u00fclkeler aras\u0131 protokol imzalanm\u0131\u015ft\u0131r. T\u00fcrk g\u00fcvenlik g\u00fc\u00e7lerinin ulusal\/uluslararas\u0131 organizasyonlarda g\u00f6sterdikleri e\u011fitim, uzmanl\u0131k, deneyim, kriz ve risk y\u00f6netim becerileri gibi etmenler bu konuda T\u00fcrkiye Cumhuriyeti uluslararas\u0131 arenada \u00f6n plana \u00e7\u0131kmakta ve d\u00fcnyaya \u00f6rnek te\u015fkil etmeye devam etmektedir. <\/p>\n","protected":false},"excerpt":{"rendered":"<p>Edit\u00f6r: Nargis\u00d6ZGEN Bireysel bir olgu oldu\u011fu kadar toplumsal bir olgu da olan spor, toplum g\u00fcvenli\u011fiyle ilgili konular\u0131n hukuki zeminde d\u00fczenlenmesini gerekli k\u0131lmaktad\u0131r. Toplumun y\u00fcksek kat\u0131l\u0131m g\u00f6sterdi\u011fi<span class=\"excerpt-hellip\"> [\u2026]<\/span><\/p>\n","protected":false},"featured_media":0,"template":"","meta":{"_monsterinsights_skip_tracking":false,"_monsterinsights_sitenote_active":false,"_monsterinsights_sitenote_note":"","_monsterinsights_sitenote_category":0},"product_brand":[],"product_cat":[14787,13488],"product_tag":[],"class_list":{"0":"post-743679","1":"product","2":"type-product","3":"status-publish","5":"product_cat-diger-toplum-ve-insan","6":"product_cat-toplum-ve-insan","7":"pa_cilt-ciltli","8":"pa_tur-kitap","9":"pa_yayinevi-tiav","10":"pa_yazar-kolektif","12":"first","13":"instock","14":"sale","15":"shipping-taxable","16":"purchasable","17":"product-type-simple"},"_links":{"self":[{"href":"https:\/\/roveyayinevi.com.tr\/index.php\/wp-json\/wp\/v2\/product\/743679","targetHints":{"allow":["GET"]}}],"collection":[{"href":"https:\/\/roveyayinevi.com.tr\/index.php\/wp-json\/wp\/v2\/product"}],"about":[{"href":"https:\/\/roveyayinevi.com.tr\/index.php\/wp-json\/wp\/v2\/types\/product"}],"wp:attachment":[{"href":"https:\/\/roveyayinevi.com.tr\/index.php\/wp-json\/wp\/v2\/media?parent=743679"}],"wp:term":[{"taxonomy":"product_brand","embeddable":true,"href":"https:\/\/roveyayinevi.com.tr\/index.php\/wp-json\/wp\/v2\/product_brand?post=743679"},{"taxonomy":"product_cat","embeddable":true,"href":"https:\/\/roveyayinevi.com.tr\/index.php\/wp-json\/wp\/v2\/product_cat?post=743679"},{"taxonomy":"product_tag","embeddable":true,"href":"https:\/\/roveyayinevi.com.tr\/index.php\/wp-json\/wp\/v2\/product_tag?post=743679"}],"curies":[{"name":"wp","href":"https:\/\/api.w.org\/{rel}","templated":true}]}}