{"id":743678,"date":"2025-08-28T01:40:12","date_gmt":"2025-08-27T22:40:12","guid":{"rendered":"https:\/\/roveyayinevi.com.tr\/index.php\/urun\/turkiyenin-koronavirus-ile-mucadelesinde-mulki-idare-sert-kapak-bez-cilt\/"},"modified":"2026-04-16T02:54:53","modified_gmt":"2026-04-15T23:54:53","slug":"turkiyenin-koronavirus-ile-mucadelesinde-mulki-idare-sert-kapak-bez-cilt","status":"publish","type":"product","link":"https:\/\/roveyayinevi.com.tr\/index.php\/urun\/turkiyenin-koronavirus-ile-mucadelesinde-mulki-idare-sert-kapak-bez-cilt\/","title":{"rendered":"T\u00fcrkiyenin Koronavir\u00fcs \u0130le M\u00fccadelesinde M\u00fclki \u0130dare (Sert Kapak Bez Cilt)"},"content":{"rendered":"<p>T\u00fcrkiye\u2019de ilk Covid-19 vakas\u0131 11 Mart 2020 tarihinde tespit edilmi\u015f ve \u00e7ok h\u0131zl\u0131 bir \u015fekilde hareket edilerek gerekli tedbirler k\u0131sa s\u00fcrede uygulamaya aktar\u0131lm\u0131\u015ft\u0131r. Covid-19 pandemisinin toplum sa\u011fl\u0131\u011f\u0131 noktas\u0131nda ortaya \u00e7\u0131kard\u0131\u011f\u0131 riski en aza indirmek, sosyal mobiliteyi azaltmak, izolasyon ve filyasyon tedbirlerini hayata ge\u00e7irmek \u00fczere bakanl\u0131klar, valilikler, kaymakaml\u0131klar, kamu kurum ve kurulu\u015flar\u0131nca bir\u00e7ok \u00f6nlem al\u0131nm\u0131\u015f ve bu \u00f6nlemler h\u0131zl\u0131 bir \u015fekilde hayata ge\u00e7irilmi\u015ftir. Bu ba\u011flamda Covid-19 ile m\u00fccadele kapsam\u0131nda Sa\u011fl\u0131k Bakanl\u0131\u011f\u0131 ve Bilim Kurulu\u2019nun \u00f6nerileri \u00fczerine Cumhurba\u015fkan\u0131 Erdo\u011fan\u2019\u0131n talimatlar\u0131 do\u011frultusunda merkezde al\u0131nan kararlar\u0131n \u00fclke genelinde h\u0131zl\u0131 bi\u00e7imde uygulamaya aktar\u0131lmas\u0131nda ise m\u00fclki idare amirleri kilit bir \u00f6neme sahip olmu\u015flard\u0131r. Ayr\u0131ca Covid-19 pandemisi her ne kadar bir halk sa\u011fl\u0131\u011f\u0131 sorunu olarak g\u00f6r\u00fclse de etkiledi\u011fi alanlar ve ortaya \u00e7\u0131kard\u0131\u011f\u0131 sorunlar hasebiyle s\u00fcrecin sa\u011fl\u0131kl\u0131 bir \u015fekilde y\u00fcr\u00fct\u00fclmesinde kamusal idarenin do\u011fas\u0131 gere\u011fi de m\u00fclki idare amirleri \u00f6nemli i\u015flevler \u00fcstlenmi\u015flerdir.   Bu do\u011frultuda m\u00fclki idare amirleri merkezde al\u0131nan kararlar\u0131n yerelde uygulanmas\u0131 amac\u0131yla kamu, \u00f6zel sekt\u00f6r ve STK\u2019lar aras\u0131nda koordinasyonu ve denetimi sa\u011flayarak Covid-19 ile m\u00fccadele ba\u011flam\u0131nda al\u0131nan kararlar\u0131n zaman\u0131nda, etkin, verimli ve h\u0131zl\u0131 bir \u015fekilde yerine getirilmesini sa\u011flam\u0131\u015flard\u0131r. <\/p>\n","protected":false},"excerpt":{"rendered":"<p>T\u00fcrkiye\u2019de ilk Covid-19 vakas\u0131 11 Mart 2020 tarihinde tespit edilmi\u015f ve \u00e7ok h\u0131zl\u0131 bir \u015fekilde hareket edilerek gerekli tedbirler k\u0131sa s\u00fcrede uygulamaya aktar\u0131lm\u0131\u015ft\u0131r. Covid-19 pandemisinin toplum<span class=\"excerpt-hellip\"> [\u2026]<\/span><\/p>\n","protected":false},"featured_media":0,"template":"","meta":{"_monsterinsights_skip_tracking":false,"_monsterinsights_sitenote_active":false,"_monsterinsights_sitenote_note":"","_monsterinsights_sitenote_category":0},"product_brand":[],"product_cat":[13366,13365],"product_tag":[],"class_list":{"0":"post-743678","1":"product","2":"type-product","3":"status-publish","5":"product_cat-diger-saglik","6":"product_cat-saglik","7":"pa_cilt-ciltli","8":"pa_tur-kitap","9":"pa_yayinevi-tiav","10":"pa_yazar-kolektif","12":"first","13":"instock","14":"sale","15":"shipping-taxable","16":"purchasable","17":"product-type-simple"},"_links":{"self":[{"href":"https:\/\/roveyayinevi.com.tr\/index.php\/wp-json\/wp\/v2\/product\/743678","targetHints":{"allow":["GET"]}}],"collection":[{"href":"https:\/\/roveyayinevi.com.tr\/index.php\/wp-json\/wp\/v2\/product"}],"about":[{"href":"https:\/\/roveyayinevi.com.tr\/index.php\/wp-json\/wp\/v2\/types\/product"}],"wp:attachment":[{"href":"https:\/\/roveyayinevi.com.tr\/index.php\/wp-json\/wp\/v2\/media?parent=743678"}],"wp:term":[{"taxonomy":"product_brand","embeddable":true,"href":"https:\/\/roveyayinevi.com.tr\/index.php\/wp-json\/wp\/v2\/product_brand?post=743678"},{"taxonomy":"product_cat","embeddable":true,"href":"https:\/\/roveyayinevi.com.tr\/index.php\/wp-json\/wp\/v2\/product_cat?post=743678"},{"taxonomy":"product_tag","embeddable":true,"href":"https:\/\/roveyayinevi.com.tr\/index.php\/wp-json\/wp\/v2\/product_tag?post=743678"}],"curies":[{"name":"wp","href":"https:\/\/api.w.org\/{rel}","templated":true}]}}