{"id":743677,"date":"2025-08-28T01:40:12","date_gmt":"2025-08-27T22:40:12","guid":{"rendered":"https:\/\/roveyayinevi.com.tr\/index.php\/urun\/emek-ve-mulkiyet\/"},"modified":"2026-04-16T02:54:53","modified_gmt":"2026-04-15T23:54:53","slug":"emek-ve-mulkiyet","status":"publish","type":"product","link":"https:\/\/roveyayinevi.com.tr\/index.php\/urun\/emek-ve-mulkiyet\/","title":{"rendered":"Emek ve M\u00fclkiyet"},"content":{"rendered":"<p>Aristoteles\u2019e g\u00f6re kendi ya\u015famlar\u0131na hizmet eden her ara\u00e7 insanlar taraf\u0131ndan m\u00fclk edinilebilir; hattak\u00f6lele\u015ftirilmi\u015f di\u011fer insanlar da buna d\u00e2hildir. Locke\u2019a gelindi\u011finde m\u00fclkiyet h\u00e2l\u00e2 \u00f6zg\u00fcrl\u00fckle ilintilisay\u0131lmakla birlikte, emek ve \u00e7al\u0131\u015fma de\u011fersiz olmaktan \u00e7\u0131km\u0131\u015f, bizzat Tanr\u0131 taraf\u0131ndan herkes i\u00e7in emredilen\u015feyler h\u00e2line gelmi\u015ftir. Ona g\u00f6re emek, d\u00fcnyan\u0131n ham ve insan i\u00e7in yarars\u0131z malzemesini de\u011ferli k\u0131land\u00f6n\u00fc\u015ft\u00fcr\u00fcc\u00fc g\u00fc\u00e7t\u00fcr.Rousseau uygarl\u0131\u011f\u0131n da yozla\u015fman\u0131n da ba\u015flang\u0131c\u0131n\u0131 \u00f6zel m\u00fclkiyetin ortaya \u00e7\u0131kt\u0131\u011f\u0131 \u00e2na tarihler.Rousseau\u2019nun tersine, Hegel, uygarl\u0131\u011f\u0131n geli\u015fmesi ile insan\u0131n olumlu niteliklerini ger\u00e7ekle\u015ftirerek iyile\u015fmesiaras\u0131nda do\u011frusal bir ili\u015fki oldu\u011funa inan\u0131r; toplumsal ya\u015fam i\u00e7erisinde m\u00fclkiyeti en temel hak olarak g\u00f6r\u00fcr vem\u00fclkiyetin kald\u0131r\u0131lmas\u0131 d\u00fc\u015f\u00fcncesine \u015fiddetle kar\u015f\u0131 \u00e7\u0131kar.Marx\u2019a g\u00f6re insanl\u0131k tarihinin hareket ettiricisi, eme\u011fin sorumlular\u0131 ile m\u00fclkiyetin sahipleri aras\u0131ndaki \u00e7eli\u015fkive gerilimdir. Anar\u015fist kuramc\u0131 Proudhon\u2019a g\u00f6re emek asla m\u00fclkiyet hakk\u0131 yaratmaz; o bunu \u201cM\u00fclkiyeth\u0131rs\u0131zl\u0131kt\u0131r!\u201d s\u00f6z\u00fcyle ifade eder.Bu kitapta, Platon\u2019dan Locke\u2019a; Hegel\u2019den Marx\u2019a \u2018emek\u2019 ve \u2018m\u00fclkiyet\u2019 kavramlar\u0131n\u0131n felsefi soyk\u00fct\u00fc\u011f\u00fcnegiri\u015filmektedir. Filozoflar aras\u0131ndaki benzerlik ve farkl\u0131l\u0131klar g\u00f6sterilerek, felsefe tarihinin hem kendi i\u00e7inde\u00e7eli\u015fen hem de b\u00fct\u00fcnle\u015fen yap\u0131s\u0131 a\u00e7\u0131k bir dille sergilenmektedir. \u201cFilozoflar\u0131n G\u00f6z\u00fcnden\u201d serisi t\u00fcm okurlari\u00e7in k\u0131lavuz niteli\u011findedir.<\/p>\n","protected":false},"excerpt":{"rendered":"<p>Aristoteles\u2019e g\u00f6re kendi ya\u015famlar\u0131na hizmet eden her ara\u00e7 insanlar taraf\u0131ndan m\u00fclk edinilebilir; hattak\u00f6lele\u015ftirilmi\u015f di\u011fer insanlar da buna d\u00e2hildir. Locke\u2019a gelindi\u011finde m\u00fclkiyet h\u00e2l\u00e2 \u00f6zg\u00fcrl\u00fckle ilintilisay\u0131lmakla birlikte, emek<span class=\"excerpt-hellip\"> [\u2026]<\/span><\/p>\n","protected":false},"featured_media":0,"template":"","meta":{"_monsterinsights_skip_tracking":false,"_monsterinsights_sitenote_active":false,"_monsterinsights_sitenote_note":"","_monsterinsights_sitenote_category":0},"product_brand":[],"product_cat":[12389,12388],"product_tag":[],"class_list":{"0":"post-743677","1":"product","2":"type-product","3":"status-publish","5":"product_cat-diger-felsefe","6":"product_cat-felsefe","7":"pa_cilt-ciltsiz","8":"pa_tur-kitap","9":"pa_yayinevi-fol-kitap","10":"pa_yazar-kolektif","12":"first","13":"instock","14":"sale","15":"shipping-taxable","16":"purchasable","17":"product-type-simple"},"_links":{"self":[{"href":"https:\/\/roveyayinevi.com.tr\/index.php\/wp-json\/wp\/v2\/product\/743677","targetHints":{"allow":["GET"]}}],"collection":[{"href":"https:\/\/roveyayinevi.com.tr\/index.php\/wp-json\/wp\/v2\/product"}],"about":[{"href":"https:\/\/roveyayinevi.com.tr\/index.php\/wp-json\/wp\/v2\/types\/product"}],"wp:attachment":[{"href":"https:\/\/roveyayinevi.com.tr\/index.php\/wp-json\/wp\/v2\/media?parent=743677"}],"wp:term":[{"taxonomy":"product_brand","embeddable":true,"href":"https:\/\/roveyayinevi.com.tr\/index.php\/wp-json\/wp\/v2\/product_brand?post=743677"},{"taxonomy":"product_cat","embeddable":true,"href":"https:\/\/roveyayinevi.com.tr\/index.php\/wp-json\/wp\/v2\/product_cat?post=743677"},{"taxonomy":"product_tag","embeddable":true,"href":"https:\/\/roveyayinevi.com.tr\/index.php\/wp-json\/wp\/v2\/product_tag?post=743677"}],"curies":[{"name":"wp","href":"https:\/\/api.w.org\/{rel}","templated":true}]}}