{"id":743675,"date":"2025-08-28T01:40:09","date_gmt":"2025-08-27T22:40:09","guid":{"rendered":"https:\/\/roveyayinevi.com.tr\/index.php\/urun\/diyaloglar-2\/"},"modified":"2026-04-16T02:54:53","modified_gmt":"2026-04-15T23:54:53","slug":"diyaloglar-2","status":"publish","type":"product","link":"https:\/\/roveyayinevi.com.tr\/index.php\/urun\/diyaloglar-2\/","title":{"rendered":"Diyaloglar"},"content":{"rendered":"<p>\u201cDiyaloglar dizisine ba\u015flad\u0131\u011f\u0131m\u0131zda \u00f6nceli\u011fi bizi biz yapan yazarlara verdik. Ard\u0131ndan az bilinen ba\u015fyap\u0131tlar olarak niteledi\u011fimiz bir diziyle devam ettik. Sonra edebiyat\u0131n gen\u00e7 kaynaklar\u0131na y\u00f6neldik. D\u00fcnya edebiyat\u0131ndan gen\u00e7 veya T\u00fcrk\u00e7eye yeni \u00e7evrildi\u011fi i\u00e7in gen\u00e7 sayd\u0131\u011f\u0131m\u0131z yazarlar\u0131 mercek alt\u0131na ald\u0131k. Bir kitapla derinlemesine ili\u015fki kurman\u0131n en verimli yollar\u0131ndan birinin onun \u00fczerine farkl\u0131 bak\u0131\u015f a\u00e7\u0131lar\u0131yla tart\u0131\u015fmak oldu\u011funu Diyaloglar sayesinde bir kez daha deneyimlemi\u015f olduk.\u201d       Edebiyat\u0131m\u0131z\u0131n \u00f6nemli isimlerinden Ayfer Tun\u00e7 ve Murat G\u00fclsoy\u2019un 2013\u2019ten bu yana Diyaloglar ad\u0131 alt\u0131nda ger\u00e7ekle\u015ftirdikleri etkinlikler s\u00f6zden yaz\u0131ya d\u00f6n\u00fc\u015f\u00fcyor. Edebiyatseverlerin b\u00fcy\u00fck ilgiyle takip etti\u011fi bulu\u015fmalar\u0131n video kay\u0131tlar\u0131ndan derlenerek haz\u0131rlanan bu kitap, farkl\u0131 co\u011frafyalar\u0131n ve zamanlar\u0131n edebiyatlar\u0131yla sanata, teknolojiye, tarihe, g\u00fcn\u00fcm\u00fczden gelece\u011fe bir k\u00f6pr\u00fc olu\u015fturarak kendini \u00e7o\u011faltan kaynak bir metin haline geliyor.       D\u00fcnya Edebiyat\u0131 \u00dczerine Diyaloglar Roberto Bola\u00f1o, Guillermo Rosales, Thomas Bernhard, S\u00e2d\u0131k Hid\u00e2yet, Dag Solstad, Sophie Mackintosh, Hang Kang, Erlend Loe, Jack London, Carlos Mar\u00eda Dominguez gibi \u00e7e\u015fitli k\u0131talardan yazarlar\u0131n ilgi g\u00f6ren ve gelecekte de ilgi g\u00f6recek olan romanlar\u0131 arac\u0131l\u0131\u011f\u0131yla d\u00fcnyan\u0131n ortak k\u00fclt\u00fcr\u00fcn\u00fc okurun dikkatine sunuyor.  <\/p>\n","protected":false},"excerpt":{"rendered":"<p>\u201cDiyaloglar dizisine ba\u015flad\u0131\u011f\u0131m\u0131zda \u00f6nceli\u011fi bizi biz yapan yazarlara verdik. Ard\u0131ndan az bilinen ba\u015fyap\u0131tlar olarak niteledi\u011fimiz bir diziyle devam ettik. Sonra edebiyat\u0131n gen\u00e7 kaynaklar\u0131na y\u00f6neldik. D\u00fcnya edebiyat\u0131ndan<span class=\"excerpt-hellip\"> [\u2026]<\/span><\/p>\n","protected":false},"featured_media":0,"template":"","meta":{"_monsterinsights_skip_tracking":false,"_monsterinsights_sitenote_active":false,"_monsterinsights_sitenote_note":"","_monsterinsights_sitenote_category":0},"product_brand":[],"product_cat":[12777,12291],"product_tag":[],"class_list":{"0":"post-743675","1":"product","2":"type-product","3":"status-publish","5":"product_cat-deneme","6":"product_cat-edebiyat","7":"pa_cilt-ciltsiz","8":"pa_tur-kitap","9":"pa_yayinevi-can-yayinlari","10":"pa_yazar-ayfer-tunc-murat-gulsoy","12":"first","13":"instock","14":"sale","15":"shipping-taxable","16":"purchasable","17":"product-type-simple"},"_links":{"self":[{"href":"https:\/\/roveyayinevi.com.tr\/index.php\/wp-json\/wp\/v2\/product\/743675","targetHints":{"allow":["GET"]}}],"collection":[{"href":"https:\/\/roveyayinevi.com.tr\/index.php\/wp-json\/wp\/v2\/product"}],"about":[{"href":"https:\/\/roveyayinevi.com.tr\/index.php\/wp-json\/wp\/v2\/types\/product"}],"wp:attachment":[{"href":"https:\/\/roveyayinevi.com.tr\/index.php\/wp-json\/wp\/v2\/media?parent=743675"}],"wp:term":[{"taxonomy":"product_brand","embeddable":true,"href":"https:\/\/roveyayinevi.com.tr\/index.php\/wp-json\/wp\/v2\/product_brand?post=743675"},{"taxonomy":"product_cat","embeddable":true,"href":"https:\/\/roveyayinevi.com.tr\/index.php\/wp-json\/wp\/v2\/product_cat?post=743675"},{"taxonomy":"product_tag","embeddable":true,"href":"https:\/\/roveyayinevi.com.tr\/index.php\/wp-json\/wp\/v2\/product_tag?post=743675"}],"curies":[{"name":"wp","href":"https:\/\/api.w.org\/{rel}","templated":true}]}}