{"id":743673,"date":"2025-08-28T01:40:07","date_gmt":"2025-08-27T22:40:07","guid":{"rendered":"https:\/\/roveyayinevi.com.tr\/index.php\/urun\/corap-gonzo\/"},"modified":"2026-04-16T02:54:53","modified_gmt":"2026-04-15T23:54:53","slug":"corap-gonzo","status":"publish","type":"product","link":"https:\/\/roveyayinevi.com.tr\/index.php\/urun\/corap-gonzo\/","title":{"rendered":"\u00c7orap Gonzo"},"content":{"rendered":"<p>\u00c7orap Gonzo\u2019nun reng\u00e2renk harika \u00e7izgileri vard\u0131.   \u00c7orap \u00e7ekmecesinde di\u011fer \u00e7oraplarla birlikte ya\u015fard\u0131.   Fakat bir g\u00fcn tekini bulamad\u0131 Gonzo.   Kim teki kaybolmu\u015f bir \u00e7orab\u0131 giyer ki?   Sizce Gonzo kendine yeni bir tak\u0131m arkada\u015f\u0131 bulabilecek mi?<\/p>\n","protected":false},"excerpt":{"rendered":"<p>\u00c7orap Gonzo\u2019nun reng\u00e2renk harika \u00e7izgileri vard\u0131. \u00c7orap \u00e7ekmecesinde di\u011fer \u00e7oraplarla birlikte ya\u015fard\u0131. Fakat bir g\u00fcn tekini bulamad\u0131 Gonzo. Kim teki kaybolmu\u015f bir \u00e7orab\u0131 giyer ki? Sizce<span class=\"excerpt-hellip\"> [\u2026]<\/span><\/p>\n","protected":false},"featured_media":0,"template":"","meta":{"_monsterinsights_skip_tracking":false,"_monsterinsights_sitenote_active":false,"_monsterinsights_sitenote_note":"","_monsterinsights_sitenote_category":0},"product_brand":[],"product_cat":[12274,12284],"product_tag":[],"class_list":{"0":"post-743673","1":"product","2":"type-product","3":"status-publish","5":"product_cat-cocuk-ve-genclik-kitaplari","6":"product_cat-hikayeler","7":"pa_cilt-ciltsiz","8":"pa_tur-kitap","9":"pa_yayinevi-mundi","10":"pa_yazar-gulsen-manisali","12":"first","13":"instock","14":"sale","15":"shipping-taxable","16":"purchasable","17":"product-type-simple"},"_links":{"self":[{"href":"https:\/\/roveyayinevi.com.tr\/index.php\/wp-json\/wp\/v2\/product\/743673","targetHints":{"allow":["GET"]}}],"collection":[{"href":"https:\/\/roveyayinevi.com.tr\/index.php\/wp-json\/wp\/v2\/product"}],"about":[{"href":"https:\/\/roveyayinevi.com.tr\/index.php\/wp-json\/wp\/v2\/types\/product"}],"wp:attachment":[{"href":"https:\/\/roveyayinevi.com.tr\/index.php\/wp-json\/wp\/v2\/media?parent=743673"}],"wp:term":[{"taxonomy":"product_brand","embeddable":true,"href":"https:\/\/roveyayinevi.com.tr\/index.php\/wp-json\/wp\/v2\/product_brand?post=743673"},{"taxonomy":"product_cat","embeddable":true,"href":"https:\/\/roveyayinevi.com.tr\/index.php\/wp-json\/wp\/v2\/product_cat?post=743673"},{"taxonomy":"product_tag","embeddable":true,"href":"https:\/\/roveyayinevi.com.tr\/index.php\/wp-json\/wp\/v2\/product_tag?post=743673"}],"curies":[{"name":"wp","href":"https:\/\/api.w.org\/{rel}","templated":true}]}}