{"id":743671,"date":"2025-08-28T01:40:04","date_gmt":"2025-08-27T22:40:04","guid":{"rendered":"https:\/\/roveyayinevi.com.tr\/index.php\/urun\/gayali-yuzyillik-emanet\/"},"modified":"2026-04-16T02:54:53","modified_gmt":"2026-04-15T23:54:53","slug":"gayali-yuzyillik-emanet","status":"publish","type":"product","link":"https:\/\/roveyayinevi.com.tr\/index.php\/urun\/gayali-yuzyillik-emanet\/","title":{"rendered":"Gayal\u0131 &#8211; Y\u00fczy\u0131ll\u0131k Emanet"},"content":{"rendered":"<p>\u00d6lmek i\u00e7in \u00e7ok gen\u00e7, ya\u015famak i\u00e7in ise fazla masumdular.   \u201cZor zamanlarda, vatan s\u0131n\u0131rlar\u0131na ko\u015fanlar\u0131n, kara g\u00fcnler ge\u00e7ince ikbal ya da takdir beklemeden k\u00f6ylerine, basit hayatlar\u0131na d\u00f6nenlerin hik\u00e2yesidir bu. Onlar\u0131n tek bir dile\u011fi ve vasiyeti vard\u0131r: \u2018Vatan sa\u011f olsun!\u2019\u201d   \u201cO mahzun y\u00fczl\u00fc, yan\u0131k tenli delikanl\u0131lar g\u0131pta edilecek kahramanl\u0131klar\u0131 g\u00fcnl\u00fck olaylar gibi basit\u00e7e ya\u015far; biz ne yapt\u0131k ki, der gibi \u015fa\u015fk\u0131nl\u0131kla bakarlard\u0131.\u201d \u201cOnlar, neye ihtiya\u00e7 duyulursa ona d\u00f6n\u00fc\u015febilecek sakl\u0131 bir cevherle s\u00fcrd\u00fcr\u00fcrlerdi ya\u015famlar\u0131n\u0131; \u00fcniformalar\u0131n\u0131 \u00e7\u0131kard\u0131klar\u0131nda m\u00fctevaz\u0131 bir \u00e7ift\u00e7i, giydiklerindeyse ya \u015fehit olurlard\u0131 ya da gazi\u2026\u201d     Aile alb\u00fcmlerimize bakt\u0131\u011f\u0131m\u0131zda, b\u00fcy\u00fcklerimizin an\u0131lar\u0131n\u0131 dinledi\u011fimizde ki\u015fisel tarihimizin tamamland\u0131\u011f\u0131n\u0131 hissederiz. Ayn\u0131 memleketin insanlar\u0131 olarak bu bize \u00f6zel g\u00f6z\u00fcken hat\u0131ralar\u0131 yan yana getirdi\u011fimizde ise \u00fclke tarihini g\u00f6zler \u00f6n\u00fcne serebiliriz.   \u0130\u015fte bu y\u00fczden elinizdeki kitapta anlat\u0131lan, yaln\u0131zca yazar Murat Kaya\u2019n\u0131n dedesi Gayal\u0131 Mehmet\u2019in ya\u015fam \u00f6yk\u00fcs\u00fc de\u011fil, vatan topraklar\u0131n\u0131 kanlar\u0131yla sulayan \u015fehit ve gazilerimizin kahramanl\u0131k hik\u00e2yesidir. Dokuz y\u0131l boyunca bir\u00e7ok cephede onlarca farkl\u0131 milletten askerle sava\u015fan Gayal\u0131\u2019n\u0131n, Ankara\u2019da ba\u015flay\u0131p Gelibolu\u2019da devam eden ve oradan Bak\u00fc\u2019ye uzanan, Azrail\u2019in refakatinde ad\u0131m ad\u0131m tamamlad\u0131\u011f\u0131 yolculu\u011fu, okuma deneyiminin \u00f6tesinde ruhani bir yolda\u015fl\u0131k i\u00e7in sizi sat\u0131rlar\u0131na davet ediyor.<\/p>\n","protected":false},"excerpt":{"rendered":"<p>\u00d6lmek i\u00e7in \u00e7ok gen\u00e7, ya\u015famak i\u00e7in ise fazla masumdular. \u201cZor zamanlarda, vatan s\u0131n\u0131rlar\u0131na ko\u015fanlar\u0131n, kara g\u00fcnler ge\u00e7ince ikbal ya da takdir beklemeden k\u00f6ylerine, basit hayatlar\u0131na d\u00f6nenlerin<span class=\"excerpt-hellip\"> [\u2026]<\/span><\/p>\n","protected":false},"featured_media":0,"template":"","meta":{"_monsterinsights_skip_tracking":false,"_monsterinsights_sitenote_active":false,"_monsterinsights_sitenote_note":"","_monsterinsights_sitenote_category":0},"product_brand":[],"product_cat":[12291,12711],"product_tag":[],"class_list":{"0":"post-743671","1":"product","2":"type-product","3":"status-publish","5":"product_cat-edebiyat","6":"product_cat-roman-oyku","7":"pa_cilt-ciltsiz","8":"pa_tur-kitap","9":"pa_yayinevi-profil-kitap","10":"pa_yazar-murat-kaya","12":"first","13":"instock","14":"sale","15":"shipping-taxable","16":"purchasable","17":"product-type-simple"},"_links":{"self":[{"href":"https:\/\/roveyayinevi.com.tr\/index.php\/wp-json\/wp\/v2\/product\/743671","targetHints":{"allow":["GET"]}}],"collection":[{"href":"https:\/\/roveyayinevi.com.tr\/index.php\/wp-json\/wp\/v2\/product"}],"about":[{"href":"https:\/\/roveyayinevi.com.tr\/index.php\/wp-json\/wp\/v2\/types\/product"}],"wp:attachment":[{"href":"https:\/\/roveyayinevi.com.tr\/index.php\/wp-json\/wp\/v2\/media?parent=743671"}],"wp:term":[{"taxonomy":"product_brand","embeddable":true,"href":"https:\/\/roveyayinevi.com.tr\/index.php\/wp-json\/wp\/v2\/product_brand?post=743671"},{"taxonomy":"product_cat","embeddable":true,"href":"https:\/\/roveyayinevi.com.tr\/index.php\/wp-json\/wp\/v2\/product_cat?post=743671"},{"taxonomy":"product_tag","embeddable":true,"href":"https:\/\/roveyayinevi.com.tr\/index.php\/wp-json\/wp\/v2\/product_tag?post=743671"}],"curies":[{"name":"wp","href":"https:\/\/api.w.org\/{rel}","templated":true}]}}