{"id":743670,"date":"2025-08-28T01:40:03","date_gmt":"2025-08-27T22:40:03","guid":{"rendered":"https:\/\/roveyayinevi.com.tr\/index.php\/urun\/dunyaya-yon-veren-kadinlar\/"},"modified":"2026-04-16T02:54:53","modified_gmt":"2026-04-15T23:54:53","slug":"dunyaya-yon-veren-kadinlar","status":"publish","type":"product","link":"https:\/\/roveyayinevi.com.tr\/index.php\/urun\/dunyaya-yon-veren-kadinlar\/","title":{"rendered":"D\u00fcnyaya Y\u00f6n Veren Kad\u0131nlar"},"content":{"rendered":"<p>Ge\u00e7mi\u015ften g\u00fcn\u00fcm\u00fcze, ya\u015fam \u00f6yk\u00fcleriyle en \u00e7arp\u0131c\u0131 kad\u0131nlar\u0131 onurland\u0131ran bu resimlendirilmi\u015f derleme, hem kad\u0131nlara hem de erkeklere ilham verecek.   \u201cK\u0131\u015fk\u0131rt\u0131c\u0131 bir derleme\u2026 Pierpont\u2019\u0131n etkileyici kalemi, Thapp\u2019in o kendine \u00f6zg\u00fc ve harikulade d\u0131\u015favurumcu resim tekni\u011fiyle bir araya gelince okumas\u0131 son derece keyifli bir kitap ortaya \u00e7\u0131km\u0131\u015f&#8230; Cesur ve k\u00fcstah&#8230;   Tarih bilgisini geli\u015ftirmek isteyen herkesin okumas\u0131 gerekiyor.\u201d Kirkus Reviews     New York Times\u2019\u0131n \u00e7ok satan yazar\u0131 Julia Pierpont ve ressam Manjit Thapp, Stylist taraf\u0131ndan 2018\u2019de Okunmas\u0131 Gereken 20 Kitap\u2019tan biri se\u00e7ilen bu g\u00f6z al\u0131c\u0131 derlemede, okurlara k\u0131sa, dokunakl\u0131 ve \u015fa\u015f\u0131rt\u0131c\u0131 biyografiler ile \u00e7arp\u0131c\u0131 portreler sunuyor. Aralar\u0131nda Maya Angelou, Jane Austen, Marie Curie &amp; Ir\u00e8ne Joliot Curie, Amelia Earhart, Artemisia Gentileschi, Frida Kahlo, Billie Jean King, Toni Morrison, Michelle Obama, Eleanor Roosevelt, Margaret Sanger, Sappho, Nina Simone, Virginia Woolf ve Malala Yusufzay\u2019\u0131n da yer ald\u0131\u011f\u0131 bu kad\u0131nlar\u0131n her biri g\u00fcc\u00fcn ve geli\u015fimin birer g\u00f6stergesi; her biri \u00e7\u0131\u011f\u0131r a\u00e7m\u0131\u015f, cinsiyet\u00e7i engelleri a\u015fm\u0131\u015f ve t\u00fcm kal\u0131plar\u0131 k\u0131rm\u0131\u015f olan kad\u0131nlar.   Rasgele bir sayfa \u00e7evirip g\u00fcnl\u00fck ilham dozunuzu ald\u0131ktan sonra edindi\u011finiz bilgilerin verdi\u011fi kal\u0131c\u0131 hazz\u0131n keyfini \u00e7\u0131karabilirsiniz. <\/p>\n","protected":false},"excerpt":{"rendered":"<p>Ge\u00e7mi\u015ften g\u00fcn\u00fcm\u00fcze, ya\u015fam \u00f6yk\u00fcleriyle en \u00e7arp\u0131c\u0131 kad\u0131nlar\u0131 onurland\u0131ran bu resimlendirilmi\u015f derleme, hem kad\u0131nlara hem de erkeklere ilham verecek. \u201cK\u0131\u015fk\u0131rt\u0131c\u0131 bir derleme\u2026 Pierpont\u2019\u0131n etkileyici kalemi, Thapp\u2019in o<span class=\"excerpt-hellip\"> [\u2026]<\/span><\/p>\n","protected":false},"featured_media":0,"template":"","meta":{"_monsterinsights_skip_tracking":false,"_monsterinsights_sitenote_active":false,"_monsterinsights_sitenote_note":"","_monsterinsights_sitenote_category":0},"product_brand":[],"product_cat":[14009,12291],"product_tag":[],"class_list":{"0":"post-743670","1":"product","2":"type-product","3":"status-publish","5":"product_cat-biyografi-otobiyografi-edebiyat","6":"product_cat-edebiyat","7":"pa_cilt-ciltsiz","8":"pa_tur-kitap","9":"pa_yayinevi-indigo-kitap","10":"pa_yazar-julia-pierpont","12":"first","13":"instock","14":"sale","15":"shipping-taxable","16":"purchasable","17":"product-type-simple"},"_links":{"self":[{"href":"https:\/\/roveyayinevi.com.tr\/index.php\/wp-json\/wp\/v2\/product\/743670","targetHints":{"allow":["GET"]}}],"collection":[{"href":"https:\/\/roveyayinevi.com.tr\/index.php\/wp-json\/wp\/v2\/product"}],"about":[{"href":"https:\/\/roveyayinevi.com.tr\/index.php\/wp-json\/wp\/v2\/types\/product"}],"wp:attachment":[{"href":"https:\/\/roveyayinevi.com.tr\/index.php\/wp-json\/wp\/v2\/media?parent=743670"}],"wp:term":[{"taxonomy":"product_brand","embeddable":true,"href":"https:\/\/roveyayinevi.com.tr\/index.php\/wp-json\/wp\/v2\/product_brand?post=743670"},{"taxonomy":"product_cat","embeddable":true,"href":"https:\/\/roveyayinevi.com.tr\/index.php\/wp-json\/wp\/v2\/product_cat?post=743670"},{"taxonomy":"product_tag","embeddable":true,"href":"https:\/\/roveyayinevi.com.tr\/index.php\/wp-json\/wp\/v2\/product_tag?post=743670"}],"curies":[{"name":"wp","href":"https:\/\/api.w.org\/{rel}","templated":true}]}}