{"id":743669,"date":"2025-08-28T01:40:02","date_gmt":"2025-08-27T22:40:02","guid":{"rendered":"https:\/\/roveyayinevi.com.tr\/index.php\/urun\/enekenin-kalbine-yolculuk\/"},"modified":"2026-04-16T02:54:53","modified_gmt":"2026-04-15T23:54:53","slug":"enekenin-kalbine-yolculuk","status":"publish","type":"product","link":"https:\/\/roveyayinevi.com.tr\/index.php\/urun\/enekenin-kalbine-yolculuk\/","title":{"rendered":"Eneke\u2019nin Kalbine Yolculuk"},"content":{"rendered":"<p>Bilyelerin i\u00e7inden b\u00fcy\u00fcyen g\u00f6kku\u015fa\u011f\u0131na inanan kahraman\u0131m\u0131z, y\u00fcre\u011fiyle ya\u015famay\u0131 se\u00e7eninsanlardan. Ye\u015fim Turgut da y\u00fcre\u011fiyle yazan bir romanc\u0131. Elinizdeki romana \u0131\u015f\u0131lt\u0131 katan dayazar\u0131n akl\u0131yla de\u011fil y\u00fcre\u011fiyle yazmas\u0131.\u201cEneke\u201d dedi Sami, \u201cEfsaneye g\u00f6re bu bilyelerin ad\u0131 Eneke.\u201d Ne kadar zaman ge\u00e7tibilmiyorum, g\u00f6zlerimi bilyelerden alam\u0131yordum. \u201cYola devam etmeliyiz.\u201d dedi Sami vebilyeleri \u00f6zenle sar\u0131p, cebine koydu.Sami, Arif, Selim, \u00c7\u0131nar ve kahraman\u0131m\u0131z heyecan dolu ve s\u00fcrprizlere a\u00e7\u0131k bir yola\u00e7\u0131k\u0131yorlar. Okur, kendini metne kapt\u0131r\u0131p, bir solukta sona ula\u015f\u0131yor. Ye\u015fim Turgutkahramanlar\u0131n\u0131 \u00f6ylesine \u00f6zel bir yolda romanla\u015ft\u0131r\u0131yor ki bu i\u015fleyi\u015f bi\u00e7imi elinizdeki kitab\u0131\u00e7ok \u00f6zel yap\u0131yor. Bir yazar\u0131n konuya yakla\u015f\u0131m\u0131, okuru g\u00f6t\u00fcrd\u00fc\u011f\u00fc derinlikte etki kazan\u0131r.Edebiyat\u0131n zevkine varmak i\u00e7in Ye\u015fim Turgut ile beraber derinlere dalmaya ve soluksuzkalmaya haz\u0131r olun.<\/p>\n","protected":false},"excerpt":{"rendered":"<p>Bilyelerin i\u00e7inden b\u00fcy\u00fcyen g\u00f6kku\u015fa\u011f\u0131na inanan kahraman\u0131m\u0131z, y\u00fcre\u011fiyle ya\u015famay\u0131 se\u00e7eninsanlardan. Ye\u015fim Turgut da y\u00fcre\u011fiyle yazan bir romanc\u0131. Elinizdeki romana \u0131\u015f\u0131lt\u0131 katan dayazar\u0131n akl\u0131yla de\u011fil y\u00fcre\u011fiyle yazmas\u0131.\u201cEneke\u201d dedi<span class=\"excerpt-hellip\"> [\u2026]<\/span><\/p>\n","protected":false},"featured_media":0,"template":"","meta":{"_monsterinsights_skip_tracking":false,"_monsterinsights_sitenote_active":false,"_monsterinsights_sitenote_note":"","_monsterinsights_sitenote_category":0},"product_brand":[],"product_cat":[12274,12284],"product_tag":[],"class_list":{"0":"post-743669","1":"product","2":"type-product","3":"status-publish","5":"product_cat-cocuk-ve-genclik-kitaplari","6":"product_cat-hikayeler","7":"pa_cilt-ciltsiz","8":"pa_tur-kitap","9":"pa_yayinevi-yeni-insan-yayinlari","10":"pa_yazar-yesim-turgut","12":"first","13":"instock","14":"sale","15":"shipping-taxable","16":"purchasable","17":"product-type-simple"},"_links":{"self":[{"href":"https:\/\/roveyayinevi.com.tr\/index.php\/wp-json\/wp\/v2\/product\/743669","targetHints":{"allow":["GET"]}}],"collection":[{"href":"https:\/\/roveyayinevi.com.tr\/index.php\/wp-json\/wp\/v2\/product"}],"about":[{"href":"https:\/\/roveyayinevi.com.tr\/index.php\/wp-json\/wp\/v2\/types\/product"}],"wp:attachment":[{"href":"https:\/\/roveyayinevi.com.tr\/index.php\/wp-json\/wp\/v2\/media?parent=743669"}],"wp:term":[{"taxonomy":"product_brand","embeddable":true,"href":"https:\/\/roveyayinevi.com.tr\/index.php\/wp-json\/wp\/v2\/product_brand?post=743669"},{"taxonomy":"product_cat","embeddable":true,"href":"https:\/\/roveyayinevi.com.tr\/index.php\/wp-json\/wp\/v2\/product_cat?post=743669"},{"taxonomy":"product_tag","embeddable":true,"href":"https:\/\/roveyayinevi.com.tr\/index.php\/wp-json\/wp\/v2\/product_tag?post=743669"}],"curies":[{"name":"wp","href":"https:\/\/api.w.org\/{rel}","templated":true}]}}