{"id":743668,"date":"2025-08-28T01:40:00","date_gmt":"2025-08-27T22:40:00","guid":{"rendered":"https:\/\/roveyayinevi.com.tr\/index.php\/urun\/tasarim\/"},"modified":"2026-04-16T02:54:53","modified_gmt":"2026-04-15T23:54:53","slug":"tasarim","status":"publish","type":"product","link":"https:\/\/roveyayinevi.com.tr\/index.php\/urun\/tasarim\/","title":{"rendered":"Tasar\u0131m"},"content":{"rendered":"<p>Kesin midir bu son?Baz\u0131 olas\u0131 \u00e7\u00f6z\u00fcmler yok mu?Kent, k\u0131r ve \u00f6tesinde,Ekolojik b\u00fct\u00fcnle\u015fme i\u00e7in neler yapabiliriz?Bu sorulara yan\u0131t ararken, k\u00f6y\u00fcn birindeDelinin teki her \u015feye ra\u011fmen\u015e\u00f6yle hayal edecek:Arkamda kalan dereK\u00f6klerine bast\u0131\u011f\u0131m a\u011fa\u00e7Homurtuyla ka\u00e7an a\u011fa\u00e7Ve hatta beni izleyen toprak\u015ea\u015fk\u0131nlarsa e\u011ferBiliyorum ki alacak daha yolum varTepenin ard\u0131nda mevsim d\u00f6ner\u00c7oban ve ke\u00e7iler \u00e7\u0131kagelmi\u015fG\u00fcl\u00fcmser ufkun bulutlar\u0131Biraz k\u0131z\u0131l, biraz mavi ve beyazKimsesiz eller bulu\u015furNe h\u00fcz\u00fcn, ne sevin\u00e7, ne k\u0131yamet\u00dc\u00e7 ana b\u00f6l\u00fcmde var olan bu kitab\u0131n, \u00fctopya ve fantazya vadileri aras\u0131ndaki ince bir dere gibiolabilmesini diliyorum. \u00c7eli\u015fkisizle\u015fmeye ve yar\u0131n\u0131n g\u00fcl\u00fcmseyen masallar\u0131na akan\u2026<\/p>\n","protected":false},"excerpt":{"rendered":"<p>Kesin midir bu son?Baz\u0131 olas\u0131 \u00e7\u00f6z\u00fcmler yok mu?Kent, k\u0131r ve \u00f6tesinde,Ekolojik b\u00fct\u00fcnle\u015fme i\u00e7in neler yapabiliriz?Bu sorulara yan\u0131t ararken, k\u00f6y\u00fcn birindeDelinin teki her \u015feye ra\u011fmen\u015e\u00f6yle hayal edecek:Arkamda<span class=\"excerpt-hellip\"> [\u2026]<\/span><\/p>\n","protected":false},"featured_media":0,"template":"","meta":{"_monsterinsights_skip_tracking":false,"_monsterinsights_sitenote_active":false,"_monsterinsights_sitenote_note":"","_monsterinsights_sitenote_category":0},"product_brand":[],"product_cat":[12777,12291],"product_tag":[],"class_list":{"0":"post-743668","1":"product","2":"type-product","3":"status-publish","5":"product_cat-deneme","6":"product_cat-edebiyat","7":"pa_cilt-ciltsiz","8":"pa_tur-kitap","9":"pa_yayinevi-yeni-insan-yayinlari","10":"pa_yazar-cem-birder","12":"first","13":"instock","14":"sale","15":"shipping-taxable","16":"purchasable","17":"product-type-simple"},"_links":{"self":[{"href":"https:\/\/roveyayinevi.com.tr\/index.php\/wp-json\/wp\/v2\/product\/743668","targetHints":{"allow":["GET"]}}],"collection":[{"href":"https:\/\/roveyayinevi.com.tr\/index.php\/wp-json\/wp\/v2\/product"}],"about":[{"href":"https:\/\/roveyayinevi.com.tr\/index.php\/wp-json\/wp\/v2\/types\/product"}],"wp:attachment":[{"href":"https:\/\/roveyayinevi.com.tr\/index.php\/wp-json\/wp\/v2\/media?parent=743668"}],"wp:term":[{"taxonomy":"product_brand","embeddable":true,"href":"https:\/\/roveyayinevi.com.tr\/index.php\/wp-json\/wp\/v2\/product_brand?post=743668"},{"taxonomy":"product_cat","embeddable":true,"href":"https:\/\/roveyayinevi.com.tr\/index.php\/wp-json\/wp\/v2\/product_cat?post=743668"},{"taxonomy":"product_tag","embeddable":true,"href":"https:\/\/roveyayinevi.com.tr\/index.php\/wp-json\/wp\/v2\/product_tag?post=743668"}],"curies":[{"name":"wp","href":"https:\/\/api.w.org\/{rel}","templated":true}]}}