{"id":743663,"date":"2025-08-28T01:39:54","date_gmt":"2025-08-27T22:39:54","guid":{"rendered":"https:\/\/roveyayinevi.com.tr\/index.php\/urun\/muhtesem-adaptasyonlar\/"},"modified":"2026-04-16T02:54:53","modified_gmt":"2026-04-15T23:54:53","slug":"muhtesem-adaptasyonlar","status":"publish","type":"product","link":"https:\/\/roveyayinevi.com.tr\/index.php\/urun\/muhtesem-adaptasyonlar\/","title":{"rendered":"Muhte\u015fem Adaptasyonlar"},"content":{"rendered":"<p>Y\u0131ld\u0131z Burunlu K\u00f6stebekler, Elektrikli Y\u0131lanbal\u0131klar\u0131 ve Evrimin A\u00e7\u0131kl\u0131\u011fa Kavu\u015fmu\u015f Birtak\u0131m Gizemleri   Y\u00fczy\u0131llarca baya\u011f\u0131 k\u00f6stebek deyip ge\u00e7tik, toprak solucanlar\u0131yla aralar\u0131ndaki m\u00fccadelenin tam bir kedi-fare oyunu oldu\u011funu g\u00f6remedik. Hele burunlar\u0131n\u0131n ucunda y\u0131ld\u0131z \u015fekilli uzant\u0131lar ta\u015f\u0131yan kuzenlerine hi\u00e7 mi hi\u00e7 anlam veremedik. Bunlar\u0131n y\u0131ld\u0131z burunlu k\u00f6stebe\u011fi ava ula\u015fma h\u0131z\u0131 konusunda Guiness Rekorlar Kitab\u0131\u2019na sokaca\u011f\u0131n\u0131 akl\u0131m\u0131z\u0131n ucundan dahi ge\u00e7irmedik.   Dokuna\u00e7l\u0131 y\u0131lanbal\u0131klar\u0131 avlan\u0131rken bal\u0131\u011f\u0131n bir sonraki ad\u0131m\u0131n\u0131 tahmin ediyor olamazd\u0131; gelece\u011fi \u00f6ng\u00f6rmek insanlara mahsustu. Ya da k\u00fc\u00e7\u00fcc\u00fck bir su soreksinin av\u0131n\u0131n \u00fczerine at\u0131lmas\u0131 saniyenin ellide biri kadar s\u00fcrecek de\u011fildi ya\u2026 Bir hayvan varm\u0131\u015f, modiye kaslar\u0131 sayesinde elektrik \u00fcretip av\u0131n\u0131 serseme \u00e7eviriyormu\u015f desek, g\u00fcler ge\u00e7erdiniz.   Fakat macera dolu bu filmin her sahnesi ger\u00e7ek! Hamamb\u00f6ce\u011fiyle \u015f\u00f6valyevari bir d\u00f6v\u00fc\u015f sergileyen, zehriyle iradesini esir alan, onu bir oyu\u011fa s\u00fcr\u00fckleyip larvas\u0131na yem eden z\u00fcmr\u00fct yabanar\u0131s\u0131 da \u00f6yle.   Kendini \u201ctuhaf uzant\u0131lar\u0131n ara\u015ft\u0131rmac\u0131s\u0131\u201d olarak tan\u0131mlayan Kenneth Catania, Muhte\u015fem Adaptasyonlar\u2019da hem do\u011fan\u0131n \u00fcretti\u011fi ak\u0131l almaz \u00e7\u00f6z\u00fcmlerle nefesimizi kesiyor, hem de tarihsel fig\u00fcrlerin, ilgin\u00e7 geleneklerin ve inan\u0131lmaz hayvanlar\u0131n bulu\u015ftu\u011fu deneylerini ad\u0131m ad\u0131m sunarak bizi \u201cbilim insan\u0131 olmak i\u00e7in ne harika bir \u00e7a\u011fda oldu\u011fumuza\u201d ikna ediyor. <\/p>\n","protected":false},"excerpt":{"rendered":"<p>Y\u0131ld\u0131z Burunlu K\u00f6stebekler, Elektrikli Y\u0131lanbal\u0131klar\u0131 ve Evrimin A\u00e7\u0131kl\u0131\u011fa Kavu\u015fmu\u015f Birtak\u0131m Gizemleri Y\u00fczy\u0131llarca baya\u011f\u0131 k\u00f6stebek deyip ge\u00e7tik, toprak solucanlar\u0131yla aralar\u0131ndaki m\u00fccadelenin tam bir kedi-fare oyunu oldu\u011funu g\u00f6remedik.<span class=\"excerpt-hellip\"> [\u2026]<\/span><\/p>\n","protected":false},"featured_media":0,"template":"","meta":{"_monsterinsights_skip_tracking":false,"_monsterinsights_sitenote_active":false,"_monsterinsights_sitenote_note":"","_monsterinsights_sitenote_category":0},"product_brand":[],"product_cat":[13005,13010],"product_tag":[],"class_list":{"0":"post-743663","1":"product","2":"type-product","3":"status-publish","5":"product_cat-bilim-muhendislik","6":"product_cat-doga-bilimleri","7":"pa_cilt-ciltsiz","8":"pa_tur-kitap","9":"pa_yayinevi-koc-universitesi-yayinlari","10":"pa_yazar-kenneth-catania","12":"first","13":"instock","14":"sale","15":"shipping-taxable","16":"purchasable","17":"product-type-simple"},"_links":{"self":[{"href":"https:\/\/roveyayinevi.com.tr\/index.php\/wp-json\/wp\/v2\/product\/743663","targetHints":{"allow":["GET"]}}],"collection":[{"href":"https:\/\/roveyayinevi.com.tr\/index.php\/wp-json\/wp\/v2\/product"}],"about":[{"href":"https:\/\/roveyayinevi.com.tr\/index.php\/wp-json\/wp\/v2\/types\/product"}],"wp:attachment":[{"href":"https:\/\/roveyayinevi.com.tr\/index.php\/wp-json\/wp\/v2\/media?parent=743663"}],"wp:term":[{"taxonomy":"product_brand","embeddable":true,"href":"https:\/\/roveyayinevi.com.tr\/index.php\/wp-json\/wp\/v2\/product_brand?post=743663"},{"taxonomy":"product_cat","embeddable":true,"href":"https:\/\/roveyayinevi.com.tr\/index.php\/wp-json\/wp\/v2\/product_cat?post=743663"},{"taxonomy":"product_tag","embeddable":true,"href":"https:\/\/roveyayinevi.com.tr\/index.php\/wp-json\/wp\/v2\/product_tag?post=743663"}],"curies":[{"name":"wp","href":"https:\/\/api.w.org\/{rel}","templated":true}]}}