{"id":743656,"date":"2025-08-28T01:39:44","date_gmt":"2025-08-27T22:39:44","guid":{"rendered":"https:\/\/roveyayinevi.com.tr\/index.php\/urun\/minenin-kirmizi-topu\/"},"modified":"2026-04-16T02:54:53","modified_gmt":"2026-04-15T23:54:53","slug":"minenin-kirmizi-topu","status":"publish","type":"product","link":"https:\/\/roveyayinevi.com.tr\/index.php\/urun\/minenin-kirmizi-topu\/","title":{"rendered":"Mine\u2019nin K\u0131rm\u0131z\u0131 Topu"},"content":{"rendered":"<p>Mine bah\u00e7ede k\u0131rm\u0131z\u0131 lastik topuyla oynuyordu. Topunu her seferinde daha y\u00fckse\u011fe at\u0131yor, daha yere  d\u00fc\u015fmeden de tutuyordu. Annesi yard\u0131ma \u00e7a\u011f\u0131r\u0131nca Mine topunu bah\u00e7ede unutuverdi.   K\u0131rm\u0131z\u0131 topu kargalar gagalad\u0131, sincaplar topla oynad\u0131, saksa\u011fan topu u\u00e7urdu ve daha neler neler oldu\u2026 Peki Mine\u2019nin topuna sonra ne oldu?   Feridun Oral\u2019\u0131n yazd\u0131\u011f\u0131 ve resimledi\u011fi \u201cMine\u2019nin K\u0131rm\u0131z\u0131 Topu\u201d bahar gelince k\u0131rlarda ko\u015fup top aynamaya heves eden herkese\u2026 <\/p>\n","protected":false},"excerpt":{"rendered":"<p>Mine bah\u00e7ede k\u0131rm\u0131z\u0131 lastik topuyla oynuyordu. Topunu her seferinde daha y\u00fckse\u011fe at\u0131yor, daha yere d\u00fc\u015fmeden de tutuyordu. Annesi yard\u0131ma \u00e7a\u011f\u0131r\u0131nca Mine topunu bah\u00e7ede unutuverdi. K\u0131rm\u0131z\u0131 topu<span class=\"excerpt-hellip\"> [\u2026]<\/span><\/p>\n","protected":false},"featured_media":0,"template":"","meta":{"_monsterinsights_skip_tracking":false,"_monsterinsights_sitenote_active":false,"_monsterinsights_sitenote_note":"","_monsterinsights_sitenote_category":0},"product_brand":[],"product_cat":[12913,12274],"product_tag":[],"class_list":{"0":"post-743656","1":"product","2":"type-product","3":"status-publish","5":"product_cat-3-6-yas-kitaplari","6":"product_cat-cocuk-ve-genclik-kitaplari","7":"pa_cilt-ciltsiz","8":"pa_tur-kitap","9":"pa_yayinevi-yapi-kredi-yayinlari","10":"pa_yazar-feridun-oral","12":"first","13":"instock","14":"sale","15":"shipping-taxable","16":"purchasable","17":"product-type-simple"},"_links":{"self":[{"href":"https:\/\/roveyayinevi.com.tr\/index.php\/wp-json\/wp\/v2\/product\/743656","targetHints":{"allow":["GET"]}}],"collection":[{"href":"https:\/\/roveyayinevi.com.tr\/index.php\/wp-json\/wp\/v2\/product"}],"about":[{"href":"https:\/\/roveyayinevi.com.tr\/index.php\/wp-json\/wp\/v2\/types\/product"}],"wp:attachment":[{"href":"https:\/\/roveyayinevi.com.tr\/index.php\/wp-json\/wp\/v2\/media?parent=743656"}],"wp:term":[{"taxonomy":"product_brand","embeddable":true,"href":"https:\/\/roveyayinevi.com.tr\/index.php\/wp-json\/wp\/v2\/product_brand?post=743656"},{"taxonomy":"product_cat","embeddable":true,"href":"https:\/\/roveyayinevi.com.tr\/index.php\/wp-json\/wp\/v2\/product_cat?post=743656"},{"taxonomy":"product_tag","embeddable":true,"href":"https:\/\/roveyayinevi.com.tr\/index.php\/wp-json\/wp\/v2\/product_tag?post=743656"}],"curies":[{"name":"wp","href":"https:\/\/api.w.org\/{rel}","templated":true}]}}