{"id":743654,"date":"2025-08-28T01:39:42","date_gmt":"2025-08-27T22:39:42","guid":{"rendered":"https:\/\/roveyayinevi.com.tr\/index.php\/urun\/baloncu-dede-ve-uc-kucuk-yaramaz\/"},"modified":"2026-04-16T02:54:52","modified_gmt":"2026-04-15T23:54:52","slug":"baloncu-dede-ve-uc-kucuk-yaramaz","status":"publish","type":"product","link":"https:\/\/roveyayinevi.com.tr\/index.php\/urun\/baloncu-dede-ve-uc-kucuk-yaramaz\/","title":{"rendered":"Baloncu Dede ve \u00dc\u00e7 K\u00fc\u00e7\u00fck Yaramaz"},"content":{"rendered":"<p>\u00dc\u00e7 k\u00fc\u00e7\u00fck yaramaz\u0131n s\u0131cac\u0131k \u00f6yk\u00fcs\u00fc, okul \u00f6ncesi \u00e7ocuklar\u0131n g\u00f6zdesi olmaya aday!   K\u00fc\u00e7\u00fck kuzu, o\u011flak ve k\u00f6pe\u011fin mutlu, ne\u015feli, oyun dolu bir hayat\u0131 vard\u0131r. En sevdikleri \u015feylerden biri de Baloncu Dede\u2019nin anlatt\u0131\u011f\u0131 yemye\u015fil otlaklar\u0131, uzak yerleri, canavara benzeyen kayalar\u0131, kocaman dev bulutlar\u0131 dinlemektir.   Bir g\u00fcn bunlar\u0131n hepsini kendi g\u00f6zleriyle g\u00f6rmek i\u00e7in gizlice Dede\u2019nin balonuna saklan\u0131rlar\u2026 <\/p>\n","protected":false},"excerpt":{"rendered":"<p>\u00dc\u00e7 k\u00fc\u00e7\u00fck yaramaz\u0131n s\u0131cac\u0131k \u00f6yk\u00fcs\u00fc, okul \u00f6ncesi \u00e7ocuklar\u0131n g\u00f6zdesi olmaya aday! K\u00fc\u00e7\u00fck kuzu, o\u011flak ve k\u00f6pe\u011fin mutlu, ne\u015feli, oyun dolu bir hayat\u0131 vard\u0131r. En sevdikleri \u015feylerden<span class=\"excerpt-hellip\"> [\u2026]<\/span><\/p>\n","protected":false},"featured_media":0,"template":"","meta":{"_monsterinsights_skip_tracking":false,"_monsterinsights_sitenote_active":false,"_monsterinsights_sitenote_note":"","_monsterinsights_sitenote_category":0},"product_brand":[],"product_cat":[12913,12274],"product_tag":[],"class_list":{"0":"post-743654","1":"product","2":"type-product","3":"status-publish","5":"product_cat-3-6-yas-kitaplari","6":"product_cat-cocuk-ve-genclik-kitaplari","7":"pa_cilt-ciltsiz","8":"pa_tur-kitap","9":"pa_yayinevi-yapi-kredi-yayinlari","10":"pa_yazar-feridun-oral","12":"first","13":"instock","14":"sale","15":"shipping-taxable","16":"purchasable","17":"product-type-simple"},"_links":{"self":[{"href":"https:\/\/roveyayinevi.com.tr\/index.php\/wp-json\/wp\/v2\/product\/743654","targetHints":{"allow":["GET"]}}],"collection":[{"href":"https:\/\/roveyayinevi.com.tr\/index.php\/wp-json\/wp\/v2\/product"}],"about":[{"href":"https:\/\/roveyayinevi.com.tr\/index.php\/wp-json\/wp\/v2\/types\/product"}],"wp:attachment":[{"href":"https:\/\/roveyayinevi.com.tr\/index.php\/wp-json\/wp\/v2\/media?parent=743654"}],"wp:term":[{"taxonomy":"product_brand","embeddable":true,"href":"https:\/\/roveyayinevi.com.tr\/index.php\/wp-json\/wp\/v2\/product_brand?post=743654"},{"taxonomy":"product_cat","embeddable":true,"href":"https:\/\/roveyayinevi.com.tr\/index.php\/wp-json\/wp\/v2\/product_cat?post=743654"},{"taxonomy":"product_tag","embeddable":true,"href":"https:\/\/roveyayinevi.com.tr\/index.php\/wp-json\/wp\/v2\/product_tag?post=743654"}],"curies":[{"name":"wp","href":"https:\/\/api.w.org\/{rel}","templated":true}]}}