{"id":743652,"date":"2025-08-28T01:39:40","date_gmt":"2025-08-27T22:39:40","guid":{"rendered":"https:\/\/roveyayinevi.com.tr\/index.php\/urun\/kimi-daha-cok-seviyorsun\/"},"modified":"2026-04-16T02:54:52","modified_gmt":"2026-04-15T23:54:52","slug":"kimi-daha-cok-seviyorsun","status":"publish","type":"product","link":"https:\/\/roveyayinevi.com.tr\/index.php\/urun\/kimi-daha-cok-seviyorsun\/","title":{"rendered":"Kimi Daha \u00c7ok Seviyorsun?"},"content":{"rendered":"<p>Onun ad\u0131 Papatya\u2019yd\u0131 ve papatyalar\u0131 \u00e7ok severdi! Yaln\u0131z papatyalar\u0131 m\u0131? O daha pek \u00e7ok \u015feyi severdi! Ama bir g\u00fcn kom\u015fu teyze ona hi\u00e7 beklemedi\u011fi bir soru sordu: \u201cAnneni mi daha \u00e7ok seviyorsun, baban\u0131 m\u0131?\u201d Papatya\u2019n\u0131n kafas\u0131 kar\u0131\u015ft\u0131, morali bozuldu. Birini di\u011ferinden daha \u00e7ok sevmek zorunda m\u0131yd\u0131? Bu sorunun cevab\u0131n\u0131 kendi kendine buldu.   Nergis Seli\u2019nin yazd\u0131\u011f\u0131, Ay\u015f\u0131n Deliba\u015f Ero\u011flu\u2019nun resimledi\u011fi, \u00e7ocuklar\u0131n \u00e7ok kar\u015f\u0131la\u015ft\u0131\u011f\u0131 bir soruyu ele alan Kimi Daha \u00c7ok Seviyorsun? kitab\u0131 herkese gerekli cevab\u0131 veriyor. <\/p>\n","protected":false},"excerpt":{"rendered":"<p>Onun ad\u0131 Papatya\u2019yd\u0131 ve papatyalar\u0131 \u00e7ok severdi! Yaln\u0131z papatyalar\u0131 m\u0131? O daha pek \u00e7ok \u015feyi severdi! Ama bir g\u00fcn kom\u015fu teyze ona hi\u00e7 beklemedi\u011fi bir soru<span class=\"excerpt-hellip\"> [\u2026]<\/span><\/p>\n","protected":false},"featured_media":0,"template":"","meta":{"_monsterinsights_skip_tracking":false,"_monsterinsights_sitenote_active":false,"_monsterinsights_sitenote_note":"","_monsterinsights_sitenote_category":0},"product_brand":[],"product_cat":[12913,12274],"product_tag":[],"class_list":{"0":"post-743652","1":"product","2":"type-product","3":"status-publish","5":"product_cat-3-6-yas-kitaplari","6":"product_cat-cocuk-ve-genclik-kitaplari","7":"pa_cilt-ciltsiz","8":"pa_tur-kitap","9":"pa_yayinevi-yapi-kredi-yayinlari","10":"pa_yazar-nergis-seli","12":"first","13":"instock","14":"sale","15":"shipping-taxable","16":"purchasable","17":"product-type-simple"},"_links":{"self":[{"href":"https:\/\/roveyayinevi.com.tr\/index.php\/wp-json\/wp\/v2\/product\/743652","targetHints":{"allow":["GET"]}}],"collection":[{"href":"https:\/\/roveyayinevi.com.tr\/index.php\/wp-json\/wp\/v2\/product"}],"about":[{"href":"https:\/\/roveyayinevi.com.tr\/index.php\/wp-json\/wp\/v2\/types\/product"}],"wp:attachment":[{"href":"https:\/\/roveyayinevi.com.tr\/index.php\/wp-json\/wp\/v2\/media?parent=743652"}],"wp:term":[{"taxonomy":"product_brand","embeddable":true,"href":"https:\/\/roveyayinevi.com.tr\/index.php\/wp-json\/wp\/v2\/product_brand?post=743652"},{"taxonomy":"product_cat","embeddable":true,"href":"https:\/\/roveyayinevi.com.tr\/index.php\/wp-json\/wp\/v2\/product_cat?post=743652"},{"taxonomy":"product_tag","embeddable":true,"href":"https:\/\/roveyayinevi.com.tr\/index.php\/wp-json\/wp\/v2\/product_tag?post=743652"}],"curies":[{"name":"wp","href":"https:\/\/api.w.org\/{rel}","templated":true}]}}