{"id":743650,"date":"2025-08-28T01:39:37","date_gmt":"2025-08-27T22:39:37","guid":{"rendered":"https:\/\/roveyayinevi.com.tr\/index.php\/urun\/corto-maltese-cilt-6-sibiryada\/"},"modified":"2026-04-16T02:54:52","modified_gmt":"2026-04-15T23:54:52","slug":"corto-maltese-cilt-6-sibiryada","status":"publish","type":"product","link":"https:\/\/roveyayinevi.com.tr\/index.php\/urun\/corto-maltese-cilt-6-sibiryada\/","title":{"rendered":"Corto Maltese Cilt 6 \u2013 Sibirya\u2019da"},"content":{"rendered":"<p>\u00d6zg\u00fcrl\u00fck d\u00fc\u015fk\u00fcn\u00fc ve serseri ruhlu maceraperest Corto Maltese kay\u0131p hazinelerin, yard\u0131ma muhta\u00e7 arkada\u015flar\u0131n, tuhaf hik\u00e2yelerin pe\u015finde d\u00fcnyay\u0131 dola\u015f\u0131yor.   Cilt 1 Tuzlu Denizin \u015eark\u0131s\u0131 Cilt 2 O\u011flak Burcu Alt\u0131nda Cilt 3 Git Gidebildi\u011fin Kadar Cilt 4 Keltler Cilt 5 Etiyopyal\u0131lar Cilt 6 Sibirya\u2019da <\/p>\n","protected":false},"excerpt":{"rendered":"<p>\u00d6zg\u00fcrl\u00fck d\u00fc\u015fk\u00fcn\u00fc ve serseri ruhlu maceraperest Corto Maltese kay\u0131p hazinelerin, yard\u0131ma muhta\u00e7 arkada\u015flar\u0131n, tuhaf hik\u00e2yelerin pe\u015finde d\u00fcnyay\u0131 dola\u015f\u0131yor. Cilt 1 Tuzlu Denizin \u015eark\u0131s\u0131 Cilt 2 O\u011flak<span class=\"excerpt-hellip\"> [\u2026]<\/span><\/p>\n","protected":false},"featured_media":0,"template":"","meta":{"_monsterinsights_skip_tracking":false,"_monsterinsights_sitenote_active":false,"_monsterinsights_sitenote_note":"","_monsterinsights_sitenote_category":0},"product_brand":[],"product_cat":[12416,12291],"product_tag":[],"class_list":{"0":"post-743650","1":"product","2":"type-product","3":"status-publish","5":"product_cat-cizgi-roman","6":"product_cat-edebiyat","7":"pa_cilt-ciltsiz","8":"pa_tur-kitap","9":"pa_yayinevi-yapi-kredi-yayinlari","10":"pa_yazar-hugo-pratt","12":"first","13":"instock","14":"sale","15":"shipping-taxable","16":"purchasable","17":"product-type-simple"},"_links":{"self":[{"href":"https:\/\/roveyayinevi.com.tr\/index.php\/wp-json\/wp\/v2\/product\/743650","targetHints":{"allow":["GET"]}}],"collection":[{"href":"https:\/\/roveyayinevi.com.tr\/index.php\/wp-json\/wp\/v2\/product"}],"about":[{"href":"https:\/\/roveyayinevi.com.tr\/index.php\/wp-json\/wp\/v2\/types\/product"}],"wp:attachment":[{"href":"https:\/\/roveyayinevi.com.tr\/index.php\/wp-json\/wp\/v2\/media?parent=743650"}],"wp:term":[{"taxonomy":"product_brand","embeddable":true,"href":"https:\/\/roveyayinevi.com.tr\/index.php\/wp-json\/wp\/v2\/product_brand?post=743650"},{"taxonomy":"product_cat","embeddable":true,"href":"https:\/\/roveyayinevi.com.tr\/index.php\/wp-json\/wp\/v2\/product_cat?post=743650"},{"taxonomy":"product_tag","embeddable":true,"href":"https:\/\/roveyayinevi.com.tr\/index.php\/wp-json\/wp\/v2\/product_tag?post=743650"}],"curies":[{"name":"wp","href":"https:\/\/api.w.org\/{rel}","templated":true}]}}