{"id":743648,"date":"2025-08-28T01:39:35","date_gmt":"2025-08-27T22:39:35","guid":{"rendered":"https:\/\/roveyayinevi.com.tr\/index.php\/urun\/perdeyi-gecmek\/"},"modified":"2026-04-16T02:54:52","modified_gmt":"2026-04-15T23:54:52","slug":"perdeyi-gecmek","status":"publish","type":"product","link":"https:\/\/roveyayinevi.com.tr\/index.php\/urun\/perdeyi-gecmek\/","title":{"rendered":"Perdeyi Ge\u00e7mek"},"content":{"rendered":"<p>Steve Rother ve Grup, son derece ayd\u0131nlat\u0131c\u0131 bilgiler i\u00e7eren bu kitapta, bir ruhun bir insan olarak bu d\u00fcnyada do\u011fmadan \u00f6nce, \u00f6b\u00fcr tarafta ge\u00e7irdi\u011fi pl\u00e2nlama a\u015famalar\u0131n\u0131, di\u011fer ruhlarla yapt\u0131\u011f\u0131 kontratlar\u0131, edindi\u011fi rehberleri, se\u00e7ti\u011fi ya\u015fam derslerini ve sonra iki d\u00fcnya aras\u0131ndaki perdeden ge\u00e7erek bu d\u00fcnyaya nas\u0131l geldi\u011fini a\u00e7\u0131kl\u0131yor. Yine bu kitapta, bir ruhun -bizim \u00f6l\u00fcm dedi\u011fimiz- bedenini terk etme s\u00fcreci, aradaki perdeden nas\u0131l ge\u00e7ti\u011fi ve \u00f6b\u00fcr tarafta ge\u00e7irdi\u011fi deneyimler \u00e7arp\u0131c\u0131 bir bi\u00e7imde anlat\u0131l\u0131yor. Grup, ruhun bu gizemli yolculu\u011funu ilk kez b\u00f6yle ayr\u0131nt\u0131l\u0131 olarak sunmaktad\u0131r. \u201cBu kitap biz insanlar olarak bu d\u00fcnyaya gelmeden \u00f6nce ne oldu\u011funu ve Yuva\u2019ya geri d\u00f6nd\u00fc\u011f\u00fcm\u00fczde ne oldu\u011funu a\u00e7\u0131k bir bi\u00e7imde anlatmaktad\u0131r. Perdeyi Ge\u00e7mek, \u201cBen kimim?\u201d sorusuna verilen, \u015fimdiye dek kar\u015f\u0131la\u015ft\u0131\u011f\u0131m en ayd\u0131nlat\u0131c\u0131 yan\u0131tlar\u0131 i\u00e7ermektedir. Umar\u0131m, siz de bu kitab\u0131 benim kadar ilham verici, rahatlat\u0131c\u0131 ve ayd\u0131nlat\u0131c\u0131 bulursunuz.\u201d Gail HarrisBeden ve Ruh adl\u0131 televizyon dizisinin yarat\u0131c\u0131s\u0131, Beden ve Ruh ve Bulanlar Arayanlar adl\u0131 kitaplar\u0131n yazar\u0131<\/p>\n","protected":false},"excerpt":{"rendered":"<p>Steve Rother ve Grup, son derece ayd\u0131nlat\u0131c\u0131 bilgiler i\u00e7eren bu kitapta, bir ruhun bir insan olarak bu d\u00fcnyada do\u011fmadan \u00f6nce, \u00f6b\u00fcr tarafta ge\u00e7irdi\u011fi pl\u00e2nlama a\u015famalar\u0131n\u0131, di\u011fer<span class=\"excerpt-hellip\"> [\u2026]<\/span><\/p>\n","protected":false},"featured_media":0,"template":"","meta":{"_monsterinsights_skip_tracking":false,"_monsterinsights_sitenote_active":false,"_monsterinsights_sitenote_note":"","_monsterinsights_sitenote_category":0},"product_brand":[],"product_cat":[12364,12376],"product_tag":[],"class_list":{"0":"post-743648","1":"product","2":"type-product","3":"status-publish","5":"product_cat-genel-konular","6":"product_cat-kisisel-gelisim","7":"pa_cilt-ciltsiz","8":"pa_tur-kitap","9":"pa_yayinevi-akasa-yayinlari","10":"pa_yazar-steve-rother","12":"first","13":"instock","14":"sale","15":"shipping-taxable","16":"purchasable","17":"product-type-simple"},"_links":{"self":[{"href":"https:\/\/roveyayinevi.com.tr\/index.php\/wp-json\/wp\/v2\/product\/743648","targetHints":{"allow":["GET"]}}],"collection":[{"href":"https:\/\/roveyayinevi.com.tr\/index.php\/wp-json\/wp\/v2\/product"}],"about":[{"href":"https:\/\/roveyayinevi.com.tr\/index.php\/wp-json\/wp\/v2\/types\/product"}],"wp:attachment":[{"href":"https:\/\/roveyayinevi.com.tr\/index.php\/wp-json\/wp\/v2\/media?parent=743648"}],"wp:term":[{"taxonomy":"product_brand","embeddable":true,"href":"https:\/\/roveyayinevi.com.tr\/index.php\/wp-json\/wp\/v2\/product_brand?post=743648"},{"taxonomy":"product_cat","embeddable":true,"href":"https:\/\/roveyayinevi.com.tr\/index.php\/wp-json\/wp\/v2\/product_cat?post=743648"},{"taxonomy":"product_tag","embeddable":true,"href":"https:\/\/roveyayinevi.com.tr\/index.php\/wp-json\/wp\/v2\/product_tag?post=743648"}],"curies":[{"name":"wp","href":"https:\/\/api.w.org\/{rel}","templated":true}]}}