{"id":743646,"date":"2025-08-28T01:39:32","date_gmt":"2025-08-27T22:39:32","guid":{"rendered":"https:\/\/roveyayinevi.com.tr\/index.php\/urun\/bitmeyen-mitoloji-1\/"},"modified":"2026-04-03T02:58:44","modified_gmt":"2026-04-02T23:58:44","slug":"bitmeyen-mitoloji-1","status":"publish","type":"product","link":"https:\/\/roveyayinevi.com.tr\/index.php\/urun\/bitmeyen-mitoloji-1\/","title":{"rendered":"Bitmeyen Mitoloji-1"},"content":{"rendered":"<p>Bitmeyen Mitoloji-1 Yunan mitolojisini bir kaplumba\u011fadan dinlemek harika bir fikir de\u011fil mi? Bir antik kentte ya\u015fayan bilge ve ya\u015fl\u0131 kaplumba\u011fa Baklanbaus&#8217;un o g\u00fc\u00e7l\u00fc haf\u0131zas\u0131nda \u00f6yle \u00f6yk\u00fcler var ki &#8230; Baklanbaus serinin ilk kitab\u0131nda h\u00fczn\u00fcn ve \u00f6fkenin \u00f6yk\u00fcs\u00fcn\u00fc anlat\u0131yor. Bir\u00e7ok mitolojik kahraman\u0131n yan\u0131 s\u0131ra, d\u00fcnyan\u0131n mevsimlerle, insanlar\u0131n ate\u015fle nas\u0131l tan\u0131\u015ft\u0131\u011f\u0131na dair s\u00f6ylenceler de bekliyor bizi bu kitapta.   <\/p>\n","protected":false},"excerpt":{"rendered":"<p>Bitmeyen Mitoloji-1 Yunan mitolojisini bir kaplumba\u011fadan dinlemek harika bir fikir de\u011fil mi? Bir antik kentte ya\u015fayan bilge ve ya\u015fl\u0131 kaplumba\u011fa Baklanbaus&#8217;un o g\u00fc\u00e7l\u00fc haf\u0131zas\u0131nda \u00f6yle \u00f6yk\u00fcler<span class=\"excerpt-hellip\"> [\u2026]<\/span><\/p>\n","protected":false},"featured_media":0,"template":"","meta":{"_monsterinsights_skip_tracking":false,"_monsterinsights_sitenote_active":false,"_monsterinsights_sitenote_note":"","_monsterinsights_sitenote_category":0},"product_brand":[],"product_cat":[12274,12284],"product_tag":[],"class_list":{"0":"post-743646","1":"product","2":"type-product","3":"status-publish","5":"product_cat-cocuk-ve-genclik-kitaplari","6":"product_cat-hikayeler","7":"pa_cilt-ciltsiz","8":"pa_tur-kitap","9":"pa_yayinevi-nesin-yayinlari","10":"pa_yazar-hafize-cinar-guner","12":"first","13":"instock","14":"sale","15":"shipping-taxable","16":"purchasable","17":"product-type-simple"},"_links":{"self":[{"href":"https:\/\/roveyayinevi.com.tr\/index.php\/wp-json\/wp\/v2\/product\/743646","targetHints":{"allow":["GET"]}}],"collection":[{"href":"https:\/\/roveyayinevi.com.tr\/index.php\/wp-json\/wp\/v2\/product"}],"about":[{"href":"https:\/\/roveyayinevi.com.tr\/index.php\/wp-json\/wp\/v2\/types\/product"}],"wp:attachment":[{"href":"https:\/\/roveyayinevi.com.tr\/index.php\/wp-json\/wp\/v2\/media?parent=743646"}],"wp:term":[{"taxonomy":"product_brand","embeddable":true,"href":"https:\/\/roveyayinevi.com.tr\/index.php\/wp-json\/wp\/v2\/product_brand?post=743646"},{"taxonomy":"product_cat","embeddable":true,"href":"https:\/\/roveyayinevi.com.tr\/index.php\/wp-json\/wp\/v2\/product_cat?post=743646"},{"taxonomy":"product_tag","embeddable":true,"href":"https:\/\/roveyayinevi.com.tr\/index.php\/wp-json\/wp\/v2\/product_tag?post=743646"}],"curies":[{"name":"wp","href":"https:\/\/api.w.org\/{rel}","templated":true}]}}