{"id":743645,"date":"2025-08-28T01:39:31","date_gmt":"2025-08-27T22:39:31","guid":{"rendered":"https:\/\/roveyayinevi.com.tr\/index.php\/urun\/okyanusun-anatomisi\/"},"modified":"2026-04-16T02:54:52","modified_gmt":"2026-04-15T23:54:52","slug":"okyanusun-anatomisi","status":"publish","type":"product","link":"https:\/\/roveyayinevi.com.tr\/index.php\/urun\/okyanusun-anatomisi\/","title":{"rendered":"Okyanusun Anatomisi"},"content":{"rendered":"<p>D\u00fcnya okyanuslar\u0131na dair bu muhte\u015fem g\u00f6rsel turla keyifli bir deniz maceras\u0131na at\u0131l\u0131n. Mercan resiflerini ke\u015ffedin, Kutup Denizi\u2019nde seyahate \u00e7\u0131k\u0131n ve denizin derinliklerinde ya\u015fayan tuhaf deniz canl\u0131lar\u0131yla tan\u0131\u015fmak i\u00e7in derinlere dal\u0131n. Julia Rothman\u2019\u0131n sanat\u0131 ve bilimi birle\u015ftiren muhte\u015fem \u00e7izimleri, dalgalar\u0131n \u00fcst\u00fcndeki ve alt\u0131ndaki ya\u015fam\u0131n bir\u00e7ok b\u00fcy\u00fcleyici y\u00f6n\u00fcn\u00fc g\u00f6zler \u00f6n\u00fcne seriyor. <\/p>\n","protected":false},"excerpt":{"rendered":"<p>D\u00fcnya okyanuslar\u0131na dair bu muhte\u015fem g\u00f6rsel turla keyifli bir deniz maceras\u0131na at\u0131l\u0131n. Mercan resiflerini ke\u015ffedin, Kutup Denizi\u2019nde seyahate \u00e7\u0131k\u0131n ve denizin derinliklerinde ya\u015fayan tuhaf deniz canl\u0131lar\u0131yla<span class=\"excerpt-hellip\"> [\u2026]<\/span><\/p>\n","protected":false},"featured_media":0,"template":"","meta":{"_monsterinsights_skip_tracking":false,"_monsterinsights_sitenote_active":false,"_monsterinsights_sitenote_note":"","_monsterinsights_sitenote_category":0},"product_brand":[],"product_cat":[13005,13006],"product_tag":[],"class_list":{"0":"post-743645","1":"product","2":"type-product","3":"status-publish","5":"product_cat-bilim-muhendislik","6":"product_cat-populer-bilim","7":"pa_cilt-ciltsiz","8":"pa_tur-kitap","9":"pa_yayinevi-odtu-gelistirme-vakfi-yayincilik","10":"pa_yazar-julia-rothman","12":"first","13":"instock","14":"sale","15":"shipping-taxable","16":"purchasable","17":"product-type-simple"},"_links":{"self":[{"href":"https:\/\/roveyayinevi.com.tr\/index.php\/wp-json\/wp\/v2\/product\/743645","targetHints":{"allow":["GET"]}}],"collection":[{"href":"https:\/\/roveyayinevi.com.tr\/index.php\/wp-json\/wp\/v2\/product"}],"about":[{"href":"https:\/\/roveyayinevi.com.tr\/index.php\/wp-json\/wp\/v2\/types\/product"}],"wp:attachment":[{"href":"https:\/\/roveyayinevi.com.tr\/index.php\/wp-json\/wp\/v2\/media?parent=743645"}],"wp:term":[{"taxonomy":"product_brand","embeddable":true,"href":"https:\/\/roveyayinevi.com.tr\/index.php\/wp-json\/wp\/v2\/product_brand?post=743645"},{"taxonomy":"product_cat","embeddable":true,"href":"https:\/\/roveyayinevi.com.tr\/index.php\/wp-json\/wp\/v2\/product_cat?post=743645"},{"taxonomy":"product_tag","embeddable":true,"href":"https:\/\/roveyayinevi.com.tr\/index.php\/wp-json\/wp\/v2\/product_tag?post=743645"}],"curies":[{"name":"wp","href":"https:\/\/api.w.org\/{rel}","templated":true}]}}