{"id":743644,"date":"2025-08-28T01:39:30","date_gmt":"2025-08-27T22:39:30","guid":{"rendered":"https:\/\/roveyayinevi.com.tr\/index.php\/urun\/muzip-nasreddin-hocanin-fikralari\/"},"modified":"2026-04-16T02:54:52","modified_gmt":"2026-04-15T23:54:52","slug":"muzip-nasreddin-hocanin-fikralari","status":"publish","type":"product","link":"https:\/\/roveyayinevi.com.tr\/index.php\/urun\/muzip-nasreddin-hocanin-fikralari\/","title":{"rendered":"Muzip Nasreddin Hoca\u2019n\u0131n F\u0131kralar\u0131"},"content":{"rendered":"<p>\u201cE\u011eLENMEYE BAKARSAN YA DA E\u011eLENMEY\u0130 \u00d6\u011eRENMEYE \u00c7ALI\u015eIRSAN, B\u0130R\u0130LER\u0130N\u0130N S\u0130N\u0130RLER\u0130NE DOKUNURSUN. ELBETTE TERS\u0130N\u0130 DE YAPAB\u0130L\u0130RS\u0130N AMA Y\u0130NE DE B\u0130R\u0130LER\u0130N\u0130N S\u0130N\u0130RLER\u0130NE DOKUNURSUN.\u201d   Nasreddin Hoca\u2019n\u0131n cazibesi, g\u00f6sterdi\u011fi ger\u00e7ekler kadar evrensel ve zamans\u0131zd\u0131r. Hik\u00e2yeleri \u00e7ocuklardan bilimadamlar\u0131na, mutasavv\u0131flardan felsefe takip\u00e7ilerine kadar pek \u00e7ok kimsenin oda\u011f\u0131nda olmu\u015ftur. Psikolojiden maneviyata, seyahatnamelerden antropolojik \u00e7al\u0131\u015fmalara kadar \u00e7ok \u00e7e\u015fitli konularda d\u00fczinelerce kitap yazan ve say\u0131s\u0131z \u00f6d\u00fcle lay\u0131k g\u00f6r\u00fclen \u0130dris \u015eah, Kuzey Afrika, T\u00fcrkiye, Ortado\u011fu ve Orta Asya\u2019daki kaynaklardan, Fars\u00e7a, Pe\u015ftuca, Urduca, T\u00fcrk\u00e7e ve Arap\u00e7a eski elyazmalar\u0131ndan ve s\u00f6zl\u00fc edebiyattan derledi\u011fi bu nadir koleksiyonda Nasreddin Hoca\u2019n\u0131n imtihan ve kar\u015f\u0131la\u015ft\u0131\u011f\u0131 g\u00fc\u00e7l\u00fckleri bir araya getiriyor. Hoca\u2019n\u0131n ba\u015fakt\u00f6r oldu\u011fu bu \u00f6\u011fretici hik\u00e2yeler koleksiyonu, hem ola\u011fan\u00fcst\u00fc bir mizah antolojisi hem de bir sufi bilgeli\u011fi kitab\u0131 olma niteli\u011fi ta\u015f\u0131yor. <\/p>\n","protected":false},"excerpt":{"rendered":"<p>\u201cE\u011eLENMEYE BAKARSAN YA DA E\u011eLENMEY\u0130 \u00d6\u011eRENMEYE \u00c7ALI\u015eIRSAN, B\u0130R\u0130LER\u0130N\u0130N S\u0130N\u0130RLER\u0130NE DOKUNURSUN. ELBETTE TERS\u0130N\u0130 DE YAPAB\u0130L\u0130RS\u0130N AMA Y\u0130NE DE B\u0130R\u0130LER\u0130N\u0130N S\u0130N\u0130RLER\u0130NE DOKUNURSUN.\u201d Nasreddin Hoca\u2019n\u0131n cazibesi, g\u00f6sterdi\u011fi ger\u00e7ekler kadar<span class=\"excerpt-hellip\"> [\u2026]<\/span><\/p>\n","protected":false},"featured_media":0,"template":"","meta":{"_monsterinsights_skip_tracking":false,"_monsterinsights_sitenote_active":false,"_monsterinsights_sitenote_note":"","_monsterinsights_sitenote_category":0},"product_brand":[],"product_cat":[12291,103133],"product_tag":[],"class_list":{"0":"post-743644","1":"product","2":"type-product","3":"status-publish","5":"product_cat-edebiyat","6":"product_cat-fikra","7":"pa_cilt-ciltsiz","8":"pa_tur-kitap","9":"pa_yayinevi-beyaz-baykus-yayinlari","10":"pa_yazar-idris-sah","12":"first","13":"instock","14":"sale","15":"shipping-taxable","16":"purchasable","17":"product-type-simple"},"_links":{"self":[{"href":"https:\/\/roveyayinevi.com.tr\/index.php\/wp-json\/wp\/v2\/product\/743644","targetHints":{"allow":["GET"]}}],"collection":[{"href":"https:\/\/roveyayinevi.com.tr\/index.php\/wp-json\/wp\/v2\/product"}],"about":[{"href":"https:\/\/roveyayinevi.com.tr\/index.php\/wp-json\/wp\/v2\/types\/product"}],"wp:attachment":[{"href":"https:\/\/roveyayinevi.com.tr\/index.php\/wp-json\/wp\/v2\/media?parent=743644"}],"wp:term":[{"taxonomy":"product_brand","embeddable":true,"href":"https:\/\/roveyayinevi.com.tr\/index.php\/wp-json\/wp\/v2\/product_brand?post=743644"},{"taxonomy":"product_cat","embeddable":true,"href":"https:\/\/roveyayinevi.com.tr\/index.php\/wp-json\/wp\/v2\/product_cat?post=743644"},{"taxonomy":"product_tag","embeddable":true,"href":"https:\/\/roveyayinevi.com.tr\/index.php\/wp-json\/wp\/v2\/product_tag?post=743644"}],"curies":[{"name":"wp","href":"https:\/\/api.w.org\/{rel}","templated":true}]}}