{"id":743643,"date":"2025-08-28T01:39:29","date_gmt":"2025-08-27T22:39:29","guid":{"rendered":"https:\/\/roveyayinevi.com.tr\/index.php\/urun\/kim-bu-tapinakcilar\/"},"modified":"2026-04-16T02:54:52","modified_gmt":"2026-04-15T23:54:52","slug":"kim-bu-tapinakcilar","status":"publish","type":"product","link":"https:\/\/roveyayinevi.com.tr\/index.php\/urun\/kim-bu-tapinakcilar\/","title":{"rendered":"Kim Bu Tap\u0131nak\u00e7\u0131lar"},"content":{"rendered":"<p>\u201cMES\u0130H GELD\u0130\u011e\u0130NDE D\u0130\u011eER M\u0130LLETLER YA FETHED\u0130LECEK, YA \u0130MHA ED\u0130LECEK YA DA D\u0130NLER\u0130NDEN D\u00d6ND\u00dcR\u00dcLECEKLERD\u0130R. AMA SONLARI NE OLURSA OLSUN, O TAR\u0130HTEN SONRA \u0130SRA\u0130L \u0130\u00c7\u0130N SIKINTI KAYNA\u011eI OLMAKTAN \u00c7IKACAKLARDIR.\u201d \u2013 THE UNIVERSAL JEWISH ENCYCLOPEDIA   Kutsal topraklar\u0131n ve Hz. S\u00fcleyman Tap\u0131na\u011f\u0131\u2019n\u0131n korunmas\u0131 gibi s\u00f6zde ulvi ama\u00e7lara b\u00fcy\u00fck servetler feda edip Ha\u00e7l\u0131 ordular\u0131 kurarak \u00f6nce Sel\u00e7uklular, ard\u0131ndan Selahattin Eyyubi taraf\u0131ndan bozguna u\u011frat\u0131lan Avrupa soylular\u0131, b\u00fct\u00fcn bu \u00e7abalar\u0131n Tap\u0131nak \u015e\u00f6valyeleri eliyle bo\u015fa \u00e7\u0131kar\u0131ld\u0131\u011f\u0131n\u0131 ve kendi ama\u00e7lar\u0131 i\u00e7in kullan\u0131ld\u0131\u011f\u0131n\u0131 \u00e7ok erken d\u00f6nemlerde fark etmi\u015flerdi. Ancak \u00e7\u0131kar ili\u015fkileri, Kilise\u2019nin etkisi ve halk\u0131n bu tarikata verdi\u011fi destek gibi sebepler kesin bir \u00f6nlem almay\u0131 engellemi\u015f, Ha\u00e7l\u0131lar kutsal topraklardaki varl\u0131klar\u0131n\u0131 teker teker kaybetmeye ba\u015flam\u0131\u015f ve Kud\u00fcs, yeniden M\u00fcsl\u00fcmanlar\u0131n eline ge\u00e7mi\u015fti. G\u00fcn\u00fcm\u00fczde ise Mesih\u2019in geli\u015fiyle birlikte \u201cd\u00fcnyaya egemen olma\u201d hesaplar\u0131 yapan Yahudi \u00f6nde gelenleri de Hz. S\u00fcleyman Tap\u0131na\u011f\u0131\u2019yla olduk\u00e7a ilgililerdir. Ayn\u0131 beklenti, tap\u0131na\u011f\u0131 felsefelerinin merkezine yerle\u015ftiren Masonlar i\u00e7in de ge\u00e7erlidir. Etkileri Bat\u0131 uygarl\u0131\u011f\u0131n\u0131n DNA\u2019s\u0131nda h\u00e2l\u00e2 varl\u0131\u011f\u0131n\u0131 s\u00fcrd\u00fcren bu arkaik yap\u0131n\u0131n analizi ve \u015fifrelerinin \u00e7\u00f6z\u00fcm\u00fcn\u00fc bu kitapta t\u00fcm a\u00e7\u0131kl\u0131\u011f\u0131yla bulacaks\u0131n\u0131z. <\/p>\n","protected":false},"excerpt":{"rendered":"<p>\u201cMES\u0130H GELD\u0130\u011e\u0130NDE D\u0130\u011eER M\u0130LLETLER YA FETHED\u0130LECEK, YA \u0130MHA ED\u0130LECEK YA DA D\u0130NLER\u0130NDEN D\u00d6ND\u00dcR\u00dcLECEKLERD\u0130R. AMA SONLARI NE OLURSA OLSUN, O TAR\u0130HTEN SONRA \u0130SRA\u0130L \u0130\u00c7\u0130N SIKINTI KAYNA\u011eI OLMAKTAN<span class=\"excerpt-hellip\"> [\u2026]<\/span><\/p>\n","protected":false},"featured_media":0,"template":"","meta":{"_monsterinsights_skip_tracking":false,"_monsterinsights_sitenote_active":false,"_monsterinsights_sitenote_note":"","_monsterinsights_sitenote_category":0},"product_brand":[],"product_cat":[12370,12304],"product_tag":[],"class_list":{"0":"post-743643","1":"product","2":"type-product","3":"status-publish","5":"product_cat-arastirma-inceleme","6":"product_cat-tarih","7":"pa_cilt-ciltsiz","8":"pa_tur-kitap","9":"pa_yayinevi-destek-yayinlari","10":"pa_yazar-turker-akinci","12":"first","13":"instock","14":"sale","15":"shipping-taxable","16":"purchasable","17":"product-type-simple"},"_links":{"self":[{"href":"https:\/\/roveyayinevi.com.tr\/index.php\/wp-json\/wp\/v2\/product\/743643","targetHints":{"allow":["GET"]}}],"collection":[{"href":"https:\/\/roveyayinevi.com.tr\/index.php\/wp-json\/wp\/v2\/product"}],"about":[{"href":"https:\/\/roveyayinevi.com.tr\/index.php\/wp-json\/wp\/v2\/types\/product"}],"wp:attachment":[{"href":"https:\/\/roveyayinevi.com.tr\/index.php\/wp-json\/wp\/v2\/media?parent=743643"}],"wp:term":[{"taxonomy":"product_brand","embeddable":true,"href":"https:\/\/roveyayinevi.com.tr\/index.php\/wp-json\/wp\/v2\/product_brand?post=743643"},{"taxonomy":"product_cat","embeddable":true,"href":"https:\/\/roveyayinevi.com.tr\/index.php\/wp-json\/wp\/v2\/product_cat?post=743643"},{"taxonomy":"product_tag","embeddable":true,"href":"https:\/\/roveyayinevi.com.tr\/index.php\/wp-json\/wp\/v2\/product_tag?post=743643"}],"curies":[{"name":"wp","href":"https:\/\/api.w.org\/{rel}","templated":true}]}}