{"id":743642,"date":"2025-08-28T01:39:28","date_gmt":"2025-08-27T22:39:28","guid":{"rendered":"https:\/\/roveyayinevi.com.tr\/index.php\/urun\/is-analitiginde-matematiksel-modelleme-uygulamalari\/"},"modified":"2026-04-16T02:54:52","modified_gmt":"2026-04-15T23:54:52","slug":"is-analitiginde-matematiksel-modelleme-uygulamalari","status":"publish","type":"product","link":"https:\/\/roveyayinevi.com.tr\/index.php\/urun\/is-analitiginde-matematiksel-modelleme-uygulamalari\/","title":{"rendered":"\u0130\u015f Analiti\u011finde Matematiksel Modelleme Uygulamalar\u0131"},"content":{"rendered":"<p>\u00b7         Ara\u00e7 Rotalama Problemleri ve \u00c7ok \u00dcr\u00fcnl\u00fc \u00c7ok Depolu Ara\u00e7 Rotalama Problemi \u0130\u00e7in \u00d6rnek \u00b7         Uygulama \u00b7         \u00c7ok Modlu Ta\u015f\u0131mac\u0131l\u0131k \u0130\u00e7in Bir Robust Optimizasyon Yakla\u015f\u0131m\u0131 \u00b7         Karbon Sal\u0131n\u0131m Kotas\u0131 Politikas\u0131n\u0131n \u0130\u015fletme Karl\u0131l\u0131\u011f\u0131 ve Fiyatland\u0131rma Kararlar\u0131 \u00dczerine Etkisi \u00b7         Tedarik Zinciri Siber G\u00fcvenli\u011fi \u0130\u00e7in Bir Risk Optimizasyon Modeli \u00b7         \u00dc\u00e7 Boyutlu Ara\u00e7 Y\u00fckleme ve Ara\u00e7 Rotalama Problemi \u0130\u00e7in Bir \u00d6rnek Uygulama \u00b7         Veri Zarflama Analizi ve Makine \u00d6\u011frenimi Algoritmalar\u0131 Kullan\u0131larak Mevduat Bankalar\u0131n\u0131n Etkinlik Analizi: T\u00fcrkiye \u00d6rne\u011fi \u00b7         Yer Se\u00e7imi Kararlar\u0131nda P\u2010Medyan Modeline Y\u00f6nelik \u00d6rnek Bir Uygulama \u00b7         Personel Yeniden \u00c7izelgeleme Problemine Karar Destek Sistemi \u00d6nerisi <\/p>\n","protected":false},"excerpt":{"rendered":"<p>\u00b7 Ara\u00e7 Rotalama Problemleri ve \u00c7ok \u00dcr\u00fcnl\u00fc \u00c7ok Depolu Ara\u00e7 Rotalama Problemi \u0130\u00e7in \u00d6rnek \u00b7 Uygulama \u00b7 \u00c7ok Modlu Ta\u015f\u0131mac\u0131l\u0131k \u0130\u00e7in Bir Robust Optimizasyon Yakla\u015f\u0131m\u0131 \u00b7<span class=\"excerpt-hellip\"> [\u2026]<\/span><\/p>\n","protected":false},"featured_media":0,"template":"","meta":{"_monsterinsights_skip_tracking":false,"_monsterinsights_sitenote_active":false,"_monsterinsights_sitenote_note":"","_monsterinsights_sitenote_category":0},"product_brand":[],"product_cat":[12573,12566],"product_tag":[],"class_list":{"0":"post-743642","1":"product","2":"type-product","3":"status-publish","5":"product_cat-akademik-kitaplar","6":"product_cat-egitim","7":"pa_cilt-ciltsiz","8":"pa_tur-kitap","9":"pa_yayinevi-gazi-kitabevi","10":"pa_yazar-kolektif","12":"first","13":"instock","14":"sale","15":"shipping-taxable","16":"purchasable","17":"product-type-simple"},"_links":{"self":[{"href":"https:\/\/roveyayinevi.com.tr\/index.php\/wp-json\/wp\/v2\/product\/743642","targetHints":{"allow":["GET"]}}],"collection":[{"href":"https:\/\/roveyayinevi.com.tr\/index.php\/wp-json\/wp\/v2\/product"}],"about":[{"href":"https:\/\/roveyayinevi.com.tr\/index.php\/wp-json\/wp\/v2\/types\/product"}],"wp:attachment":[{"href":"https:\/\/roveyayinevi.com.tr\/index.php\/wp-json\/wp\/v2\/media?parent=743642"}],"wp:term":[{"taxonomy":"product_brand","embeddable":true,"href":"https:\/\/roveyayinevi.com.tr\/index.php\/wp-json\/wp\/v2\/product_brand?post=743642"},{"taxonomy":"product_cat","embeddable":true,"href":"https:\/\/roveyayinevi.com.tr\/index.php\/wp-json\/wp\/v2\/product_cat?post=743642"},{"taxonomy":"product_tag","embeddable":true,"href":"https:\/\/roveyayinevi.com.tr\/index.php\/wp-json\/wp\/v2\/product_tag?post=743642"}],"curies":[{"name":"wp","href":"https:\/\/api.w.org\/{rel}","templated":true}]}}