{"id":743637,"date":"2025-08-28T01:39:22","date_gmt":"2025-08-27T22:39:22","guid":{"rendered":"https:\/\/roveyayinevi.com.tr\/index.php\/urun\/ozel-bir-aydinlanma\/"},"modified":"2026-04-16T02:54:52","modified_gmt":"2026-04-15T23:54:52","slug":"ozel-bir-aydinlanma","status":"publish","type":"product","link":"https:\/\/roveyayinevi.com.tr\/index.php\/urun\/ozel-bir-aydinlanma\/","title":{"rendered":"\u00d6zel Bir Ayd\u0131nlanma"},"content":{"rendered":"<p>\u201cE\u011eER \u00d6ZEL B\u0130R AYDINLANMA \u0130STERSEN, B\u0130R \u0130NSANIN Y\u00dcZ\u00dcNE BAK: KAHKAHASINDA MUTLAK GER\u00c7E\u011e\u0130N \u00d6Z\u00dcN\u00dc G\u00d6RECEKS\u0130N.\u201d \u2013 MEVLANA CELALEDD\u0130N RUM\u0130   \u00d6ZEL B\u0130R AYDINLANMA, b\u00fcy\u00fck \u015fair ve mistik Celaleddin Rumi\u2019nin metafizik deneyimde mizah\u0131n \u00f6nemini vurgulamak i\u00e7in kulland\u0131\u011f\u0131 bir terimdir. \u015ea\u015f\u0131rt\u0131c\u0131 ve gerilim azalt\u0131c\u0131 \u00f6zellikleriyle, ayn\u0131 anda yanl\u0131\u015f anlamalar\u0131n bir g\u00f6stergesi olmas\u0131yla mizah, sufilerin geleneksel olarak kulland\u0131klar\u0131 tan\u0131 koymaya yarayan en etkili ara\u00e7lardan biridir. Mizah, insan ruhunda daha fazla sezgiye ve de\u011fi\u015fime ilham verir. Zihnimizin \u00e7al\u0131\u015fma \u015fekline bir ayna tutan f\u0131kralar, onlara nas\u0131l tepki verdi\u011fimizi g\u00f6zlemlemek i\u00e7in f\u0131rsatlar sa\u011flar. Duygusal zek\u00e2 ve bilin\u00e7li sezgi yerine mant\u0131\u011f\u0131 kullanarak nas\u0131l hata yap\u0131labilece\u011fini t\u0131pk\u0131 bir ayna gibi yans\u0131t\u0131r. Bu yans\u0131ma bazen bir \u00f6nyarg\u0131d\u0131r bazen de dar g\u00f6r\u00fc\u015fl\u00fc bir d\u00fc\u015f\u00fcnce&#8230; \u0130dris \u015eah, \u00e7a\u011fda\u015f f\u0131kralar\u0131, mizahi anekdotlar\u0131 ve hik\u00e2yeleri ustaca yorumlarla \u00f6r\u00fcyor. Okurunu kahkaha, i\u00e7 g\u00f6zlem ve s\u00fcrprizlerle dolu e\u011flenceli ve ayd\u0131nlat\u0131c\u0131 bir ke\u015fif yolculu\u011funa \u00e7\u0131kar\u0131yor. <\/p>\n","protected":false},"excerpt":{"rendered":"<p>\u201cE\u011eER \u00d6ZEL B\u0130R AYDINLANMA \u0130STERSEN, B\u0130R \u0130NSANIN Y\u00dcZ\u00dcNE BAK: KAHKAHASINDA MUTLAK GER\u00c7E\u011e\u0130N \u00d6Z\u00dcN\u00dc G\u00d6RECEKS\u0130N.\u201d \u2013 MEVLANA CELALEDD\u0130N RUM\u0130 \u00d6ZEL B\u0130R AYDINLANMA, b\u00fcy\u00fck \u015fair ve mistik Celaleddin<span class=\"excerpt-hellip\"> [\u2026]<\/span><\/p>\n","protected":false},"featured_media":0,"template":"","meta":{"_monsterinsights_skip_tracking":false,"_monsterinsights_sitenote_active":false,"_monsterinsights_sitenote_note":"","_monsterinsights_sitenote_category":0},"product_brand":[],"product_cat":[13072,12291],"product_tag":[],"class_list":{"0":"post-743637","1":"product","2":"type-product","3":"status-publish","5":"product_cat-arastirma-inceleme-referans","6":"product_cat-edebiyat","7":"pa_cilt-ciltsiz","8":"pa_tur-kitap","9":"pa_yayinevi-beyaz-baykus-yayinlari","10":"pa_yazar-idris-sah","12":"first","13":"instock","14":"sale","15":"shipping-taxable","16":"purchasable","17":"product-type-simple"},"_links":{"self":[{"href":"https:\/\/roveyayinevi.com.tr\/index.php\/wp-json\/wp\/v2\/product\/743637","targetHints":{"allow":["GET"]}}],"collection":[{"href":"https:\/\/roveyayinevi.com.tr\/index.php\/wp-json\/wp\/v2\/product"}],"about":[{"href":"https:\/\/roveyayinevi.com.tr\/index.php\/wp-json\/wp\/v2\/types\/product"}],"wp:attachment":[{"href":"https:\/\/roveyayinevi.com.tr\/index.php\/wp-json\/wp\/v2\/media?parent=743637"}],"wp:term":[{"taxonomy":"product_brand","embeddable":true,"href":"https:\/\/roveyayinevi.com.tr\/index.php\/wp-json\/wp\/v2\/product_brand?post=743637"},{"taxonomy":"product_cat","embeddable":true,"href":"https:\/\/roveyayinevi.com.tr\/index.php\/wp-json\/wp\/v2\/product_cat?post=743637"},{"taxonomy":"product_tag","embeddable":true,"href":"https:\/\/roveyayinevi.com.tr\/index.php\/wp-json\/wp\/v2\/product_tag?post=743637"}],"curies":[{"name":"wp","href":"https:\/\/api.w.org\/{rel}","templated":true}]}}