{"id":743636,"date":"2025-08-28T01:39:21","date_gmt":"2025-08-27T22:39:21","guid":{"rendered":"https:\/\/roveyayinevi.com.tr\/index.php\/urun\/vitamin-insanimizi-bulabilmek\/"},"modified":"2026-04-16T02:54:52","modified_gmt":"2026-04-15T23:54:52","slug":"vitamin-insanimizi-bulabilmek","status":"publish","type":"product","link":"https:\/\/roveyayinevi.com.tr\/index.php\/urun\/vitamin-insanimizi-bulabilmek\/","title":{"rendered":"Vitamin \u0130nsan\u0131m\u0131z\u0131 Bulabilmek"},"content":{"rendered":"<p>\u201cE\u011eER V\u0130TAM\u0130N \u0130NSANINI BULDUYSAN PE\u015e\u0130NE D\u00dc\u015e, \u00c7\u00dcNK\u00dc SEN SAVA\u015eIRKEN O SANA HUZUR VERECEKT\u0130R.\u201d   Neden bize b\u00f6ylesine ac\u0131 \u00e7ektiren ki\u015filer varken \u00f6te yandan bize g\u00fcven veren ve varl\u0131\u011f\u0131yla bizi sarmalayan ba\u015fkalar\u0131 da vard\u0131r? G\u00fcven, ba\u011fl\u0131l\u0131k ve sevginin arkas\u0131ndaki biyokimyasal s\u00fcre\u00e7 nas\u0131l i\u015fler? Do\u011fru partneri nas\u0131l se\u00e7ebiliriz? Toksik insanlar bize ne yapar?   Vitamin insanlar, sahip oldu\u011fumuz en iyi \u015feylerle ba\u011flant\u0131 kurar, d\u00fc\u015f\u00fcncelerimizi geli\u015ftirir, co\u015fku yayar ve onlarla yapt\u0131\u011f\u0131m\u0131z her sohbet ve aktivite modumuzu y\u00fckseltir. Mutluluklar\u0131 bula\u015f\u0131c\u0131d\u0131r, sizi g\u00fcl\u00fcmsetmek, durumu tersine \u00e7evirmek, olaylar\u0131n iyi yan\u0131na bakmak i\u00e7in muazzam bir yetenekleri vard\u0131r. Onlar duygusal dengemiz i\u00e7in ayakl\u0131 birer hazinedir.   Psikiyatr Marian Rojas Estap\u00e9, V\u0130TAM\u0130N \u0130NSANIMIZI BULAB\u0130LMEK kitab\u0131nda ba\u011flanmaya, \u00e7ocuklu\u011fa ve sevgiye bilimsel, psikolojik ve insani bir bak\u0131\u015f a\u00e7\u0131s\u0131yla yakla\u015f\u0131yor. \u0130\u00e7inizdeki iyiyi ortaya \u00e7\u0131karan, ilham veren, destek olan ve ba\u011f\u0131\u015f\u0131kl\u0131k sisteminizi g\u00fc\u00e7lendiren vitamin insanlar\u0131 bulmaya davet ediyor. Bir yandan ebeveynleriniz, \u00e7ocuklar\u0131n\u0131z, e\u015finiz, dostlar\u0131n\u0131z ve i\u015f arkada\u015flar\u0131n\u0131zla kurdu\u011funuz ba\u011f\u0131 kavraman\u0131za yard\u0131mc\u0131 olurken, di\u011fer yandan da duygusal ge\u00e7mi\u015finizi anlaman\u0131z\u0131 sa\u011fl\u0131yor. <\/p>\n","protected":false},"excerpt":{"rendered":"<p>\u201cE\u011eER V\u0130TAM\u0130N \u0130NSANINI BULDUYSAN PE\u015e\u0130NE D\u00dc\u015e, \u00c7\u00dcNK\u00dc SEN SAVA\u015eIRKEN O SANA HUZUR VERECEKT\u0130R.\u201d Neden bize b\u00f6ylesine ac\u0131 \u00e7ektiren ki\u015filer varken \u00f6te yandan bize g\u00fcven veren ve<span class=\"excerpt-hellip\"> [\u2026]<\/span><\/p>\n","protected":false},"featured_media":0,"template":"","meta":{"_monsterinsights_skip_tracking":false,"_monsterinsights_sitenote_active":false,"_monsterinsights_sitenote_note":"","_monsterinsights_sitenote_category":0},"product_brand":[],"product_cat":[20502,12357],"product_tag":[],"class_list":{"0":"post-743636","1":"product","2":"type-product","3":"status-publish","5":"product_cat-basvuru-kitaplari-psikoloji","6":"product_cat-psikoloji","7":"pa_cilt-ciltsiz","8":"pa_tur-kitap","9":"pa_yayinevi-beyaz-baykus-yayinlari","10":"pa_yazar-marian-rojas-estape","12":"first","13":"instock","14":"sale","15":"shipping-taxable","16":"purchasable","17":"product-type-simple"},"_links":{"self":[{"href":"https:\/\/roveyayinevi.com.tr\/index.php\/wp-json\/wp\/v2\/product\/743636","targetHints":{"allow":["GET"]}}],"collection":[{"href":"https:\/\/roveyayinevi.com.tr\/index.php\/wp-json\/wp\/v2\/product"}],"about":[{"href":"https:\/\/roveyayinevi.com.tr\/index.php\/wp-json\/wp\/v2\/types\/product"}],"wp:attachment":[{"href":"https:\/\/roveyayinevi.com.tr\/index.php\/wp-json\/wp\/v2\/media?parent=743636"}],"wp:term":[{"taxonomy":"product_brand","embeddable":true,"href":"https:\/\/roveyayinevi.com.tr\/index.php\/wp-json\/wp\/v2\/product_brand?post=743636"},{"taxonomy":"product_cat","embeddable":true,"href":"https:\/\/roveyayinevi.com.tr\/index.php\/wp-json\/wp\/v2\/product_cat?post=743636"},{"taxonomy":"product_tag","embeddable":true,"href":"https:\/\/roveyayinevi.com.tr\/index.php\/wp-json\/wp\/v2\/product_tag?post=743636"}],"curies":[{"name":"wp","href":"https:\/\/api.w.org\/{rel}","templated":true}]}}