{"id":743635,"date":"2025-08-28T01:39:20","date_gmt":"2025-08-27T22:39:20","guid":{"rendered":"https:\/\/roveyayinevi.com.tr\/index.php\/urun\/devrimi-kadinlar-yapar\/"},"modified":"2026-04-16T02:54:52","modified_gmt":"2026-04-15T23:54:52","slug":"devrimi-kadinlar-yapar","status":"publish","type":"product","link":"https:\/\/roveyayinevi.com.tr\/index.php\/urun\/devrimi-kadinlar-yapar\/","title":{"rendered":"Devrimi Kad\u0131nlar Yapar"},"content":{"rendered":"<p>\u201cBir toplum, cinslerden yaln\u0131z birinin y\u00fczy\u0131l\u0131m\u0131z\u0131n gerektirdiklerini elde etmesiyle yetinirse, o toplum yar\u0131 yar\u0131ya zay\u0131flam\u0131\u015f olur. Bizim toplumumuzun u\u011frad\u0131\u011f\u0131 ba\u015far\u0131s\u0131zl\u0131klar\u0131n sebebi, kad\u0131nlar\u0131m\u0131za kar\u015f\u0131 ihmal ve kusurdur.\u201d \u2013 Gazi Mustafa Kemal Atat\u00fcrk   En \u00e7ok \u00e7ocuklara ve kad\u0131nlara de\u011fer verdi. \u00dclkesini d\u00fc\u015fmandan kurtar\u0131rken mermiye barutu s\u0131k\u0131\u015ft\u0131ran da, Mehmet\u00e7i\u011fin \u00e7ar\u0131\u011f\u0131n\u0131n s\u00f6k\u00fc\u011f\u00fcn\u00fc diken de onlard\u0131&#8230; O kad\u0131n\u0131 sevdi, sayd\u0131, y\u00fcre\u011fine soktu. Yak\u0131\u015f\u0131kl\u0131yd\u0131&#8230; Y\u00fcre\u011fine sokulanlarla yol ald\u0131. \u00c2\u015f\u0131\u011f\u0131 \u00e7oktu. On ikisinde M\u00fcjg\u00e2n\u2019a da g\u00f6nl\u00fcn\u00fc verdi, Fikriye\u2019ye de, Latife\u2019ye de. Hi\u00e7 gizlemedi a\u015fklar\u0131n\u0131. \u015eiir oldu, mektup oldu, cephelerden hayk\u0131rd\u0131. \u00c2\u015f\u0131k etti kendini kad\u0131nlara. Ama \u00e2\u015f\u0131k olanlar sadece kad\u0131nlar de\u011fil, \u00e7ocuk, gen\u00e7, ya\u015fl\u0131, t\u00fcm d\u00fcnya insanlar\u0131yd\u0131&#8230; A\u015fk b\u00f6yle bir \u015feydi&#8230; O\u2019nu en \u00e7ok da kad\u0131nlar sevdi&#8230; <\/p>\n","protected":false},"excerpt":{"rendered":"<p>\u201cBir toplum, cinslerden yaln\u0131z birinin y\u00fczy\u0131l\u0131m\u0131z\u0131n gerektirdiklerini elde etmesiyle yetinirse, o toplum yar\u0131 yar\u0131ya zay\u0131flam\u0131\u015f olur. Bizim toplumumuzun u\u011frad\u0131\u011f\u0131 ba\u015far\u0131s\u0131zl\u0131klar\u0131n sebebi, kad\u0131nlar\u0131m\u0131za kar\u015f\u0131 ihmal ve kusurdur.\u201d<span class=\"excerpt-hellip\"> [\u2026]<\/span><\/p>\n","protected":false},"featured_media":0,"template":"","meta":{"_monsterinsights_skip_tracking":false,"_monsterinsights_sitenote_active":false,"_monsterinsights_sitenote_note":"","_monsterinsights_sitenote_category":0},"product_brand":[],"product_cat":[12370,12304],"product_tag":[],"class_list":{"0":"post-743635","1":"product","2":"type-product","3":"status-publish","5":"product_cat-arastirma-inceleme","6":"product_cat-tarih","7":"pa_cilt-ciltsiz","8":"pa_tur-kitap","9":"pa_yayinevi-destek-yayinlari","10":"pa_yazar-yasar-gursoy","12":"first","13":"instock","14":"sale","15":"shipping-taxable","16":"purchasable","17":"product-type-simple"},"_links":{"self":[{"href":"https:\/\/roveyayinevi.com.tr\/index.php\/wp-json\/wp\/v2\/product\/743635","targetHints":{"allow":["GET"]}}],"collection":[{"href":"https:\/\/roveyayinevi.com.tr\/index.php\/wp-json\/wp\/v2\/product"}],"about":[{"href":"https:\/\/roveyayinevi.com.tr\/index.php\/wp-json\/wp\/v2\/types\/product"}],"wp:attachment":[{"href":"https:\/\/roveyayinevi.com.tr\/index.php\/wp-json\/wp\/v2\/media?parent=743635"}],"wp:term":[{"taxonomy":"product_brand","embeddable":true,"href":"https:\/\/roveyayinevi.com.tr\/index.php\/wp-json\/wp\/v2\/product_brand?post=743635"},{"taxonomy":"product_cat","embeddable":true,"href":"https:\/\/roveyayinevi.com.tr\/index.php\/wp-json\/wp\/v2\/product_cat?post=743635"},{"taxonomy":"product_tag","embeddable":true,"href":"https:\/\/roveyayinevi.com.tr\/index.php\/wp-json\/wp\/v2\/product_tag?post=743635"}],"curies":[{"name":"wp","href":"https:\/\/api.w.org\/{rel}","templated":true}]}}