{"id":743613,"date":"2025-08-28T01:38:36","date_gmt":"2025-08-27T22:38:36","guid":{"rendered":"https:\/\/roveyayinevi.com.tr\/index.php\/urun\/balinalar-aramizda\/"},"modified":"2026-04-16T02:54:51","modified_gmt":"2026-04-15T23:54:51","slug":"balinalar-aramizda","status":"publish","type":"product","link":"https:\/\/roveyayinevi.com.tr\/index.php\/urun\/balinalar-aramizda\/","title":{"rendered":"Balinalar  Aram\u0131zda"},"content":{"rendered":"<p>Dev balinalar dev okyanuslara neden s\u0131\u011famad\u0131?Nick Bland&#8217;in yaz\u0131p resimledi\u011fi Balinalar Aram\u0131zda, hayvanlar\u0131n do\u011fal ya\u015fam alanlar\u0131n\u0131n tahrip edilmesi hakk\u0131nda fark\u0131ndal\u0131k yaratan ve bu konuda bilin\u00e7 olu\u015fturan bir \u00e7evreye duyarl\u0131l\u0131k \u00f6yk\u00fcs\u00fc.Okurlar\u0131n kulaklar\u0131nda yank\u0131lanan melodik t\u0131n\u0131s\u0131, ritmik dili ve hayal g\u00fcc\u00fcn\u00fcn s\u0131n\u0131rlar\u0131n\u0131 esneten \u00e7arp\u0131c\u0131 g\u00f6rselleriyle \u00f6ne \u00e7\u0131kan kitap, insan eliyle kirlenen denizlerin gelece\u011fine dair masals\u0131 bir anlat\u0131 sunuyor. \u0130nsan\u0131n kendinden olmayana kar\u015f\u0131 sergiledi\u011fi ho\u015fg\u00f6r\u00fcs\u00fcz tutum ve davran\u0131\u015flar\u0131 incelikle ele alan Bland, \u015fiirsel \u00f6yk\u00fcs\u00fcn\u00fcn arka plan\u0131nda birey, toplum ve farkl\u0131l\u0131k kavramlar\u0131n\u0131 da sorguluyor. G\u00fcnlerden bir g\u00fcn balinalar, biricik yuvalar\u0131 okyanuslardan \u00e7\u0131k\u0131p \u015fehir hayat\u0131na bal\u0131klama dald\u0131. Bunu g\u00f6ren \u00e7ocuklar sevinedursun, yeti\u015fkinleri belli belirsiz bir homurtu sard\u0131. \u015eehirlilerin ya\u015fam alanlar\u0131 s\u0131n\u0131rlan\u0131p g\u00fcnl\u00fck rutinleri usul usul de\u011fi\u015fmeye ba\u015flad\u0131\u011f\u0131ndaysa mevzunun &#8221;a\u011f\u0131rl\u0131\u011f\u0131&#8221; ortal\u0131\u011f\u0131 birbirine katt\u0131. \u00c7\u00fcnk\u00fc balinalar art\u0131k her yerdeydi! Peki, ne i\u015fi vard\u0131 balinalar\u0131n parklardaki banklarda ya da tren vagonlar\u0131nda? Ve hatta restoranlarda? Acaba neydi onlar\u0131 engin sulardan al\u0131koyup hi\u00e7 ait olmad\u0131klar\u0131 kara par\u00e7alar\u0131na vurduran?  \u0130nsan\u0131n, ya\u015fad\u0131\u011f\u0131 \u00e7evre \u00fczerindeki &#8221;de\u011fi\u015ftirici&#8221; rol\u00fcn\u00fc sorgulayan bu etkileyici resimli kitap, empati yoluyla okurlar\u0131 balinalar\u0131n sesine kulak vermeye ve onlar\u0131n yard\u0131m \u00e7a\u011fr\u0131s\u0131na kay\u0131ts\u0131z kalmamaya davet ediyor.  <\/p>\n","protected":false},"excerpt":{"rendered":"<p>Dev balinalar dev okyanuslara neden s\u0131\u011famad\u0131?Nick Bland&#8217;in yaz\u0131p resimledi\u011fi Balinalar Aram\u0131zda, hayvanlar\u0131n do\u011fal ya\u015fam alanlar\u0131n\u0131n tahrip edilmesi hakk\u0131nda fark\u0131ndal\u0131k yaratan ve bu konuda bilin\u00e7 olu\u015fturan bir<span class=\"excerpt-hellip\"> [\u2026]<\/span><\/p>\n","protected":false},"featured_media":0,"template":"","meta":{"_monsterinsights_skip_tracking":false,"_monsterinsights_sitenote_active":false,"_monsterinsights_sitenote_note":"","_monsterinsights_sitenote_category":0},"product_brand":[],"product_cat":[12275,12274],"product_tag":[],"class_list":{"0":"post-743613","1":"product","2":"type-product","3":"status-publish","5":"product_cat-6-12-yas-kitaplari","6":"product_cat-cocuk-ve-genclik-kitaplari","7":"pa_cilt-ciltsiz","8":"pa_tur-kitap","9":"pa_yayinevi-ucanbalik-yayincilik","10":"pa_yazar-nick-bland","12":"first","13":"instock","14":"sale","15":"shipping-taxable","16":"purchasable","17":"product-type-simple"},"_links":{"self":[{"href":"https:\/\/roveyayinevi.com.tr\/index.php\/wp-json\/wp\/v2\/product\/743613","targetHints":{"allow":["GET"]}}],"collection":[{"href":"https:\/\/roveyayinevi.com.tr\/index.php\/wp-json\/wp\/v2\/product"}],"about":[{"href":"https:\/\/roveyayinevi.com.tr\/index.php\/wp-json\/wp\/v2\/types\/product"}],"wp:attachment":[{"href":"https:\/\/roveyayinevi.com.tr\/index.php\/wp-json\/wp\/v2\/media?parent=743613"}],"wp:term":[{"taxonomy":"product_brand","embeddable":true,"href":"https:\/\/roveyayinevi.com.tr\/index.php\/wp-json\/wp\/v2\/product_brand?post=743613"},{"taxonomy":"product_cat","embeddable":true,"href":"https:\/\/roveyayinevi.com.tr\/index.php\/wp-json\/wp\/v2\/product_cat?post=743613"},{"taxonomy":"product_tag","embeddable":true,"href":"https:\/\/roveyayinevi.com.tr\/index.php\/wp-json\/wp\/v2\/product_tag?post=743613"}],"curies":[{"name":"wp","href":"https:\/\/api.w.org\/{rel}","templated":true}]}}