{"id":743608,"date":"2025-08-28T01:38:29","date_gmt":"2025-08-27T22:38:29","guid":{"rendered":"https:\/\/roveyayinevi.com.tr\/index.php\/urun\/umut-devrimi\/"},"modified":"2026-04-16T02:54:51","modified_gmt":"2026-04-15T23:54:51","slug":"umut-devrimi","status":"publish","type":"product","link":"https:\/\/roveyayinevi.com.tr\/index.php\/urun\/umut-devrimi\/","title":{"rendered":"Umut Devrimi"},"content":{"rendered":"<p>UMUT DEVR\u0130M\u0130   Bir yol ayr\u0131m\u0131nday\u0131z: \u0130nsan\u0131 m\u0131 teknolojinin hizmetine verece\u011fiz yoksa teknolojiyi mi insan\u0131n hizmetine sokaca\u011f\u0131z? Yan\u0131t belli. Fakat yazara g\u00f6re, do\u011fru yola girebilmemiz i\u00e7in insan\u0131n ki\u015filik yap\u0131s\u0131, nitelikleri ve gizil g\u00fc\u00e7leri konusu ile \u00e7a\u011f\u0131m\u0131z\u0131n toplumsal, siyasal ve ekonomik sorunlar\u0131n\u0131 birlikte ele almak gerekiyor. ErichFromm \u00e7o\u011fu kitab\u0131nda oldu\u011fu gibi Umut Devrimi\u2019nde de kar\u015f\u0131m\u0131za hem ruhbilimci hem de toplumbilimci olarak \u00e7\u0131k\u0131yor. Onu klasikle\u015fmi\u015f, vazge\u00e7ilmez bir d\u00fc\u015f\u00fcn\u00fcr haline getiren de asl\u0131nda bu \u00f6zelli\u011fi. Her kitab\u0131nda oldu\u011fu gibi burada da insan ruhu ile insan toplumu aras\u0131ndaki ili\u015fkiye yine farkl\u0131 bir a\u00e7\u0131dan kendi \u00f6zg\u00fcn \u0131\u015f\u0131\u011f\u0131n\u0131 tutuyor. \u201c\u0130nsano\u011flu, bilimsel hakikatin ara\u015ft\u0131r\u0131lmas\u0131 s\u00fcreci i\u00e7inde, do\u011faya nas\u0131l egemen olaca\u011f\u0131n\u0131 \u00f6\u011frendi. Bu alanda b\u00fcy\u00fck ba\u015far\u0131lar elde etti. Ancak tekni\u011fe ve maddi t\u00fcketime tek tarafl\u0131 a\u011f\u0131rl\u0131k vermekle, kendisiyle ve ya\u015famla olan ba\u011f\u0131n\u0131 yitirdi. &#8230; Teknik ve maddi de\u011ferler \u00fczerinde yo\u011funla\u015ft\u0131; derin co\u015fkular duyma yetisini, bu duygular\u0131n getirdi\u011fi sevin\u00e7 ve \u00fcz\u00fcnt\u00fcy\u00fc hissetme yetisini yitirdi. \u0130nsano\u011flunun in\u015fa etti\u011fi makine \u00f6ylesine geli\u015fti ki, onun d\u00fc\u015f\u00fcnme bi\u00e7imini saptayan yeni bir g\u00fc\u00e7 haline geldi,\u201d diyor Fromm<\/p>\n","protected":false},"excerpt":{"rendered":"<p>UMUT DEVR\u0130M\u0130 Bir yol ayr\u0131m\u0131nday\u0131z: \u0130nsan\u0131 m\u0131 teknolojinin hizmetine verece\u011fiz yoksa teknolojiyi mi insan\u0131n hizmetine sokaca\u011f\u0131z? Yan\u0131t belli. Fakat yazara g\u00f6re, do\u011fru yola girebilmemiz i\u00e7in insan\u0131n<span class=\"excerpt-hellip\"> [\u2026]<\/span><\/p>\n","protected":false},"featured_media":0,"template":"","meta":{"_monsterinsights_skip_tracking":false,"_monsterinsights_sitenote_active":false,"_monsterinsights_sitenote_note":"","_monsterinsights_sitenote_category":0},"product_brand":[],"product_cat":[12357],"product_tag":[],"class_list":{"0":"post-743608","1":"product","2":"type-product","3":"status-publish","5":"product_cat-psikoloji","6":"pa_cilt-ciltsiz","7":"pa_tur-kitap","8":"pa_yayinevi-say-yayinlari","9":"pa_yazar-erich-fromm","11":"first","12":"instock","13":"sale","14":"shipping-taxable","15":"purchasable","16":"product-type-simple"},"_links":{"self":[{"href":"https:\/\/roveyayinevi.com.tr\/index.php\/wp-json\/wp\/v2\/product\/743608","targetHints":{"allow":["GET"]}}],"collection":[{"href":"https:\/\/roveyayinevi.com.tr\/index.php\/wp-json\/wp\/v2\/product"}],"about":[{"href":"https:\/\/roveyayinevi.com.tr\/index.php\/wp-json\/wp\/v2\/types\/product"}],"wp:attachment":[{"href":"https:\/\/roveyayinevi.com.tr\/index.php\/wp-json\/wp\/v2\/media?parent=743608"}],"wp:term":[{"taxonomy":"product_brand","embeddable":true,"href":"https:\/\/roveyayinevi.com.tr\/index.php\/wp-json\/wp\/v2\/product_brand?post=743608"},{"taxonomy":"product_cat","embeddable":true,"href":"https:\/\/roveyayinevi.com.tr\/index.php\/wp-json\/wp\/v2\/product_cat?post=743608"},{"taxonomy":"product_tag","embeddable":true,"href":"https:\/\/roveyayinevi.com.tr\/index.php\/wp-json\/wp\/v2\/product_tag?post=743608"}],"curies":[{"name":"wp","href":"https:\/\/api.w.org\/{rel}","templated":true}]}}