{"id":743607,"date":"2025-08-28T01:38:28","date_gmt":"2025-08-27T22:38:28","guid":{"rendered":"https:\/\/roveyayinevi.com.tr\/index.php\/urun\/osmanli-tarihi-1299-1566-miratul-kainat\/"},"modified":"2026-04-16T02:54:51","modified_gmt":"2026-04-15T23:54:51","slug":"osmanli-tarihi-1299-1566-miratul-kainat","status":"publish","type":"product","link":"https:\/\/roveyayinevi.com.tr\/index.php\/urun\/osmanli-tarihi-1299-1566-miratul-kainat\/","title":{"rendered":"Osmanl\u0131 Tarihi (1299 &#8211; 1566) Mir\u2019at\u00fc\u2019l-Kainat"},"content":{"rendered":"<p>Osmanl\u0131 devrinde kaleme al\u0131nm\u0131\u015f tarih eserleri g\u00fcn\u00fcm\u00fczde de ilgi \u00e7ekmektedir; fakat dilde ya\u015fanan de\u011fi\u015fim ve d\u00f6n\u00fc\u015f\u00fcm, s\u00f6z konusu metinlerin bug\u00fcn\u00fcn okurlar\u0131 taraf\u0131ndan anla\u015f\u0131lmas\u0131n\u0131 neredeyse imk\u00e2ns\u0131z h\u00e2le getirmektedir. Buradan hareketle daha \u00f6nce akademik k\u0131staslara uygun olarak orijinal diliyle yay\u0131mlanan Ni\u015fanc\u0131z\u00e2de Mehmed Efendi\u2019nin (\u00f6. 1621) Mir\u2019\u00e2t\u00fc\u2019l-K\u00e2in\u00e2t adl\u0131 eserindeki Osmanl\u0131 tarihi k\u0131sm\u0131 elinizdeki kitapta sadele\u015ftirilmi\u015f olarak sunulmu\u015ftur.     Mir\u2019\u00e2t\u00fc\u2019l-K\u00e2in\u00e2t yaz\u0131ld\u0131\u011f\u0131 andan itibaren Osmanl\u0131 ayd\u0131nlar\u0131nca ra\u011fbet g\u00f6rm\u00fc\u015f ve Osmanl\u0131 \u0130mparatorlu\u011fu\u2019nun son d\u00f6neminde hem \u0130stanbul hem de M\u0131s\u0131r matbaalar\u0131nda bas\u0131lm\u0131\u015ft\u0131r. Eserin T\u00fcrk ve d\u00fcnya k\u00fct\u00fcphanelerinde \u00e7ok say\u0131da yazma n\u00fcshas\u0131n\u0131n bulunmas\u0131 da Mir\u2019\u00e2t\u2019a g\u00f6sterilen ilgiyi g\u00f6zler \u00f6n\u00fcne sermektedir.     Mir\u2019\u00e2t\u00fc\u2019l-K\u00e2in\u00e2t\u2019\u0131n Osmanl\u0131 tarihi k\u0131sm\u0131 Osman Gazi\u2019den Kan\u00fbn\u00ee Sultan S\u00fcleyman\u2019\u0131n vefat\u0131na kadarki d\u00f6nemi kapsamaktad\u0131r. Kitapta siyasi hadiselerin yan\u0131nda sosyal ve k\u00fclt\u00fcrel hayata dair bilgiler de yer almaktad\u0131r. Bunlara ilaveten her padi\u015fah devrinden sonra o d\u00f6nemde ya\u015fam\u0131\u015f \u00e2lim ve mutasavv\u0131flar da m\u00fcstakil ba\u015fl\u0131klar alt\u0131nda k\u0131saca tan\u0131t\u0131lmaktad\u0131r.     Dr. G\u00f6ker \u0130nan taraf\u0131ndan yay\u0131na haz\u0131rlanan eserde kelime bazl\u0131 motamot bir sadele\u015ftirmeden \u00e7ok, anlat\u0131lmak isteneni do\u011frudan ifade eden bir metot takip edilmi\u015f; b\u00f6ylelikle Osmanl\u0131 devrinde yaz\u0131lm\u0131\u015f bir tarih eserinin g\u00fcn\u00fcm\u00fcz okuyucusu taraf\u0131ndan kolayl\u0131kla anla\u015f\u0131labilmesi hedeflenmi\u015ftir. <\/p>\n","protected":false},"excerpt":{"rendered":"<p>Osmanl\u0131 devrinde kaleme al\u0131nm\u0131\u015f tarih eserleri g\u00fcn\u00fcm\u00fczde de ilgi \u00e7ekmektedir; fakat dilde ya\u015fanan de\u011fi\u015fim ve d\u00f6n\u00fc\u015f\u00fcm, s\u00f6z konusu metinlerin bug\u00fcn\u00fcn okurlar\u0131 taraf\u0131ndan anla\u015f\u0131lmas\u0131n\u0131 neredeyse imk\u00e2ns\u0131z h\u00e2le<span class=\"excerpt-hellip\"> [\u2026]<\/span><\/p>\n","protected":false},"featured_media":0,"template":"","meta":{"_monsterinsights_skip_tracking":false,"_monsterinsights_sitenote_active":false,"_monsterinsights_sitenote_note":"","_monsterinsights_sitenote_category":0},"product_brand":[],"product_cat":[13517,12304],"product_tag":[],"class_list":{"0":"post-743607","1":"product","2":"type-product","3":"status-publish","5":"product_cat-osmanli-tarihi","6":"product_cat-tarih","7":"pa_cilt-ciltsiz","8":"pa_tur-kitap","9":"pa_yayinevi-bilge-kultur-sanat","10":"pa_yazar-nisancizade-mehmed-efendi","12":"first","13":"instock","14":"sale","15":"shipping-taxable","16":"purchasable","17":"product-type-simple"},"_links":{"self":[{"href":"https:\/\/roveyayinevi.com.tr\/index.php\/wp-json\/wp\/v2\/product\/743607","targetHints":{"allow":["GET"]}}],"collection":[{"href":"https:\/\/roveyayinevi.com.tr\/index.php\/wp-json\/wp\/v2\/product"}],"about":[{"href":"https:\/\/roveyayinevi.com.tr\/index.php\/wp-json\/wp\/v2\/types\/product"}],"wp:attachment":[{"href":"https:\/\/roveyayinevi.com.tr\/index.php\/wp-json\/wp\/v2\/media?parent=743607"}],"wp:term":[{"taxonomy":"product_brand","embeddable":true,"href":"https:\/\/roveyayinevi.com.tr\/index.php\/wp-json\/wp\/v2\/product_brand?post=743607"},{"taxonomy":"product_cat","embeddable":true,"href":"https:\/\/roveyayinevi.com.tr\/index.php\/wp-json\/wp\/v2\/product_cat?post=743607"},{"taxonomy":"product_tag","embeddable":true,"href":"https:\/\/roveyayinevi.com.tr\/index.php\/wp-json\/wp\/v2\/product_tag?post=743607"}],"curies":[{"name":"wp","href":"https:\/\/api.w.org\/{rel}","templated":true}]}}