{"id":743606,"date":"2025-08-28T01:38:27","date_gmt":"2025-08-27T22:38:27","guid":{"rendered":"https:\/\/roveyayinevi.com.tr\/index.php\/urun\/burokrasi-dersleri\/"},"modified":"2026-04-16T02:54:51","modified_gmt":"2026-04-15T23:54:51","slug":"burokrasi-dersleri","status":"publish","type":"product","link":"https:\/\/roveyayinevi.com.tr\/index.php\/urun\/burokrasi-dersleri\/","title":{"rendered":"B\u00fcrokrasi Dersleri"},"content":{"rendered":"<p>B\u0130R\u0130NC\u0130 B\u00d6L\u00dcM B\u00dcROKRAS\u0130: KAVRAMSAL \u00c7ER\u00c7EVE VE TAR\u0130HSEL S\u00dcRE\u00c7 \u0130K\u0130NC\u0130 B\u00d6L\u00dcM Y\u00d6NET\u0130M TEOR\u0130LER\u0130 VE B\u00dcROKRAS\u0130 \u00dc\u00c7\u00dcNC\u00dc B\u00d6L\u00dcM B\u00dcROKRAT\u0130K Y\u00d6NET\u0130M TEOR\u0130S\u0130 D\u00d6RD\u00dcNC\u00dc B\u00d6L\u00dcM T\u00dcRK\u0130YE&#8217;DE B\u00dcROKRAS\u0130 VE TAR\u0130HSEL S\u00dcRE\u00c7 BE\u015e\u0130NC\u0130 B\u00d6L\u00dcM T\u00dcRK\u0130YE&#8217;DE B\u00dcROKRAS\u0130 VE YOZLA\u015eMA ALTINCI B\u00d6L\u00dcM YEN\u0130 KAMU Y\u00d6NET\u0130M\u0130 (YKY) YED\u0130NC\u0130 B\u00d6L\u00dcM Y\u00d6NET\u0130\u015e\u0130M SEK\u0130Z\u0130NC\u0130 B\u00d6L\u00dcM YEN\u0130 SA\u011e VE B\u00dcROKRAS\u0130 DOKUZUNCU B\u00d6L\u00dcM B\u00dcROKRAS\u0130DE YEN\u0130DEN YAPILANMA VE PERFORMANS TABANLI \u00d6RG\u00dcTLER ONUNCU B\u00d6L\u00dcM YIPRANAN B\u00dcROKRAS\u0130YE ALTERNAT\u0130FLER ONB\u0130R\u0130NC\u0130 B\u00d6L\u00dcM WEBERYAN B\u00dcROKRAS\u0130DEN NEO WEBERYAN DEVLETE ON\u0130K\u0130NC\u0130 B\u00d6L\u00dcM H\u00dcMONOKRAS\u0130<\/p>\n","protected":false},"excerpt":{"rendered":"<p>B\u0130R\u0130NC\u0130 B\u00d6L\u00dcM B\u00dcROKRAS\u0130: KAVRAMSAL \u00c7ER\u00c7EVE VE TAR\u0130HSEL S\u00dcRE\u00c7 \u0130K\u0130NC\u0130 B\u00d6L\u00dcM Y\u00d6NET\u0130M TEOR\u0130LER\u0130 VE B\u00dcROKRAS\u0130 \u00dc\u00c7\u00dcNC\u00dc B\u00d6L\u00dcM B\u00dcROKRAT\u0130K Y\u00d6NET\u0130M TEOR\u0130S\u0130 D\u00d6RD\u00dcNC\u00dc B\u00d6L\u00dcM T\u00dcRK\u0130YE&#8217;DE B\u00dcROKRAS\u0130 VE TAR\u0130HSEL S\u00dcRE\u00c7<span class=\"excerpt-hellip\"> [\u2026]<\/span><\/p>\n","protected":false},"featured_media":0,"template":"","meta":{"_monsterinsights_skip_tracking":false,"_monsterinsights_sitenote_active":false,"_monsterinsights_sitenote_note":"","_monsterinsights_sitenote_category":0},"product_brand":[],"product_cat":[12573,12566],"product_tag":[],"class_list":{"0":"post-743606","1":"product","2":"type-product","3":"status-publish","5":"product_cat-akademik-kitaplar","6":"product_cat-egitim","7":"pa_cilt-ciltsiz","8":"pa_tur-kitap","9":"pa_yayinevi-gazi-kitabevi","10":"pa_yazar-m-akif-ozer","12":"first","13":"instock","14":"sale","15":"shipping-taxable","16":"purchasable","17":"product-type-simple"},"_links":{"self":[{"href":"https:\/\/roveyayinevi.com.tr\/index.php\/wp-json\/wp\/v2\/product\/743606","targetHints":{"allow":["GET"]}}],"collection":[{"href":"https:\/\/roveyayinevi.com.tr\/index.php\/wp-json\/wp\/v2\/product"}],"about":[{"href":"https:\/\/roveyayinevi.com.tr\/index.php\/wp-json\/wp\/v2\/types\/product"}],"wp:attachment":[{"href":"https:\/\/roveyayinevi.com.tr\/index.php\/wp-json\/wp\/v2\/media?parent=743606"}],"wp:term":[{"taxonomy":"product_brand","embeddable":true,"href":"https:\/\/roveyayinevi.com.tr\/index.php\/wp-json\/wp\/v2\/product_brand?post=743606"},{"taxonomy":"product_cat","embeddable":true,"href":"https:\/\/roveyayinevi.com.tr\/index.php\/wp-json\/wp\/v2\/product_cat?post=743606"},{"taxonomy":"product_tag","embeddable":true,"href":"https:\/\/roveyayinevi.com.tr\/index.php\/wp-json\/wp\/v2\/product_tag?post=743606"}],"curies":[{"name":"wp","href":"https:\/\/api.w.org\/{rel}","templated":true}]}}