{"id":743604,"date":"2025-08-28T01:38:24","date_gmt":"2025-08-27T22:38:24","guid":{"rendered":"https:\/\/roveyayinevi.com.tr\/index.php\/urun\/bubik-kayip-mercan-kralliginda\/"},"modified":"2026-04-08T03:03:25","modified_gmt":"2026-04-08T00:03:25","slug":"bubik-kayip-mercan-kralliginda","status":"publish","type":"product","link":"https:\/\/roveyayinevi.com.tr\/index.php\/urun\/bubik-kayip-mercan-kralliginda\/","title":{"rendered":"Bubik Kay\u0131p Mercan Krall\u0131\u011f\u0131nda"},"content":{"rendered":"<p>Ceren \u00dcnal\u2019\u0131n kaleme ald\u0131\u011f\u0131 bu kitap, \u00e7ocuklar\u0131 kay\u0131p mercan krall\u0131\u011f\u0131n\u0131 ararken, okyanusun derinliklerinde  muhte\u015fem bir yolculu\u011fa ve maceraya davet ediyor.  Yolu Goliy\u2019le kesi\u015fen Bubik\u2019in kay\u0131p Mercan Krall\u0131\u011f\u0131\u2019na do\u011fru uzanan gizemli yolculu\u011fu. Kay\u0131p Mercan Krall\u0131\u011f\u0131\u2019ndaki s\u0131rr\u0131 ke\u015ffetmeye haz\u0131r m\u0131s\u0131n ?  <\/p>\n","protected":false},"excerpt":{"rendered":"<p>Ceren \u00dcnal\u2019\u0131n kaleme ald\u0131\u011f\u0131 bu kitap, \u00e7ocuklar\u0131 kay\u0131p mercan krall\u0131\u011f\u0131n\u0131 ararken, okyanusun derinliklerinde muhte\u015fem bir yolculu\u011fa ve maceraya davet ediyor. Yolu Goliy\u2019le kesi\u015fen Bubik\u2019in kay\u0131p Mercan<span class=\"excerpt-hellip\"> [\u2026]<\/span><\/p>\n","protected":false},"featured_media":0,"template":"","meta":{"_monsterinsights_skip_tracking":false,"_monsterinsights_sitenote_active":false,"_monsterinsights_sitenote_note":"","_monsterinsights_sitenote_category":0},"product_brand":[],"product_cat":[12274,12284],"product_tag":[],"class_list":{"0":"post-743604","1":"product","2":"type-product","3":"status-publish","5":"product_cat-cocuk-ve-genclik-kitaplari","6":"product_cat-hikayeler","7":"pa_cilt-ciltsiz","8":"pa_tur-kitap","9":"pa_yayinevi-sol-kultur","10":"pa_yazar-ceren-unal","12":"first","13":"instock","14":"sale","15":"shipping-taxable","16":"purchasable","17":"product-type-simple"},"_links":{"self":[{"href":"https:\/\/roveyayinevi.com.tr\/index.php\/wp-json\/wp\/v2\/product\/743604","targetHints":{"allow":["GET"]}}],"collection":[{"href":"https:\/\/roveyayinevi.com.tr\/index.php\/wp-json\/wp\/v2\/product"}],"about":[{"href":"https:\/\/roveyayinevi.com.tr\/index.php\/wp-json\/wp\/v2\/types\/product"}],"wp:attachment":[{"href":"https:\/\/roveyayinevi.com.tr\/index.php\/wp-json\/wp\/v2\/media?parent=743604"}],"wp:term":[{"taxonomy":"product_brand","embeddable":true,"href":"https:\/\/roveyayinevi.com.tr\/index.php\/wp-json\/wp\/v2\/product_brand?post=743604"},{"taxonomy":"product_cat","embeddable":true,"href":"https:\/\/roveyayinevi.com.tr\/index.php\/wp-json\/wp\/v2\/product_cat?post=743604"},{"taxonomy":"product_tag","embeddable":true,"href":"https:\/\/roveyayinevi.com.tr\/index.php\/wp-json\/wp\/v2\/product_tag?post=743604"}],"curies":[{"name":"wp","href":"https:\/\/api.w.org\/{rel}","templated":true}]}}