{"id":743603,"date":"2025-08-28T01:38:23","date_gmt":"2025-08-27T22:38:23","guid":{"rendered":"https:\/\/roveyayinevi.com.tr\/index.php\/urun\/islamda-namazin-evreleri-ve-mirac-sonrasi\/"},"modified":"2026-04-16T02:54:51","modified_gmt":"2026-04-15T23:54:51","slug":"islamda-namazin-evreleri-ve-mirac-sonrasi","status":"publish","type":"product","link":"https:\/\/roveyayinevi.com.tr\/index.php\/urun\/islamda-namazin-evreleri-ve-mirac-sonrasi\/","title":{"rendered":"\u0130slamda Namaz\u0131n Evreleri ve Mi&#8217;rac Sonras\u0131"},"content":{"rendered":"<p>\u015e\u00fck\u00fcr ibadeti Namaz\u0131n evreleri Yahudilerde namaz Hristiyanlarda namaz Hanif dininde namaz \u0130sl\u00e2m sonras\u0131 Namaz \u00e7e\u015fitleri Siyer olaylar\u0131n kronolojik tarihlerini g\u00f6steren tablo. Rumi, Hicri, Gregorian-Miladi kronolojik tarihleri. Mi \u2019raca \u00e7\u0131k\u0131\u015f anlat\u0131mlar\u0131 Hariciler mezhebi Cafer\u00ee-S\u00e2d\u0131k: \u015eia\/\u015ei\u00ee mezhebi Mekke\u2019nin fethi ile ba\u015flayan; Muaviye olay\u0131: Hazret mi, de\u011fil mi ?! KIRTAS \u201cK\u00e2\u011f\u0131t-kalem ve divit hadisi ve hadisesi, Gadir-i Hum Hutbesi, Mezhepler devreye girince: Hanefi mezhebinde; \u015eafi\u00ee mezhebinde; Malik\u00ee mezhebinde; Hanbeli mezhebinde; *Abdest almak, *Namaz K\u0131lmak.   Hz. Muhammed\u2019in \u201cbenim g\u00f6zbebe\u011fimdir,\u201d dedi\u011fi namaz\u0131n, hangi s\u00fcre\u00e7lerden ge\u00e7ip, mezheplere g\u00f6re k\u0131l\u0131nmas\u0131na var\u0131ncaya dek anlat\u0131m\u0131, ayr\u0131ca, \u0130slami olarak tarihte ge\u00e7en olaylarda, do\u011fruyu bulma ve hakk\u0131n teslimiyeti \u00f6nemlidir. Bu yolda, \u015f\u00f6hretim arts\u0131n, takip\u00e7ilerim takdir etsin diye yapt\u0131klar\u0131m\u0131 acaba Rabbim takdir eder mi? \u00c7\u00fcnk\u00fc, \u201cdo\u011fruyu bulabilmek i\u00e7in ara\u015ft\u0131r\u0131p, inceleyerek yazd\u0131\u011f\u0131m\u0131 kime be\u011fendirmek istiyorum\u201d endi\u015fesi y\u00fcre\u011fimi kaplarken, bir taraftan da mutlulu\u011fum artmaktad\u0131r.<\/p>\n","protected":false},"excerpt":{"rendered":"<p>\u015e\u00fck\u00fcr ibadeti Namaz\u0131n evreleri Yahudilerde namaz Hristiyanlarda namaz Hanif dininde namaz \u0130sl\u00e2m sonras\u0131 Namaz \u00e7e\u015fitleri Siyer olaylar\u0131n kronolojik tarihlerini g\u00f6steren tablo. Rumi, Hicri, Gregorian-Miladi kronolojik tarihleri.<span class=\"excerpt-hellip\"> [\u2026]<\/span><\/p>\n","protected":false},"featured_media":0,"template":"","meta":{"_monsterinsights_skip_tracking":false,"_monsterinsights_sitenote_active":false,"_monsterinsights_sitenote_note":"","_monsterinsights_sitenote_category":0},"product_brand":[],"product_cat":[12718,12719],"product_tag":[],"class_list":{"0":"post-743603","1":"product","2":"type-product","3":"status-publish","5":"product_cat-din","6":"product_cat-islam","7":"pa_cilt-ciltsiz","8":"pa_tur-kitap","9":"pa_yayinevi-gulnar-yayinlari","10":"pa_yazar-mustafa-huseyin-uslu","12":"first","13":"instock","14":"sale","15":"shipping-taxable","16":"purchasable","17":"product-type-simple"},"_links":{"self":[{"href":"https:\/\/roveyayinevi.com.tr\/index.php\/wp-json\/wp\/v2\/product\/743603","targetHints":{"allow":["GET"]}}],"collection":[{"href":"https:\/\/roveyayinevi.com.tr\/index.php\/wp-json\/wp\/v2\/product"}],"about":[{"href":"https:\/\/roveyayinevi.com.tr\/index.php\/wp-json\/wp\/v2\/types\/product"}],"wp:attachment":[{"href":"https:\/\/roveyayinevi.com.tr\/index.php\/wp-json\/wp\/v2\/media?parent=743603"}],"wp:term":[{"taxonomy":"product_brand","embeddable":true,"href":"https:\/\/roveyayinevi.com.tr\/index.php\/wp-json\/wp\/v2\/product_brand?post=743603"},{"taxonomy":"product_cat","embeddable":true,"href":"https:\/\/roveyayinevi.com.tr\/index.php\/wp-json\/wp\/v2\/product_cat?post=743603"},{"taxonomy":"product_tag","embeddable":true,"href":"https:\/\/roveyayinevi.com.tr\/index.php\/wp-json\/wp\/v2\/product_tag?post=743603"}],"curies":[{"name":"wp","href":"https:\/\/api.w.org\/{rel}","templated":true}]}}