{"id":743602,"date":"2025-08-28T01:38:21","date_gmt":"2025-08-27T22:38:21","guid":{"rendered":"https:\/\/roveyayinevi.com.tr\/index.php\/urun\/bir-cocugun-dunyasindan-siirler\/"},"modified":"2026-04-16T02:54:50","modified_gmt":"2026-04-15T23:54:50","slug":"bir-cocugun-dunyasindan-siirler","status":"publish","type":"product","link":"https:\/\/roveyayinevi.com.tr\/index.php\/urun\/bir-cocugun-dunyasindan-siirler\/","title":{"rendered":"Bir \u00c7ocu\u011fun D\u00fcnyas\u0131ndan \u015eiirler"},"content":{"rendered":"<p>2009\u2019 da \u0130zmir\u2019in Bornova il\u00e7esinde do\u011fdu. \u0130lkokulunu Konya\u2019n\u0131n Sel\u00e7uklu il\u00e7esinde Yaz\u0131r \u015eehit Osman K\u00fc\u00e7\u00fckdillan \u0130lkokulunda tamamlad\u0131. \u015eu an Sel\u00e7uklu\u2019da \u0130MKB Ortaokulunda 7. s\u0131n\u0131f \u00f6\u011frencisidir.   \u015eiir yazmaya ilkokul 2. s\u0131n\u0131fta yetene\u011fini fark eden babas\u0131n\u0131n te\u015fvikiyle ba\u015flam\u0131\u015ft\u0131r. 2019 y\u0131l\u0131nda \u2018Do\u011fa Sevgisi\u2019 \u015fiiri, Sel\u00e7uklu Belediyesi\u2019nin Do\u011fa Sevgisi konulu K\u00fct\u00fcphane B\u00fclteni Dergisine se\u00e7ilerek yay\u0131nlanm\u0131\u015ft\u0131r. 2020 y\u0131l\u0131nda \u0130MKB Ortaokulu\u2019nun \u00e7\u0131karm\u0131\u015f oldu\u011fu okul dergisinde de \u2018Babac\u0131\u011f\u0131m\u2019 adl\u0131 \u015fiiri yay\u0131nlanm\u0131\u015ft\u0131r.   \u015eairimiz \u015eeyda Maldar \u015fiirlerinde vatan, millet, bayrak, \u00c7anakkale, Atat\u00fcrk gibi milli duygular\u0131 bar\u0131nd\u0131ran duygular\u0131 i\u015flemekle birlikte ayn\u0131 zamanda anne, baba, karde\u015f, aile, anadolu gibi konular\u0131 da i\u00e7ererek k\u00fclt\u00fcrel, maddi ve manevi de\u011ferlerimize de yer vermi\u015ftir. Ayr\u0131ca \u015fiirlerinde \u00f6zlem, hayal, \u00e7alar saat gibi soyut ve g\u00fcnl\u00fck ya\u015fam ile ilgili konularda vard\u0131r. \u015eairimiz \u015eeyda Maldar\u2019\u0131n \u015fiirleri her konuda ve \u00e7ok y\u00f6nl\u00fcd\u00fcr. <\/p>\n","protected":false},"excerpt":{"rendered":"<p>2009\u2019 da \u0130zmir\u2019in Bornova il\u00e7esinde do\u011fdu. \u0130lkokulunu Konya\u2019n\u0131n Sel\u00e7uklu il\u00e7esinde Yaz\u0131r \u015eehit Osman K\u00fc\u00e7\u00fckdillan \u0130lkokulunda tamamlad\u0131. \u015eu an Sel\u00e7uklu\u2019da \u0130MKB Ortaokulunda 7. s\u0131n\u0131f \u00f6\u011frencisidir. \u015eiir yazmaya<span class=\"excerpt-hellip\"> [\u2026]<\/span><\/p>\n","protected":false},"featured_media":0,"template":"","meta":{"_monsterinsights_skip_tracking":false,"_monsterinsights_sitenote_active":false,"_monsterinsights_sitenote_note":"","_monsterinsights_sitenote_category":0},"product_brand":[],"product_cat":[12291,12509],"product_tag":[],"class_list":{"0":"post-743602","1":"product","2":"type-product","3":"status-publish","5":"product_cat-edebiyat","6":"product_cat-siir","7":"pa_cilt-ciltsiz","8":"pa_tur-kitap","9":"pa_yayinevi-gulnar-yayinlari","10":"pa_yazar-seyda-maldar","12":"first","13":"instock","14":"sale","15":"shipping-taxable","16":"purchasable","17":"product-type-simple"},"_links":{"self":[{"href":"https:\/\/roveyayinevi.com.tr\/index.php\/wp-json\/wp\/v2\/product\/743602","targetHints":{"allow":["GET"]}}],"collection":[{"href":"https:\/\/roveyayinevi.com.tr\/index.php\/wp-json\/wp\/v2\/product"}],"about":[{"href":"https:\/\/roveyayinevi.com.tr\/index.php\/wp-json\/wp\/v2\/types\/product"}],"wp:attachment":[{"href":"https:\/\/roveyayinevi.com.tr\/index.php\/wp-json\/wp\/v2\/media?parent=743602"}],"wp:term":[{"taxonomy":"product_brand","embeddable":true,"href":"https:\/\/roveyayinevi.com.tr\/index.php\/wp-json\/wp\/v2\/product_brand?post=743602"},{"taxonomy":"product_cat","embeddable":true,"href":"https:\/\/roveyayinevi.com.tr\/index.php\/wp-json\/wp\/v2\/product_cat?post=743602"},{"taxonomy":"product_tag","embeddable":true,"href":"https:\/\/roveyayinevi.com.tr\/index.php\/wp-json\/wp\/v2\/product_tag?post=743602"}],"curies":[{"name":"wp","href":"https:\/\/api.w.org\/{rel}","templated":true}]}}