{"id":743601,"date":"2025-08-28T01:38:20","date_gmt":"2025-08-27T22:38:20","guid":{"rendered":"https:\/\/roveyayinevi.com.tr\/index.php\/urun\/kadinlardan-nefret-eden-erkekler-ve-onlari-seven-kadinlar\/"},"modified":"2026-04-16T02:54:50","modified_gmt":"2026-04-15T23:54:50","slug":"kadinlardan-nefret-eden-erkekler-ve-onlari-seven-kadinlar","status":"publish","type":"product","link":"https:\/\/roveyayinevi.com.tr\/index.php\/urun\/kadinlardan-nefret-eden-erkekler-ve-onlari-seven-kadinlar\/","title":{"rendered":"Kad\u0131nlardan Nefret Eden Erkekler ve Onlar\u0131 Seven Kad\u0131nlar"},"content":{"rendered":"<p>A\u015fk ve romantizm heyecan vericidir. O\u0308zellikle de ilis\u0327kinin ilk zamanlar\u0131nda. Duygular ve arzular dorug\u0306a c\u0327\u0131kar, go\u0308z kamas\u0327t\u0131r\u0131c\u0131 bir \u0131s\u0327\u0131lt\u0131 ic\u0327inde kendimizi harika hissederiz. C\u0327og\u0306u kis\u0327i, yas\u0327ad\u0131g\u0306\u0131 deneyimi \u201cbulutlar\u0131n u\u0308stu\u0308ne c\u0327\u0131kmak\u201d diye tarif eder. Fakat bazen, c\u0327ok gec\u0327meden sihirli duygular\u0131n u\u0308zerine karanl\u0131k go\u0308lgeler du\u0308s\u0327er. Ne oldug\u0306unu anlayamadan ilis\u0327kinin dengesi bozulur, c\u0327aresizlik ve o\u0308fke hu\u0308ku\u0308m su\u0308rmeye bas\u0327lar. Bir kad\u0131n olarak ilis\u0327kiniz hakk\u0131nda kafa kar\u0131s\u0327\u0131kl\u0131g\u0306\u0131 yas\u0327\u0131yorsan\u0131z, kendinize s\u0327u sorular\u0131 sorun: Beraber oldug\u0306unuz erkek, kendisinde nas\u0131l yas\u0327ad\u0131g\u0306\u0131n\u0131z\u0131 ve nas\u0131l davrand\u0131g\u0306\u0131n\u0131z\u0131 kontrol etme hakk\u0131 m\u0131 go\u0308ru\u0308yor? Size kars\u0327\u0131 k\u0131skanc\u0327 ve sahiplenici mi davran\u0131yor? Onu memnun etmek ic\u0327in hayat\u0131n\u0131zdaki o\u0308nemli etkinliklerden ve insanlardan vazgec\u0327tig\u0306iniz oldu mu? O\u0308ngo\u0308ru\u0308lemez ani o\u0308fke patlamalar\u0131 yas\u0327\u0131yor mu? Duygular\u0131n\u0131z\u0131 deg\u0306ersizles\u0327tiriyor, fikirlerinizi o\u0308nemsizles\u0327tiriyor mu? I\u0307lis\u0327kinizde ters giden her s\u0327ey ic\u0327in sizi mi suc\u0327luyor? Onunla birlikteyken kendinizi dengesiz veya yetersiz hissediyor musunuz? Ne yaparsan\u0131z yap\u0131n, ona verdig\u0306iniz sevgi, ilgi ve desteg\u0306i yeterli bulmuyor mu? Kendinizi s\u0131k s\u0131k hakl\u0131 oldug\u0306unuz halde o\u0308zu\u0308r dilerken buluyor musunuz? Eg\u0306er bu sorular\u0131n c\u0327og\u0306una evet cevab\u0131n\u0131 veriyorsan\u0131z, mizojinist bir erkekle beraber olabilirsiniz. Zor Bir Ailede Bu\u0308yu\u0308mek ve Zor Anneler kitaplar\u0131ndan tan\u0131d\u0131g\u0306\u0131m\u0131z Susan Forward, Kad\u0131nlardan Nefret Eden Erkekler ve Onlar\u0131 Seven Kad\u0131nlar\u2019da, mizojinizmin damga vurdug\u0306u y\u0131k\u0131c\u0131 ilis\u0327kilere s\u0131k\u0131s\u0327m\u0131s\u0327 kad\u0131nlar\u0131 ve erkekleri ele al\u0131yor. O\u0308rnek vakalar es\u0327lig\u0306inde istismar k\u0131s\u0131rdo\u0308ngu\u0308su\u0308nu\u0308 k\u0131rman\u0131n ve yaralar\u0131 iyiles\u0327tirmenin yollar\u0131n\u0131 go\u0308sterirken, okurlar\u0131na yeniden sag\u0306l\u0131kl\u0131 ve sevgi dolu birliktelikler yas\u0327amak ic\u0327in cesaret as\u0327\u0131l\u0131yor.<\/p>\n","protected":false},"excerpt":{"rendered":"<p>A\u015fk ve romantizm heyecan vericidir. O\u0308zellikle de ilis\u0327kinin ilk zamanlar\u0131nda. Duygular ve arzular dorug\u0306a c\u0327\u0131kar, go\u0308z kamas\u0327t\u0131r\u0131c\u0131 bir \u0131s\u0327\u0131lt\u0131 ic\u0327inde kendimizi harika hissederiz. C\u0327og\u0306u kis\u0327i, yas\u0327ad\u0131g\u0306\u0131<span class=\"excerpt-hellip\"> [\u2026]<\/span><\/p>\n","protected":false},"featured_media":0,"template":"","meta":{"_monsterinsights_skip_tracking":false,"_monsterinsights_sitenote_active":false,"_monsterinsights_sitenote_note":"","_monsterinsights_sitenote_category":0},"product_brand":[],"product_cat":[12358,12357],"product_tag":[],"class_list":{"0":"post-743601","1":"product","2":"type-product","3":"status-publish","5":"product_cat-genel-psikoloji","6":"product_cat-psikoloji","7":"pa_cilt-ciltsiz","8":"pa_tur-kitap","9":"pa_yayinevi-iletisim-yayinlari","10":"pa_yazar-susan-forward-joan-torres","12":"first","13":"instock","14":"sale","15":"shipping-taxable","16":"purchasable","17":"product-type-simple"},"_links":{"self":[{"href":"https:\/\/roveyayinevi.com.tr\/index.php\/wp-json\/wp\/v2\/product\/743601","targetHints":{"allow":["GET"]}}],"collection":[{"href":"https:\/\/roveyayinevi.com.tr\/index.php\/wp-json\/wp\/v2\/product"}],"about":[{"href":"https:\/\/roveyayinevi.com.tr\/index.php\/wp-json\/wp\/v2\/types\/product"}],"wp:attachment":[{"href":"https:\/\/roveyayinevi.com.tr\/index.php\/wp-json\/wp\/v2\/media?parent=743601"}],"wp:term":[{"taxonomy":"product_brand","embeddable":true,"href":"https:\/\/roveyayinevi.com.tr\/index.php\/wp-json\/wp\/v2\/product_brand?post=743601"},{"taxonomy":"product_cat","embeddable":true,"href":"https:\/\/roveyayinevi.com.tr\/index.php\/wp-json\/wp\/v2\/product_cat?post=743601"},{"taxonomy":"product_tag","embeddable":true,"href":"https:\/\/roveyayinevi.com.tr\/index.php\/wp-json\/wp\/v2\/product_tag?post=743601"}],"curies":[{"name":"wp","href":"https:\/\/api.w.org\/{rel}","templated":true}]}}