{"id":743598,"date":"2025-08-28T01:38:17","date_gmt":"2025-08-27T22:38:17","guid":{"rendered":"https:\/\/roveyayinevi.com.tr\/index.php\/urun\/mogollarin-kisa-tarihi\/"},"modified":"2026-04-16T02:54:50","modified_gmt":"2026-04-15T23:54:50","slug":"mogollarin-kisa-tarihi","status":"publish","type":"product","link":"https:\/\/roveyayinevi.com.tr\/index.php\/urun\/mogollarin-kisa-tarihi\/","title":{"rendered":"Mog\u0306ollar\u0131n K\u0131sa Tarihi"},"content":{"rendered":"<p>Cengiz Han zor bir c\u0327ocukluk gec\u0327irmis\u0327ti. C\u0327etin kos\u0327ullar onu da sertles\u0327tirmis\u0327, hayata tutunmak ic\u0327in ac\u0131mas\u0131zl\u0131g\u0306a zorlam\u0131s\u0327t\u0131. Bunlar baz\u0131 tarihc\u0327i ve vakanu\u0308vislere, Mog\u0306ollar\u0131n bas\u0327ar\u0131 ve genis\u0327lemeyle dolu bir buc\u0327uk yu\u0308zy\u0131l\u0131n\u0131 ac\u0327\u0131klamak ic\u0327in oldukc\u0327a iyi bir neden verse de, gerc\u0327ek bundan bu\u0308yu\u0308k o\u0308lc\u0327u\u0308de farkl\u0131yd\u0131. George Lane, Mog\u0306ollar\u0131n K\u0131sa Tarihi \u2019nde Mog\u0306ollar\u0131n o\u0308nu\u0308ne c\u0327\u0131kan her s\u0327eyi y\u0131k\u0131p gec\u0327en fetihc\u0327i ve yenilmezler ordusu deg\u0306il, bu\u0308yu\u0308k o\u0308lc\u0327u\u0308de gittig\u0306i yerlerdeki kos\u0327ullarla ilis\u0327kilenmeyi bilen, o\u0308rgu\u0308tlenme becerisiyle o\u0308ne c\u0327\u0131kan, dini\u0302 ve ku\u0308ltu\u0308rel c\u0327og\u0306ulculug\u0306u benimseyen, ticaret bilen gelis\u0327kin bir topluluk oldug\u0306unu o\u0308ne su\u0308ru\u0308yor. Genis\u0327leme ve bu\u0308yu\u0308me becerisini, sat\u0131r aralar\u0131nda beliren gelis\u0327melerde ar\u0131yor. Mog\u0306ollar\u0131n tarihini merak edenler ic\u0327in bilindik ezberlere gelmeyen bir giris\u0327 kitab\u0131&#8230; \u201cDu\u0308nyan\u0131n ilk ku\u0308reselles\u0327me deneyimine es\u0327lik eden siyasi do\u0308nu\u0308s\u0327u\u0308m, c\u0327og\u0306u zaman tek bir adama mal edilir: Bu\u0308yu\u0308k Cengiz Han. Koms\u0327u imparatorluklar\u0131n zay\u0131fl\u0131klar\u0131ndan yararlan\u0131p Avrasya\u2019daki Tu\u0308rk-Mog\u0306ol kabilelerinin liderlig\u0306ine yu\u0308kselen Cengiz Han, bu sayede Tu\u0308rklerin yar\u0131 go\u0308c\u0327er toplumlar\u0131n\u0131, gelis\u0327mis\u0327 ama sald\u0131r\u0131ya ac\u0327\u0131k C\u0327in kentlerini, I\u0307sla\u0302m du\u0308nyas\u0131n\u0131n savas\u0327 halindeki topluluklar\u0131n\u0131 ve Avrupa\u2019n\u0131n neredeyse savunmas\u0131z s\u0131n\u0131r bo\u0308lgelerini yutan bir devrimi bas\u0327latm\u0131s\u0327t\u0131r.\u201d GEORGE LANE<\/p>\n","protected":false},"excerpt":{"rendered":"<p>Cengiz Han zor bir c\u0327ocukluk gec\u0327irmis\u0327ti. C\u0327etin kos\u0327ullar onu da sertles\u0327tirmis\u0327, hayata tutunmak ic\u0327in ac\u0131mas\u0131zl\u0131g\u0306a zorlam\u0131s\u0327t\u0131. Bunlar baz\u0131 tarihc\u0327i ve vakanu\u0308vislere, Mog\u0306ollar\u0131n bas\u0327ar\u0131 ve genis\u0327lemeyle dolu<span class=\"excerpt-hellip\"> [\u2026]<\/span><\/p>\n","protected":false},"featured_media":0,"template":"","meta":{"_monsterinsights_skip_tracking":false,"_monsterinsights_sitenote_active":false,"_monsterinsights_sitenote_note":"","_monsterinsights_sitenote_category":0},"product_brand":[],"product_cat":[12370,12304],"product_tag":[],"class_list":{"0":"post-743598","1":"product","2":"type-product","3":"status-publish","5":"product_cat-arastirma-inceleme","6":"product_cat-tarih","7":"pa_cilt-ciltsiz","8":"pa_tur-kitap","9":"pa_yayinevi-iletisim-yayinlari","10":"pa_yazar-george-lane","12":"first","13":"instock","14":"sale","15":"shipping-taxable","16":"purchasable","17":"product-type-simple"},"_links":{"self":[{"href":"https:\/\/roveyayinevi.com.tr\/index.php\/wp-json\/wp\/v2\/product\/743598","targetHints":{"allow":["GET"]}}],"collection":[{"href":"https:\/\/roveyayinevi.com.tr\/index.php\/wp-json\/wp\/v2\/product"}],"about":[{"href":"https:\/\/roveyayinevi.com.tr\/index.php\/wp-json\/wp\/v2\/types\/product"}],"wp:attachment":[{"href":"https:\/\/roveyayinevi.com.tr\/index.php\/wp-json\/wp\/v2\/media?parent=743598"}],"wp:term":[{"taxonomy":"product_brand","embeddable":true,"href":"https:\/\/roveyayinevi.com.tr\/index.php\/wp-json\/wp\/v2\/product_brand?post=743598"},{"taxonomy":"product_cat","embeddable":true,"href":"https:\/\/roveyayinevi.com.tr\/index.php\/wp-json\/wp\/v2\/product_cat?post=743598"},{"taxonomy":"product_tag","embeddable":true,"href":"https:\/\/roveyayinevi.com.tr\/index.php\/wp-json\/wp\/v2\/product_tag?post=743598"}],"curies":[{"name":"wp","href":"https:\/\/api.w.org\/{rel}","templated":true}]}}