{"id":743595,"date":"2025-08-28T01:38:14","date_gmt":"2025-08-27T22:38:14","guid":{"rendered":"https:\/\/roveyayinevi.com.tr\/index.php\/urun\/ela-bisiklet-macerasi\/"},"modified":"2026-04-16T02:54:50","modified_gmt":"2026-04-15T23:54:50","slug":"ela-bisiklet-macerasi","status":"publish","type":"product","link":"https:\/\/roveyayinevi.com.tr\/index.php\/urun\/ela-bisiklet-macerasi\/","title":{"rendered":"Ela &#8211; Bisiklet Maceras\u0131"},"content":{"rendered":"<p>Ela \u00e7ok heyecanl\u0131! Yeni bisikletine binmek i\u00e7in d\u0131\u015far\u0131 \u00e7\u0131k\u0131yor. Bisikletini evin \u00f6n\u00fcnde bir a\u015fa\u011f\u0131 bir yukar\u0131 s\u00fcr\u00fcyor. Arkada\u015f\u0131n\u0131n evinin \u00f6n\u00fcnden, tekir kedinin yan\u0131ndan, elma a\u011fac\u0131n\u0131n alt\u0131ndan ge\u00e7iyor. Ama sonra bir anda evden ne kadar uzakla\u015ft\u0131\u011f\u0131n\u0131n fark\u0131na var\u0131yor\u2026  K\u0131rm\u0131z\u0131 elmalarla dolu, bisikletli ve kedili bir eve d\u00f6n\u00fc\u015f \u00f6yk\u00fcs\u00fc. <\/p>\n","protected":false},"excerpt":{"rendered":"<p>Ela \u00e7ok heyecanl\u0131! Yeni bisikletine binmek i\u00e7in d\u0131\u015far\u0131 \u00e7\u0131k\u0131yor. Bisikletini evin \u00f6n\u00fcnde bir a\u015fa\u011f\u0131 bir yukar\u0131 s\u00fcr\u00fcyor. Arkada\u015f\u0131n\u0131n evinin \u00f6n\u00fcnden, tekir kedinin yan\u0131ndan, elma a\u011fac\u0131n\u0131n alt\u0131ndan<span class=\"excerpt-hellip\"> [\u2026]<\/span><\/p>\n","protected":false},"featured_media":0,"template":"","meta":{"_monsterinsights_skip_tracking":false,"_monsterinsights_sitenote_active":false,"_monsterinsights_sitenote_note":"","_monsterinsights_sitenote_category":0},"product_brand":[],"product_cat":[12274,12518],"product_tag":[],"class_list":{"0":"post-743595","1":"product","2":"type-product","3":"status-publish","5":"product_cat-cocuk-ve-genclik-kitaplari","6":"product_cat-okul-oncesi-kitaplar","7":"pa_cilt-ciltsiz","8":"pa_tur-kitap","9":"pa_yayinevi-is-bankasi-kultur-yayinlari","10":"pa_yazar-ann-forslind","12":"first","13":"instock","14":"sale","15":"shipping-taxable","16":"purchasable","17":"product-type-simple"},"_links":{"self":[{"href":"https:\/\/roveyayinevi.com.tr\/index.php\/wp-json\/wp\/v2\/product\/743595","targetHints":{"allow":["GET"]}}],"collection":[{"href":"https:\/\/roveyayinevi.com.tr\/index.php\/wp-json\/wp\/v2\/product"}],"about":[{"href":"https:\/\/roveyayinevi.com.tr\/index.php\/wp-json\/wp\/v2\/types\/product"}],"wp:attachment":[{"href":"https:\/\/roveyayinevi.com.tr\/index.php\/wp-json\/wp\/v2\/media?parent=743595"}],"wp:term":[{"taxonomy":"product_brand","embeddable":true,"href":"https:\/\/roveyayinevi.com.tr\/index.php\/wp-json\/wp\/v2\/product_brand?post=743595"},{"taxonomy":"product_cat","embeddable":true,"href":"https:\/\/roveyayinevi.com.tr\/index.php\/wp-json\/wp\/v2\/product_cat?post=743595"},{"taxonomy":"product_tag","embeddable":true,"href":"https:\/\/roveyayinevi.com.tr\/index.php\/wp-json\/wp\/v2\/product_tag?post=743595"}],"curies":[{"name":"wp","href":"https:\/\/api.w.org\/{rel}","templated":true}]}}