{"id":743594,"date":"2025-08-28T01:38:12","date_gmt":"2025-08-27T22:38:12","guid":{"rendered":"https:\/\/roveyayinevi.com.tr\/index.php\/urun\/gizemli-hazine\/"},"modified":"2026-04-16T02:54:50","modified_gmt":"2026-04-15T23:54:50","slug":"gizemli-hazine","status":"publish","type":"product","link":"https:\/\/roveyayinevi.com.tr\/index.php\/urun\/gizemli-hazine\/","title":{"rendered":"Gizemli Hazine"},"content":{"rendered":"<p>Oktay bah\u00e7ede ilgin\u00e7 bir \u015fey buldu. Dikkatle inceledi, ama bir t\u00fcrl\u00fc ne oldu\u011funu anlayamad\u0131. Bir bitkinin k\u00f6k\u00fc olabilir miydi? Biraz kazd\u0131 ama bir sonuca ula\u015famad\u0131. Acaba bah\u00e7elerinde b\u00fcy\u00fck bir hazine gizli olabilir miydi? <\/p>\n","protected":false},"excerpt":{"rendered":"<p>Oktay bah\u00e7ede ilgin\u00e7 bir \u015fey buldu. Dikkatle inceledi, ama bir t\u00fcrl\u00fc ne oldu\u011funu anlayamad\u0131. Bir bitkinin k\u00f6k\u00fc olabilir miydi? Biraz kazd\u0131 ama bir sonuca ula\u015famad\u0131. Acaba<span class=\"excerpt-hellip\"> [\u2026]<\/span><\/p>\n","protected":false},"featured_media":0,"template":"","meta":{"_monsterinsights_skip_tracking":false,"_monsterinsights_sitenote_active":false,"_monsterinsights_sitenote_note":"","_monsterinsights_sitenote_category":0},"product_brand":[],"product_cat":[12274,12518],"product_tag":[],"class_list":{"0":"post-743594","1":"product","2":"type-product","3":"status-publish","5":"product_cat-cocuk-ve-genclik-kitaplari","6":"product_cat-okul-oncesi-kitaplar","7":"pa_cilt-ciltsiz","8":"pa_tur-kitap","9":"pa_yayinevi-is-bankasi-kultur-yayinlari","10":"pa_yazar-mark-david-smith","12":"first","13":"instock","14":"sale","15":"shipping-taxable","16":"purchasable","17":"product-type-simple"},"_links":{"self":[{"href":"https:\/\/roveyayinevi.com.tr\/index.php\/wp-json\/wp\/v2\/product\/743594","targetHints":{"allow":["GET"]}}],"collection":[{"href":"https:\/\/roveyayinevi.com.tr\/index.php\/wp-json\/wp\/v2\/product"}],"about":[{"href":"https:\/\/roveyayinevi.com.tr\/index.php\/wp-json\/wp\/v2\/types\/product"}],"wp:attachment":[{"href":"https:\/\/roveyayinevi.com.tr\/index.php\/wp-json\/wp\/v2\/media?parent=743594"}],"wp:term":[{"taxonomy":"product_brand","embeddable":true,"href":"https:\/\/roveyayinevi.com.tr\/index.php\/wp-json\/wp\/v2\/product_brand?post=743594"},{"taxonomy":"product_cat","embeddable":true,"href":"https:\/\/roveyayinevi.com.tr\/index.php\/wp-json\/wp\/v2\/product_cat?post=743594"},{"taxonomy":"product_tag","embeddable":true,"href":"https:\/\/roveyayinevi.com.tr\/index.php\/wp-json\/wp\/v2\/product_tag?post=743594"}],"curies":[{"name":"wp","href":"https:\/\/api.w.org\/{rel}","templated":true}]}}