{"id":743591,"date":"2025-08-28T01:38:07","date_gmt":"2025-08-27T22:38:07","guid":{"rendered":"https:\/\/roveyayinevi.com.tr\/index.php\/urun\/dunya-mutluluk-gunu\/"},"modified":"2026-04-16T02:54:50","modified_gmt":"2026-04-15T23:54:50","slug":"dunya-mutluluk-gunu","status":"publish","type":"product","link":"https:\/\/roveyayinevi.com.tr\/index.php\/urun\/dunya-mutluluk-gunu\/","title":{"rendered":"D\u00fcnya Mutluluk G\u00fcn\u00fc"},"content":{"rendered":"<p>Asya, sabah\u0131 iple \u00e7ekiyor. \u00c7\u00fcnk\u00fc yar\u0131n, \u201cD\u00fcnya Mutluluk G\u00fcn\u00fc\u201dn\u00fc kutlayacaklar. Okulda t\u00fcm \u00e7ocuklar s\u0131rayla k\u00fcrs\u00fcye \u00e7\u0131k\u0131p kendilerini mutlu eden \u015feyleri anlatacak. Ama Asya\u2019n\u0131n sabah\u0131 aksiliklerle ba\u015flad\u0131. Neler oldu neler! Baz\u0131 g\u00fcnler, her \u015fey istedi\u011fimiz gibi olmaz. Peki, b\u00f6yle g\u00fcnlerde nas\u0131l mutlu olabiliriz? Bu sorunun yan\u0131t\u0131n\u0131 merak ediyorsan, Asya\u2019n\u0131n s\u00fcprizlerle dolu, tatl\u0131 hik\u00e2yesi seni bekliyor. <\/p>\n","protected":false},"excerpt":{"rendered":"<p>Asya, sabah\u0131 iple \u00e7ekiyor. \u00c7\u00fcnk\u00fc yar\u0131n, \u201cD\u00fcnya Mutluluk G\u00fcn\u00fc\u201dn\u00fc kutlayacaklar. Okulda t\u00fcm \u00e7ocuklar s\u0131rayla k\u00fcrs\u00fcye \u00e7\u0131k\u0131p kendilerini mutlu eden \u015feyleri anlatacak. Ama Asya\u2019n\u0131n sabah\u0131 aksiliklerle ba\u015flad\u0131.<span class=\"excerpt-hellip\"> [\u2026]<\/span><\/p>\n","protected":false},"featured_media":0,"template":"","meta":{"_monsterinsights_skip_tracking":false,"_monsterinsights_sitenote_active":false,"_monsterinsights_sitenote_note":"","_monsterinsights_sitenote_category":0},"product_brand":[],"product_cat":[12274,12518],"product_tag":[],"class_list":{"0":"post-743591","1":"product","2":"type-product","3":"status-publish","5":"product_cat-cocuk-ve-genclik-kitaplari","6":"product_cat-okul-oncesi-kitaplar","7":"pa_cilt-ciltsiz","8":"pa_tur-kitap","9":"pa_yayinevi-is-bankasi-kultur-yayinlari","10":"pa_yazar-ezgi-berk","12":"first","13":"instock","14":"sale","15":"shipping-taxable","16":"purchasable","17":"product-type-simple"},"_links":{"self":[{"href":"https:\/\/roveyayinevi.com.tr\/index.php\/wp-json\/wp\/v2\/product\/743591","targetHints":{"allow":["GET"]}}],"collection":[{"href":"https:\/\/roveyayinevi.com.tr\/index.php\/wp-json\/wp\/v2\/product"}],"about":[{"href":"https:\/\/roveyayinevi.com.tr\/index.php\/wp-json\/wp\/v2\/types\/product"}],"wp:attachment":[{"href":"https:\/\/roveyayinevi.com.tr\/index.php\/wp-json\/wp\/v2\/media?parent=743591"}],"wp:term":[{"taxonomy":"product_brand","embeddable":true,"href":"https:\/\/roveyayinevi.com.tr\/index.php\/wp-json\/wp\/v2\/product_brand?post=743591"},{"taxonomy":"product_cat","embeddable":true,"href":"https:\/\/roveyayinevi.com.tr\/index.php\/wp-json\/wp\/v2\/product_cat?post=743591"},{"taxonomy":"product_tag","embeddable":true,"href":"https:\/\/roveyayinevi.com.tr\/index.php\/wp-json\/wp\/v2\/product_tag?post=743591"}],"curies":[{"name":"wp","href":"https:\/\/api.w.org\/{rel}","templated":true}]}}