{"id":743589,"date":"2025-08-28T01:38:04","date_gmt":"2025-08-27T22:38:04","guid":{"rendered":"https:\/\/roveyayinevi.com.tr\/index.php\/urun\/bir-asrin-ardindan-istiklal-madalyasi-ciltli\/"},"modified":"2026-04-16T02:54:50","modified_gmt":"2026-04-15T23:54:50","slug":"bir-asrin-ardindan-istiklal-madalyasi-ciltli","status":"publish","type":"product","link":"https:\/\/roveyayinevi.com.tr\/index.php\/urun\/bir-asrin-ardindan-istiklal-madalyasi-ciltli\/","title":{"rendered":"Bir Asr\u0131n Ard\u0131ndan \u0130stiklal Madalyas\u0131 (Ciltli)"},"content":{"rendered":"<p>\u0130stiklal Madalyas\u0131\u2019n\u0131n hik\u00e2yesi, Atat\u00fcrk\u2019\u00fcn telkini ve Mustafa Necati Bey\u2019in teklifi ile 2 A\u011fustos 1921\u2019de Kurtulu\u015f Sava\u015f\u0131\u2019n\u0131n en tehlikeli ve sanc\u0131l\u0131 d\u00f6neminde ba\u015flad\u0131. Kahramanl\u0131k ve ba\u015far\u0131 madalyas\u0131 olarak tasarland\u0131, ama zaman i\u00e7inde sava\u015f hizmet madalyas\u0131na d\u00f6n\u00fc\u015ft\u00fc. Kurtulu\u015f Sava\u015f\u0131\u2019n\u0131n simgesiyken sava\u015f bitince T\u00fcrkiye Cumhuriyeti\u2019ni temsil etmeye ba\u015flad\u0131. Bir as\u0131rl\u0131k \u00f6mr\u00fc i\u00e7inde her d\u00f6nem farkl\u0131 anlamlara b\u00fcr\u00fcnd\u00fc, karakter ve tabiat\u0131n\u0131 de\u011fi\u015ftirdi. Fakat bir \u015fekilde \u00f6nemini korudu ve g\u00fcndemde kalmay\u0131 ba\u015fard\u0131. Nesilden nesile aktar\u0131lan gurur ve prestij kayna\u011f\u0131 \u0130stiklal Madalyas\u0131\u2019n\u0131n \u015fimdiye kadar yaz\u0131ya d\u00f6k\u00fclmemi\u015f son bir as\u0131rl\u0131k renkli ve karma\u015f\u0131k hik\u00e2yesi bu kitapta belge ve foto\u011fraflarla anlat\u0131lmaktad\u0131r. <\/p>\n","protected":false},"excerpt":{"rendered":"<p>\u0130stiklal Madalyas\u0131\u2019n\u0131n hik\u00e2yesi, Atat\u00fcrk\u2019\u00fcn telkini ve Mustafa Necati Bey\u2019in teklifi ile 2 A\u011fustos 1921\u2019de Kurtulu\u015f Sava\u015f\u0131\u2019n\u0131n en tehlikeli ve sanc\u0131l\u0131 d\u00f6neminde ba\u015flad\u0131. Kahramanl\u0131k ve ba\u015far\u0131 madalyas\u0131<span class=\"excerpt-hellip\"> [\u2026]<\/span><\/p>\n","protected":false},"featured_media":0,"template":"","meta":{"_monsterinsights_skip_tracking":false,"_monsterinsights_sitenote_active":false,"_monsterinsights_sitenote_note":"","_monsterinsights_sitenote_category":0},"product_brand":[],"product_cat":[12370,12304],"product_tag":[],"class_list":{"0":"post-743589","1":"product","2":"type-product","3":"status-publish","5":"product_cat-arastirma-inceleme","6":"product_cat-tarih","7":"pa_cilt-ciltli","8":"pa_tur-kitap","9":"pa_yayinevi-is-bankasi-kultur-yayinlari","10":"pa_yazar-mesut-uyar","12":"first","13":"instock","14":"sale","15":"shipping-taxable","16":"purchasable","17":"product-type-simple"},"_links":{"self":[{"href":"https:\/\/roveyayinevi.com.tr\/index.php\/wp-json\/wp\/v2\/product\/743589","targetHints":{"allow":["GET"]}}],"collection":[{"href":"https:\/\/roveyayinevi.com.tr\/index.php\/wp-json\/wp\/v2\/product"}],"about":[{"href":"https:\/\/roveyayinevi.com.tr\/index.php\/wp-json\/wp\/v2\/types\/product"}],"wp:attachment":[{"href":"https:\/\/roveyayinevi.com.tr\/index.php\/wp-json\/wp\/v2\/media?parent=743589"}],"wp:term":[{"taxonomy":"product_brand","embeddable":true,"href":"https:\/\/roveyayinevi.com.tr\/index.php\/wp-json\/wp\/v2\/product_brand?post=743589"},{"taxonomy":"product_cat","embeddable":true,"href":"https:\/\/roveyayinevi.com.tr\/index.php\/wp-json\/wp\/v2\/product_cat?post=743589"},{"taxonomy":"product_tag","embeddable":true,"href":"https:\/\/roveyayinevi.com.tr\/index.php\/wp-json\/wp\/v2\/product_tag?post=743589"}],"curies":[{"name":"wp","href":"https:\/\/api.w.org\/{rel}","templated":true}]}}