{"id":743585,"date":"2025-08-28T01:37:57","date_gmt":"2025-08-27T22:37:57","guid":{"rendered":"https:\/\/roveyayinevi.com.tr\/index.php\/urun\/kedi-gezegeni\/"},"modified":"2026-04-16T02:54:50","modified_gmt":"2026-04-15T23:54:50","slug":"kedi-gezegeni","status":"publish","type":"product","link":"https:\/\/roveyayinevi.com.tr\/index.php\/urun\/kedi-gezegeni\/","title":{"rendered":"Kedi Gezegeni"},"content":{"rendered":"<p>Kedi Gezegeni \u00c7in edebiyat\u0131n\u0131n en \u00f6nemli ve en \u00fcnl\u00fc kar\u015f\u0131-\u00fctopyac\u0131 eseridir. Eser ilk kez Xiandai dergisinde A\u011fustos 1932 ile Nisan 1933 aras\u0131nda tefrika edilmi\u015ftir. Lao She karamsar, karanl\u0131k, keskin mizah\u0131yla uzay gemisi Mars\u2019a d\u00fc\u015fen kahraman\u0131n\u0131n, Kedi \u0130nsanlar ve h\u0131zla u\u00e7uruma ilerleyen k\u00fclt\u00fcrleriyle kar\u015f\u0131la\u015fmas\u0131n\u0131 anlat\u0131r. Kedi \u00dclkesindeki siyasi \u00e7alkant\u0131lar\u0131, yozla\u015fm\u0131\u015f kurumlar\u0131, her \u015feye kay\u0131ts\u0131z, umudunu yitirmi\u015f, \u00e7\u00fcr\u00fcmekte olan \u201cb\u00fcy\u00fcl\u00fc yaprak\u201d ba\u011f\u0131ml\u0131s\u0131 toplumu yer yer ac\u0131 verecek \u00f6l\u00e7\u00fcde ger\u00e7ek bir mizahla resmeder. Kedi Gezegeni bu karamsar, kasvetli havas\u0131 y\u00fcz\u00fcnden \u00fclkesinde ele\u015ftiriler alsa da bir\u00e7ok yabanc\u0131 dile \u00e7evrilmi\u015f, \u00c7in d\u0131\u015f\u0131nda da b\u00fcy\u00fck ilgi g\u00f6rm\u00fc\u015ft\u00fcr. Yazar\u0131n \u00fclkesinde ya\u015fanan d\u00f6nemin ba\u015far\u0131s\u0131zl\u0131klar\u0131na bir tepki oldu\u011funu s\u00f6yledi\u011fi, \u201cbir t\u00fcr deney\u201d olarak tan\u0131mlad\u0131\u011f\u0131 Kedi Gezegeni, Lao She\u2019n\u0131n d\u00fcnya edebiyat\u0131n\u0131n en \u00f6nemli kar\u015f\u0131 \u00fctopyac\u0131lar\u0131ndan biri olarak an\u0131lmas\u0131n\u0131 sa\u011flam\u0131\u015ft\u0131r. Kedi Gezegeni \u00f6zg\u00fcn dili \u00c7inceden yap\u0131lan \u00e7evirisiyle T\u00fcrk\u00e7ede ilk kez yay\u0131mlan\u0131yor. <\/p>\n","protected":false},"excerpt":{"rendered":"<p>Kedi Gezegeni \u00c7in edebiyat\u0131n\u0131n en \u00f6nemli ve en \u00fcnl\u00fc kar\u015f\u0131-\u00fctopyac\u0131 eseridir. Eser ilk kez Xiandai dergisinde A\u011fustos 1932 ile Nisan 1933 aras\u0131nda tefrika edilmi\u015ftir. Lao She<span class=\"excerpt-hellip\"> [\u2026]<\/span><\/p>\n","protected":false},"featured_media":0,"template":"","meta":{"_monsterinsights_skip_tracking":false,"_monsterinsights_sitenote_active":false,"_monsterinsights_sitenote_note":"","_monsterinsights_sitenote_category":0},"product_brand":[],"product_cat":[12291,12711],"product_tag":[],"class_list":{"0":"post-743585","1":"product","2":"type-product","3":"status-publish","5":"product_cat-edebiyat","6":"product_cat-roman-oyku","7":"pa_cilt-ciltsiz","8":"pa_tur-kitap","9":"pa_yayinevi-is-bankasi-kultur-yayinlari","10":"pa_yazar-lao-she","12":"first","13":"instock","14":"sale","15":"shipping-taxable","16":"purchasable","17":"product-type-simple"},"_links":{"self":[{"href":"https:\/\/roveyayinevi.com.tr\/index.php\/wp-json\/wp\/v2\/product\/743585","targetHints":{"allow":["GET"]}}],"collection":[{"href":"https:\/\/roveyayinevi.com.tr\/index.php\/wp-json\/wp\/v2\/product"}],"about":[{"href":"https:\/\/roveyayinevi.com.tr\/index.php\/wp-json\/wp\/v2\/types\/product"}],"wp:attachment":[{"href":"https:\/\/roveyayinevi.com.tr\/index.php\/wp-json\/wp\/v2\/media?parent=743585"}],"wp:term":[{"taxonomy":"product_brand","embeddable":true,"href":"https:\/\/roveyayinevi.com.tr\/index.php\/wp-json\/wp\/v2\/product_brand?post=743585"},{"taxonomy":"product_cat","embeddable":true,"href":"https:\/\/roveyayinevi.com.tr\/index.php\/wp-json\/wp\/v2\/product_cat?post=743585"},{"taxonomy":"product_tag","embeddable":true,"href":"https:\/\/roveyayinevi.com.tr\/index.php\/wp-json\/wp\/v2\/product_tag?post=743585"}],"curies":[{"name":"wp","href":"https:\/\/api.w.org\/{rel}","templated":true}]}}