{"id":743580,"date":"2025-08-28T01:37:49","date_gmt":"2025-08-27T22:37:49","guid":{"rendered":"https:\/\/roveyayinevi.com.tr\/index.php\/urun\/guzel-gunler-gelecek-oni\/"},"modified":"2026-04-16T02:54:50","modified_gmt":"2026-04-15T23:54:50","slug":"guzel-gunler-gelecek-oni","status":"publish","type":"product","link":"https:\/\/roveyayinevi.com.tr\/index.php\/urun\/guzel-gunler-gelecek-oni\/","title":{"rendered":"G\u00fczel G\u00fcnler Gelecek Oni"},"content":{"rendered":"<p>Karanl\u0131k bir sand\u0131kta ya\u015fayan k\u00fc\u00e7\u00fck bir tohum tanesiydi Oni sadece. Ama dedelerinden babas\u0131na, babas\u0131ndan ona kalan bir hik\u00e2yesi vard\u0131. Ada\u2019n\u0131n yard\u0131m\u0131yla kavu\u015ftu topra\u011fa. D\u00fcnyas\u0131 ayd\u0131nland\u0131, geli\u015fti, d\u00f6n\u00fc\u015ft\u00fc. \u0130nand\u0131 g\u00fczel g\u00fcnlerin gelece\u011fine. Bu hik\u00e2yeyi okuyarak umudu b\u00fcy\u00fctme s\u0131ras\u0131, \u015fimdi sende!   \u00c7ocuk Geli\u015fim Uzm. Nihal TURAN YURDABAK\u2019\u0131n kaleminden s\u0131cac\u0131k ve g\u00f6z al\u0131c\u0131 parlakl\u0131kta bir d\u00f6n\u00fc\u015f\u00fcm hik\u00e2yesi\u2026 \u00c7ocuklar\u0131 g\u00fczel g\u00fcnlere inanmaya ve d\u00f6n\u00fc\u015f\u00fcm\u00fcn mucizesini fark etmeye davet ediyor. <\/p>\n","protected":false},"excerpt":{"rendered":"<p>Karanl\u0131k bir sand\u0131kta ya\u015fayan k\u00fc\u00e7\u00fck bir tohum tanesiydi Oni sadece. Ama dedelerinden babas\u0131na, babas\u0131ndan ona kalan bir hik\u00e2yesi vard\u0131. Ada\u2019n\u0131n yard\u0131m\u0131yla kavu\u015ftu topra\u011fa. D\u00fcnyas\u0131 ayd\u0131nland\u0131, geli\u015fti,<span class=\"excerpt-hellip\"> [\u2026]<\/span><\/p>\n","protected":false},"featured_media":0,"template":"","meta":{"_monsterinsights_skip_tracking":false,"_monsterinsights_sitenote_active":false,"_monsterinsights_sitenote_note":"","_monsterinsights_sitenote_category":0},"product_brand":[],"product_cat":[12274,12284],"product_tag":[],"class_list":{"0":"post-743580","1":"product","2":"type-product","3":"status-publish","5":"product_cat-cocuk-ve-genclik-kitaplari","6":"product_cat-hikayeler","7":"pa_cilt-ciltsiz","8":"pa_tur-kitap","9":"pa_yayinevi-luna-cocuk-yayinlari","10":"pa_yazar-nihal-turan-yurdabak","12":"first","13":"instock","14":"sale","15":"shipping-taxable","16":"purchasable","17":"product-type-simple"},"_links":{"self":[{"href":"https:\/\/roveyayinevi.com.tr\/index.php\/wp-json\/wp\/v2\/product\/743580","targetHints":{"allow":["GET"]}}],"collection":[{"href":"https:\/\/roveyayinevi.com.tr\/index.php\/wp-json\/wp\/v2\/product"}],"about":[{"href":"https:\/\/roveyayinevi.com.tr\/index.php\/wp-json\/wp\/v2\/types\/product"}],"wp:attachment":[{"href":"https:\/\/roveyayinevi.com.tr\/index.php\/wp-json\/wp\/v2\/media?parent=743580"}],"wp:term":[{"taxonomy":"product_brand","embeddable":true,"href":"https:\/\/roveyayinevi.com.tr\/index.php\/wp-json\/wp\/v2\/product_brand?post=743580"},{"taxonomy":"product_cat","embeddable":true,"href":"https:\/\/roveyayinevi.com.tr\/index.php\/wp-json\/wp\/v2\/product_cat?post=743580"},{"taxonomy":"product_tag","embeddable":true,"href":"https:\/\/roveyayinevi.com.tr\/index.php\/wp-json\/wp\/v2\/product_tag?post=743580"}],"curies":[{"name":"wp","href":"https:\/\/api.w.org\/{rel}","templated":true}]}}