{"id":743577,"date":"2025-08-28T01:37:46","date_gmt":"2025-08-27T22:37:46","guid":{"rendered":"https:\/\/roveyayinevi.com.tr\/index.php\/urun\/efil-ekonomi-arastirmalari-dergisicilt-5-sayi-3\/"},"modified":"2026-04-16T02:54:49","modified_gmt":"2026-04-15T23:54:49","slug":"efil-ekonomi-arastirmalari-dergisicilt-5-sayi-3","status":"publish","type":"product","link":"https:\/\/roveyayinevi.com.tr\/index.php\/urun\/efil-ekonomi-arastirmalari-dergisicilt-5-sayi-3\/","title":{"rendered":"Efil Ekonomi Ara\u015ft\u0131rmalar\u0131 Dergisi;Cilt: 5 Say\u0131: 3"},"content":{"rendered":"<p>Precariat: A New Class or a Dangerous Notion for the Class Struggle? \u2013 Hakan M\u0131hc\u0131 Income Traps for Different Income Groups: An Empirical Investigation \u2013 Re\u015fat Can Akkay, Yasin Bar\u0131\u015f Altayl\u0131gil Avusturya \u0130ktisat Okulu ve Eugen Schmalenbach\u2019\u0131n G\u00f6r\u00fc\u015fleri Temelinde Dinamik Bilan\u00e7o Teorisi \u2013 Sabri Burak Arzova, Berta\u00e7 \u015eakir \u015eahin T\u00fcrkiye Ekonomisi \u0130\u00e7in G7 ve BRICS \u00dclkeleriyle Yak\u0131nsama Analizi \u2013 Atilla Ayd\u0131n <\/p>\n","protected":false},"excerpt":{"rendered":"<p>Precariat: A New Class or a Dangerous Notion for the Class Struggle? \u2013 Hakan M\u0131hc\u0131 Income Traps for Different Income Groups: An Empirical Investigation \u2013 Re\u015fat<span class=\"excerpt-hellip\"> [\u2026]<\/span><\/p>\n","protected":false},"featured_media":0,"template":"","meta":{"_monsterinsights_skip_tracking":false,"_monsterinsights_sitenote_active":false,"_monsterinsights_sitenote_note":"","_monsterinsights_sitenote_category":0},"product_brand":[],"product_cat":[13527],"product_tag":[],"class_list":{"0":"post-743577","1":"product","2":"type-product","3":"status-publish","5":"product_cat-sureli-yayinlar","6":"pa_cilt-ciltsiz","7":"pa_tur-dergi","8":"pa_yayinevi-efil-yayinevi","9":"pa_yazar-kolektif","11":"first","12":"instock","13":"sale","14":"shipping-taxable","15":"purchasable","16":"product-type-simple"},"_links":{"self":[{"href":"https:\/\/roveyayinevi.com.tr\/index.php\/wp-json\/wp\/v2\/product\/743577","targetHints":{"allow":["GET"]}}],"collection":[{"href":"https:\/\/roveyayinevi.com.tr\/index.php\/wp-json\/wp\/v2\/product"}],"about":[{"href":"https:\/\/roveyayinevi.com.tr\/index.php\/wp-json\/wp\/v2\/types\/product"}],"wp:attachment":[{"href":"https:\/\/roveyayinevi.com.tr\/index.php\/wp-json\/wp\/v2\/media?parent=743577"}],"wp:term":[{"taxonomy":"product_brand","embeddable":true,"href":"https:\/\/roveyayinevi.com.tr\/index.php\/wp-json\/wp\/v2\/product_brand?post=743577"},{"taxonomy":"product_cat","embeddable":true,"href":"https:\/\/roveyayinevi.com.tr\/index.php\/wp-json\/wp\/v2\/product_cat?post=743577"},{"taxonomy":"product_tag","embeddable":true,"href":"https:\/\/roveyayinevi.com.tr\/index.php\/wp-json\/wp\/v2\/product_tag?post=743577"}],"curies":[{"name":"wp","href":"https:\/\/api.w.org\/{rel}","templated":true}]}}