{"id":743574,"date":"2025-08-28T01:37:41","date_gmt":"2025-08-27T22:37:41","guid":{"rendered":"https:\/\/roveyayinevi.com.tr\/index.php\/urun\/dogayi-kusturmeyelim\/"},"modified":"2026-04-16T02:54:49","modified_gmt":"2026-04-15T23:54:49","slug":"dogayi-kusturmeyelim","status":"publish","type":"product","link":"https:\/\/roveyayinevi.com.tr\/index.php\/urun\/dogayi-kusturmeyelim\/","title":{"rendered":"Do\u011fay\u0131 K\u00fcst\u00fcrmeyelim"},"content":{"rendered":"<p>Ormanda ya\u015fayan Dev ve arkada\u015flar\u0131n\u0131n okurken hem d\u00fc\u015f\u00fcnd\u00fcren hem de g\u00fczel vakit ge\u00e7irmenizi sa\u011flayan birbirinden heyecanl\u0131 hik\u00e2yelerini dinlemeye haz\u0131r m\u0131s\u0131n\u0131z? <\/p>\n","protected":false},"excerpt":{"rendered":"<p>Ormanda ya\u015fayan Dev ve arkada\u015flar\u0131n\u0131n okurken hem d\u00fc\u015f\u00fcnd\u00fcren hem de g\u00fczel vakit ge\u00e7irmenizi sa\u011flayan birbirinden heyecanl\u0131 hik\u00e2yelerini dinlemeye haz\u0131r m\u0131s\u0131n\u0131z?<\/p>\n","protected":false},"featured_media":0,"template":"","meta":{"_monsterinsights_skip_tracking":false,"_monsterinsights_sitenote_active":false,"_monsterinsights_sitenote_note":"","_monsterinsights_sitenote_category":0},"product_brand":[],"product_cat":[12274,12523],"product_tag":[],"class_list":{"0":"post-743574","1":"product","2":"type-product","3":"status-publish","5":"product_cat-cocuk-ve-genclik-kitaplari","6":"product_cat-masallar","7":"pa_cilt-ciltsiz","8":"pa_tur-kitap","9":"pa_yayinevi-eksik-parca-yayinlari","10":"pa_yazar-hulya-behramoglu","12":"first","13":"instock","14":"sale","15":"shipping-taxable","16":"purchasable","17":"product-type-simple"},"_links":{"self":[{"href":"https:\/\/roveyayinevi.com.tr\/index.php\/wp-json\/wp\/v2\/product\/743574","targetHints":{"allow":["GET"]}}],"collection":[{"href":"https:\/\/roveyayinevi.com.tr\/index.php\/wp-json\/wp\/v2\/product"}],"about":[{"href":"https:\/\/roveyayinevi.com.tr\/index.php\/wp-json\/wp\/v2\/types\/product"}],"wp:attachment":[{"href":"https:\/\/roveyayinevi.com.tr\/index.php\/wp-json\/wp\/v2\/media?parent=743574"}],"wp:term":[{"taxonomy":"product_brand","embeddable":true,"href":"https:\/\/roveyayinevi.com.tr\/index.php\/wp-json\/wp\/v2\/product_brand?post=743574"},{"taxonomy":"product_cat","embeddable":true,"href":"https:\/\/roveyayinevi.com.tr\/index.php\/wp-json\/wp\/v2\/product_cat?post=743574"},{"taxonomy":"product_tag","embeddable":true,"href":"https:\/\/roveyayinevi.com.tr\/index.php\/wp-json\/wp\/v2\/product_tag?post=743574"}],"curies":[{"name":"wp","href":"https:\/\/api.w.org\/{rel}","templated":true}]}}