{"id":743572,"date":"2025-08-28T01:37:39","date_gmt":"2025-08-27T22:37:39","guid":{"rendered":"https:\/\/roveyayinevi.com.tr\/index.php\/urun\/gelecege-bir-sen-birak\/"},"modified":"2026-04-05T02:59:56","modified_gmt":"2026-04-04T23:59:56","slug":"gelecege-bir-sen-birak","status":"publish","type":"product","link":"https:\/\/roveyayinevi.com.tr\/index.php\/urun\/gelecege-bir-sen-birak\/","title":{"rendered":"Gelece\u011fe Bir Sen B\u0131rak"},"content":{"rendered":"<p>Aile dan\u0131\u015fman\u0131, sosyolog, motivasyon konu\u015fmac\u0131s\u0131 ve f\u00fct\u00fcrist F\u0131rat Uzer\u2019in kaleminden umuda, mutlulu\u011fa ve kendini ger\u00e7ekle\u015ftirmeye dair yal\u0131n fakat duygu y\u00fck\u00fcyle dopdolu sat\u0131rlar. \u201cO zaman t\u00fcm bedenimizi ve ruhumuzu bu d\u00f6n\u00fc\u015f\u00fcm i\u00e7in kodlamaya haz\u0131rl\u0131yor ve sihirli olan s\u00f6z\u00fc hayk\u0131rmaya ba\u015fl\u0131yoruz: \u2018D\u00f6n\u00fc\u015f\u00fcm s\u0131ras\u0131 bende!\u2019 \u015eunu unutmamakta fayda var: Neye d\u00f6n\u00fc\u015fece\u011fimiz \u00e7ok ama \u00e7ok \u00f6nemli. Anahtarlar\u0131 do\u011fru kullanarak yolumuzu belirlemeli ve sonuca ula\u015fabilmeliyiz. \u0130\u00e7indeki inan\u00e7la birlikte\u2026 Bu kitab\u0131 okumay\u0131 tamamlad\u0131\u011f\u0131nda\u2026 Beyninde dalgalanmay\u0131 hissediyorum. G\u00f6zlerini kapat, derin nefesini al ve i\u00e7inde tut. Be\u015f saniye sonra o nefesi bedeninden \u00e7\u0131kartarak de\u011fi\u015fime haz\u0131r oldu\u011funu hisset. \u00c7\u00fcnk\u00fc d\u00f6n\u00fc\u015f\u00fcm s\u0131ras\u0131 sende\u2026\u201d<\/p>\n","protected":false},"excerpt":{"rendered":"<p>Aile dan\u0131\u015fman\u0131, sosyolog, motivasyon konu\u015fmac\u0131s\u0131 ve f\u00fct\u00fcrist F\u0131rat Uzer\u2019in kaleminden umuda, mutlulu\u011fa ve kendini ger\u00e7ekle\u015ftirmeye dair yal\u0131n fakat duygu y\u00fck\u00fcyle dopdolu sat\u0131rlar. \u201cO zaman t\u00fcm bedenimizi<span class=\"excerpt-hellip\"> [\u2026]<\/span><\/p>\n","protected":false},"featured_media":0,"template":"","meta":{"_monsterinsights_skip_tracking":false,"_monsterinsights_sitenote_active":false,"_monsterinsights_sitenote_note":"","_monsterinsights_sitenote_category":0},"product_brand":[],"product_cat":[12364,12376],"product_tag":[],"class_list":{"0":"post-743572","1":"product","2":"type-product","3":"status-publish","5":"product_cat-genel-konular","6":"product_cat-kisisel-gelisim","7":"pa_cilt-ciltsiz","8":"pa_tur-kitap","9":"pa_yayinevi-inkilap-kitabevi","10":"pa_yazar-firat-uzer","12":"first","13":"instock","14":"sale","15":"shipping-taxable","16":"purchasable","17":"product-type-simple"},"_links":{"self":[{"href":"https:\/\/roveyayinevi.com.tr\/index.php\/wp-json\/wp\/v2\/product\/743572","targetHints":{"allow":["GET"]}}],"collection":[{"href":"https:\/\/roveyayinevi.com.tr\/index.php\/wp-json\/wp\/v2\/product"}],"about":[{"href":"https:\/\/roveyayinevi.com.tr\/index.php\/wp-json\/wp\/v2\/types\/product"}],"wp:attachment":[{"href":"https:\/\/roveyayinevi.com.tr\/index.php\/wp-json\/wp\/v2\/media?parent=743572"}],"wp:term":[{"taxonomy":"product_brand","embeddable":true,"href":"https:\/\/roveyayinevi.com.tr\/index.php\/wp-json\/wp\/v2\/product_brand?post=743572"},{"taxonomy":"product_cat","embeddable":true,"href":"https:\/\/roveyayinevi.com.tr\/index.php\/wp-json\/wp\/v2\/product_cat?post=743572"},{"taxonomy":"product_tag","embeddable":true,"href":"https:\/\/roveyayinevi.com.tr\/index.php\/wp-json\/wp\/v2\/product_tag?post=743572"}],"curies":[{"name":"wp","href":"https:\/\/api.w.org\/{rel}","templated":true}]}}