{"id":743570,"date":"2025-08-28T01:37:36","date_gmt":"2025-08-27T22:37:36","guid":{"rendered":"https:\/\/roveyayinevi.com.tr\/index.php\/urun\/filin-dususu\/"},"modified":"2026-04-16T02:54:49","modified_gmt":"2026-04-15T23:54:49","slug":"filin-dususu","status":"publish","type":"product","link":"https:\/\/roveyayinevi.com.tr\/index.php\/urun\/filin-dususu\/","title":{"rendered":"Filin D\u00fc\u015f\u00fc\u015f\u00fc"},"content":{"rendered":"<p>Sesler \u00f6l\u00fcyor,\u015eekiller \u00f6l\u00fcyor,Gece \u00f6l\u00fcyor,G\u00fcnd\u00fcz \u00f6l\u00fcyor, Y\u0131\u011f\u0131nlar i\u00e7in karga\u015fa zaman\u0131. Merakl\u0131s\u0131 i\u00e7in intihar k\u0131lavuzlar\u0131 sat\u0131l\u0131yor. Eksiksiz kusurlar var i\u00e7imde. Hemen teslim mutsuzluklar, \u0130ki art\u0131 bir zindanlar&#8230; Tuhaf bir kimyaya buland\u0131k! Ar\u0131nma vakti ge\u00e7iyor. Anla\u015f\u0131lmaman\u0131n u\u011fultusu a\u011f\u0131r. \u0130blisin bar\u0131na\u011f\u0131na giri\u015f \u00fccretsiz.<\/p>\n","protected":false},"excerpt":{"rendered":"<p>Sesler \u00f6l\u00fcyor,\u015eekiller \u00f6l\u00fcyor,Gece \u00f6l\u00fcyor,G\u00fcnd\u00fcz \u00f6l\u00fcyor, Y\u0131\u011f\u0131nlar i\u00e7in karga\u015fa zaman\u0131. Merakl\u0131s\u0131 i\u00e7in intihar k\u0131lavuzlar\u0131 sat\u0131l\u0131yor. Eksiksiz kusurlar var i\u00e7imde. Hemen teslim mutsuzluklar, \u0130ki art\u0131 bir zindanlar&#8230; Tuhaf<span class=\"excerpt-hellip\"> [\u2026]<\/span><\/p>\n","protected":false},"featured_media":0,"template":"","meta":{"_monsterinsights_skip_tracking":false,"_monsterinsights_sitenote_active":false,"_monsterinsights_sitenote_note":"","_monsterinsights_sitenote_category":0},"product_brand":[],"product_cat":[12291,12509],"product_tag":[],"class_list":{"0":"post-743570","1":"product","2":"type-product","3":"status-publish","5":"product_cat-edebiyat","6":"product_cat-siir","7":"pa_cilt-ciltsiz","8":"pa_tur-kitap","9":"pa_yayinevi-inkilap-kitabevi","10":"pa_yazar-ali-deniz-uslu","12":"first","13":"instock","14":"sale","15":"shipping-taxable","16":"purchasable","17":"product-type-simple"},"_links":{"self":[{"href":"https:\/\/roveyayinevi.com.tr\/index.php\/wp-json\/wp\/v2\/product\/743570","targetHints":{"allow":["GET"]}}],"collection":[{"href":"https:\/\/roveyayinevi.com.tr\/index.php\/wp-json\/wp\/v2\/product"}],"about":[{"href":"https:\/\/roveyayinevi.com.tr\/index.php\/wp-json\/wp\/v2\/types\/product"}],"wp:attachment":[{"href":"https:\/\/roveyayinevi.com.tr\/index.php\/wp-json\/wp\/v2\/media?parent=743570"}],"wp:term":[{"taxonomy":"product_brand","embeddable":true,"href":"https:\/\/roveyayinevi.com.tr\/index.php\/wp-json\/wp\/v2\/product_brand?post=743570"},{"taxonomy":"product_cat","embeddable":true,"href":"https:\/\/roveyayinevi.com.tr\/index.php\/wp-json\/wp\/v2\/product_cat?post=743570"},{"taxonomy":"product_tag","embeddable":true,"href":"https:\/\/roveyayinevi.com.tr\/index.php\/wp-json\/wp\/v2\/product_tag?post=743570"}],"curies":[{"name":"wp","href":"https:\/\/api.w.org\/{rel}","templated":true}]}}