{"id":743568,"date":"2025-08-28T01:37:33","date_gmt":"2025-08-27T22:37:33","guid":{"rendered":"https:\/\/roveyayinevi.com.tr\/index.php\/urun\/beklenmedik-bir-isik\/"},"modified":"2026-04-16T02:54:49","modified_gmt":"2026-04-15T23:54:49","slug":"beklenmedik-bir-isik","status":"publish","type":"product","link":"https:\/\/roveyayinevi.com.tr\/index.php\/urun\/beklenmedik-bir-isik\/","title":{"rendered":"Beklenmedik Bir I\u015f\u0131k"},"content":{"rendered":"<p>Vakti zaman\u0131nda iki muhte\u015fem g\u00fcn boyunca \u00e7oban \u00e7\u0131rakl\u0131\u011f\u0131 yapm\u0131\u015ft\u0131m. O iki g\u00fcn\u00fcn aras\u0131ndaki gece de \u00f6yle muhte\u015femdi ki g\u00fcnd\u00fczden a\u015fa\u011f\u0131 kalmazd\u0131. Ta\u015frada do\u011fan ve suskun \u00e7\u0131\u011fl\u0131\u011f\u0131nda bir hale ta\u015f\u0131yan, mucize eseri bozulmadan kalabilmi\u015f seslerle, \u0131\u015f\u0131klarla, kokularla bezeli bir ta\u00e7 ta\u015f\u0131yan bu \u0131srarc\u0131 \u00e7a\u011fr\u0131n\u0131n erken ya\u015fta s\u00f6k\u00fcp al\u0131nd\u0131\u011f\u0131 bu ki\u015fiyi affedin. Yitik cennet efsanesi \u00e7ocuklu\u011fu temsil eder, yoktur \u00f6tesi. Gerisi hep ke\u015ffedilmeyi bekleyen ger\u00e7ekliklerdir, hayalleri g\u00fcn\u00fcm\u00fczde kurulur, eri\u015filmez gelecekte saklan\u0131rlar. Onlar olmasa bug\u00fcn ne yapard\u0131k bilmiyorum. Hi\u00e7 bilmiyorum. Nobel \u00d6d\u00fcll\u00fc yazar Jos\u00e9 Saramago\u2019nun Beklenmedik Bir I\u015f\u0131k adl\u0131 \u00f6yk\u00fcs\u00fc, resimli \u00f6zel edisyonu ve Emrah \u0130mre\u2019nin \u00e7evirisiyle ilk kez T\u00fcrk\u00e7ede. <\/p>\n","protected":false},"excerpt":{"rendered":"<p>Vakti zaman\u0131nda iki muhte\u015fem g\u00fcn boyunca \u00e7oban \u00e7\u0131rakl\u0131\u011f\u0131 yapm\u0131\u015ft\u0131m. O iki g\u00fcn\u00fcn aras\u0131ndaki gece de \u00f6yle muhte\u015femdi ki g\u00fcnd\u00fczden a\u015fa\u011f\u0131 kalmazd\u0131. Ta\u015frada do\u011fan ve suskun \u00e7\u0131\u011fl\u0131\u011f\u0131nda<span class=\"excerpt-hellip\"> [\u2026]<\/span><\/p>\n","protected":false},"featured_media":0,"template":"","meta":{"_monsterinsights_skip_tracking":false,"_monsterinsights_sitenote_active":false,"_monsterinsights_sitenote_note":"","_monsterinsights_sitenote_category":0},"product_brand":[],"product_cat":[12274,12284],"product_tag":[],"class_list":{"0":"post-743568","1":"product","2":"type-product","3":"status-publish","5":"product_cat-cocuk-ve-genclik-kitaplari","6":"product_cat-hikayeler","7":"pa_cilt-ciltsiz","8":"pa_tur-kitap","9":"pa_yayinevi-kirmizi-kedi-yayinevi","10":"pa_yazar-jose-saramago","12":"first","13":"instock","14":"sale","15":"shipping-taxable","16":"purchasable","17":"product-type-simple"},"_links":{"self":[{"href":"https:\/\/roveyayinevi.com.tr\/index.php\/wp-json\/wp\/v2\/product\/743568","targetHints":{"allow":["GET"]}}],"collection":[{"href":"https:\/\/roveyayinevi.com.tr\/index.php\/wp-json\/wp\/v2\/product"}],"about":[{"href":"https:\/\/roveyayinevi.com.tr\/index.php\/wp-json\/wp\/v2\/types\/product"}],"wp:attachment":[{"href":"https:\/\/roveyayinevi.com.tr\/index.php\/wp-json\/wp\/v2\/media?parent=743568"}],"wp:term":[{"taxonomy":"product_brand","embeddable":true,"href":"https:\/\/roveyayinevi.com.tr\/index.php\/wp-json\/wp\/v2\/product_brand?post=743568"},{"taxonomy":"product_cat","embeddable":true,"href":"https:\/\/roveyayinevi.com.tr\/index.php\/wp-json\/wp\/v2\/product_cat?post=743568"},{"taxonomy":"product_tag","embeddable":true,"href":"https:\/\/roveyayinevi.com.tr\/index.php\/wp-json\/wp\/v2\/product_tag?post=743568"}],"curies":[{"name":"wp","href":"https:\/\/api.w.org\/{rel}","templated":true}]}}