{"id":743566,"date":"2025-08-28T01:37:30","date_gmt":"2025-08-27T22:37:30","guid":{"rendered":"https:\/\/roveyayinevi.com.tr\/index.php\/urun\/yapay-zeka-ve-robotik-ciltli\/"},"modified":"2026-04-16T02:54:49","modified_gmt":"2026-04-15T23:54:49","slug":"yapay-zeka-ve-robotik-ciltli","status":"publish","type":"product","link":"https:\/\/roveyayinevi.com.tr\/index.php\/urun\/yapay-zeka-ve-robotik-ciltli\/","title":{"rendered":"Yapay Zeka ve Robotik (Ciltli)"},"content":{"rendered":"<p>\u201cYapay zek\u00e2 yaratmadaki ba\u015far\u0131, insanl\u0131k tarihindeki en b\u00fcy\u00fck olay olacak.Risklerden nas\u0131l ka\u00e7\u0131naca\u011f\u0131m\u0131z\u0131 \u00f6\u011frenmezsek sonuncusu da olabilir.\u201d\u2014Stephen Hawking   YAKIN GELECE\u011e\u0130N TAM MERKEZ\u0130NE \u0130N\u0130\u015eL\u0130 \u00c7IKI\u015eLI B\u0130R YOLCULUK   Bug\u00fcn ger\u00e7eklik kazanm\u0131\u015f bir bilimkurgu hik\u00e2yesinde ya\u015f\u0131yoruz. Bilgisayarlar d\u00fcnyaya h\u00fckmediyor. Yapt\u0131\u011f\u0131m\u0131z her \u015feyden veriler bir sel gibi ak\u0131yor. Robotlar fabrikalarda gelece\u011fin \u00fcr\u00fcnlerini imal ediyor. Bilgisayarlar\u0131n \u00e7e\u015fitli bi\u00e7imlerde evimize girmesiyle dijital asistanlar\u0131m\u0131zla konu\u015farak onlardan detayl\u0131 ve tutarl\u0131 cevaplar alabiliyoruz. Fark\u0131nda olsak da olmasak da yapay zek\u00e2 perdenin arkas\u0131ndan her i\u015fi y\u00fcr\u00fct\u00fcrken her g\u00fcn pek \u00e7ok kere onunla etkile\u015fime ge\u00e7iyoruz. Peki, hen\u00fcz tam anlam\u0131yla idrak edemedi\u011fimiz bu yeni d\u00fcnyada bizi neler bekliyor? \u00d6nde gelen uzman Peter J. Bentley, bilgisayarlar\u0131n h\u0131zl\u0131 d\u00fcnyas\u0131nda \u00e7\u0131\u011f\u0131r a\u00e7an teknolojik geli\u015fmeleri ve bunlar\u0131n t\u00fcr\u00fcm\u00fcz \u00fczerindeki dikkate de\u011fer etkilerini anlamalar\u0131 i\u00e7in okurlar\u0131na ihtiya\u00e7 duyduklar\u0131 temel bilgileri sunuyor. Einstein Kitapl\u0131\u011f\u0131 serisinden Yapay Zek\u00e2 ve Robotik, s\u00f6z konusu ileri teknolojinin do\u011fu\u015funun arkas\u0131ndaki motivasyondan iyi robotlar yapmam\u0131z\u0131 sa\u011flayan ak\u0131ll\u0131 algoritmalar\u0131n kullan\u0131lmas\u0131na, bilgisayarlar\u0131n dil ve ileti\u015fim de d\u00e2hil olmak \u00fczere \u00e7e\u015fitli duyusal bilgileri anlamas\u0131n\u0131 sa\u011flayan teknolojilerden duygusal zek\u00e2, \u00f6ng\u00f6r\u00fclemeyen durumlarda karar verme yetisi ve yapay zek\u00e2da hayal g\u00fcc\u00fcn\u00fcn zorluklar\u0131na kadar pek \u00e7ok hususta her merakl\u0131 zihin i\u00e7in uzman liderli\u011finde bir k\u0131lavuz\u2026 \u0130ster yak\u0131n gelece\u011fin bilinmezlerle dolu d\u00fcnyas\u0131nda ke\u015ffe \u00e7\u0131kan bir bilim insan\u0131 ister bu alana ilgi duyan bir okur olun; Yapay Zek\u00e2 ve Robotik, size \u015fimdiye kadarki en ola\u011fan\u00fcst\u00fc yapay zek\u00e2 icatlar\u0131ndan baz\u0131lar\u0131n\u0131 g\u00f6sterecek ve bunlar\u0131n gelece\u011fimiz i\u00e7in ne ifade etti\u011fini a\u00e7\u0131klayacak. Yapay zek\u00e2 ile roboti\u011fin d\u00fcnyas\u0131na ho\u015f geldiniz! <\/p>\n","protected":false},"excerpt":{"rendered":"<p>\u201cYapay zek\u00e2 yaratmadaki ba\u015far\u0131, insanl\u0131k tarihindeki en b\u00fcy\u00fck olay olacak.Risklerden nas\u0131l ka\u00e7\u0131naca\u011f\u0131m\u0131z\u0131 \u00f6\u011frenmezsek sonuncusu da olabilir.\u201d\u2014Stephen Hawking YAKIN GELECE\u011e\u0130N TAM MERKEZ\u0130NE \u0130N\u0130\u015eL\u0130 \u00c7IKI\u015eLI B\u0130R YOLCULUK Bug\u00fcn<span class=\"excerpt-hellip\"> [\u2026]<\/span><\/p>\n","protected":false},"featured_media":0,"template":"","meta":{"_monsterinsights_skip_tracking":false,"_monsterinsights_sitenote_active":false,"_monsterinsights_sitenote_note":"","_monsterinsights_sitenote_category":0},"product_brand":[],"product_cat":[13005,13006],"product_tag":[],"class_list":{"0":"post-743566","1":"product","2":"type-product","3":"status-publish","5":"product_cat-bilim-muhendislik","6":"product_cat-populer-bilim","7":"pa_cilt-ciltli","8":"pa_tur-kitap","9":"pa_yayinevi-kronik-kitap","10":"pa_yazar-peter-j-bentley","12":"first","13":"instock","14":"sale","15":"shipping-taxable","16":"purchasable","17":"product-type-simple"},"_links":{"self":[{"href":"https:\/\/roveyayinevi.com.tr\/index.php\/wp-json\/wp\/v2\/product\/743566","targetHints":{"allow":["GET"]}}],"collection":[{"href":"https:\/\/roveyayinevi.com.tr\/index.php\/wp-json\/wp\/v2\/product"}],"about":[{"href":"https:\/\/roveyayinevi.com.tr\/index.php\/wp-json\/wp\/v2\/types\/product"}],"wp:attachment":[{"href":"https:\/\/roveyayinevi.com.tr\/index.php\/wp-json\/wp\/v2\/media?parent=743566"}],"wp:term":[{"taxonomy":"product_brand","embeddable":true,"href":"https:\/\/roveyayinevi.com.tr\/index.php\/wp-json\/wp\/v2\/product_brand?post=743566"},{"taxonomy":"product_cat","embeddable":true,"href":"https:\/\/roveyayinevi.com.tr\/index.php\/wp-json\/wp\/v2\/product_cat?post=743566"},{"taxonomy":"product_tag","embeddable":true,"href":"https:\/\/roveyayinevi.com.tr\/index.php\/wp-json\/wp\/v2\/product_tag?post=743566"}],"curies":[{"name":"wp","href":"https:\/\/api.w.org\/{rel}","templated":true}]}}